{"id":91897,"date":"2021-02-21T21:34:44","date_gmt":"2021-02-21T21:34:44","guid":{"rendered":"https:\/\/www.autonvaraosahaku.fi\/?product=lpr-4730-takajarrusylinteri"},"modified":"2021-02-21T21:34:47","modified_gmt":"2021-02-21T21:34:47","slug":"lpr-4730-takajarrusylinteri","status":"publish","type":"product","link":"https:\/\/www.autonvaraosahaku.fi\/?product=lpr-4730-takajarrusylinteri","title":{"rendered":"LPR 4730 Takajarrusylinteri"},"content":{"rendered":"<p>Reik\u00e4-\u00d8 [mm]: 22,2; Kierremitta: 10 x 1; Materiaali: Valurauta; Kiinnityrreikien et\u00e4isyys [mm]: 28, 28; Asennuspuoli: Vorderachse links; TRABANT: P 601,P 601 Universal,P 601 Tramp,P 601 Kasten; 0830027004, 1830027006, 1830028005, 1830028006, 8300280051222; Py\u00f6r\u00e4n Jarrusylinteri,Jarrusylinteri<\/p>\n","protected":false},"excerpt":{"rendered":"<p>LPR Takajarrusylinteri 4730 Py\u00f6r\u00e4n Jarrusylinteri,Jarrusylinteri TRABANT,P 601,P 601 Universal,P 601 Tramp,P 601 Kasten<\/p>\n","protected":false},"featured_media":0,"template":"","meta":{"site-sidebar-layout":"default","site-content-layout":"default","ast-global-header-display":"","ast-main-header-display":"","ast-hfb-above-header-display":"","ast-hfb-below-header-display":"","ast-hfb-mobile-header-display":"","site-post-title":"","ast-breadcrumbs-content":"","ast-featured-img":"","footer-sml-layout":"","theme-transparent-header-meta":"","adv-header-id-meta":"","stick-header-meta":"","header-above-stick-meta":"","header-main-stick-meta":"","header-below-stick-meta":""},"pwb-brand":[238],"product_cat":[158],"product_tag":[],"class_list":{"0":"post-91897","1":"product","2":"type-product","3":"status-publish","5":"pwb-brand-lpr","6":"product_cat-takajarrusylinteri","7":"desktop-align-left","8":"tablet-align-left","9":"mobile-align-left","11":"first","12":"instock","13":"product-type-external"},"brands":[{"id":238,"name":"LPR","slug":"lpr"}],"_links":{"self":[{"href":"https:\/\/www.autonvaraosahaku.fi\/index.php?rest_route=\/wp\/v2\/product\/91897","targetHints":{"allow":["GET"]}}],"collection":[{"href":"https:\/\/www.autonvaraosahaku.fi\/index.php?rest_route=\/wp\/v2\/product"}],"about":[{"href":"https:\/\/www.autonvaraosahaku.fi\/index.php?rest_route=\/wp\/v2\/types\/product"}],"wp:attachment":[{"href":"https:\/\/www.autonvaraosahaku.fi\/index.php?rest_route=%2Fwp%2Fv2%2Fmedia&parent=91897"}],"wp:term":[{"taxonomy":"pwb-brand","embeddable":true,"href":"https:\/\/www.autonvaraosahaku.fi\/index.php?rest_route=%2Fwp%2Fv2%2Fpwb-brand&post=91897"},{"taxonomy":"product_cat","embeddable":true,"href":"https:\/\/www.autonvaraosahaku.fi\/index.php?rest_route=%2Fwp%2Fv2%2Fproduct_cat&post=91897"},{"taxonomy":"product_tag","embeddable":true,"href":"https:\/\/www.autonvaraosahaku.fi\/index.php?rest_route=%2Fwp%2Fv2%2Fproduct_tag&post=91897"}],"curies":[{"name":"wp","href":"https:\/\/api.w.org\/{rel}","templated":true}]}}