{"id":91901,"date":"2021-02-21T21:34:44","date_gmt":"2021-02-21T21:34:44","guid":{"rendered":"https:\/\/www.autonvaraosahaku.fi\/?product=nipparts-j3612020-jarrupalat"},"modified":"2021-02-21T21:34:48","modified_gmt":"2021-02-21T21:34:48","slug":"nipparts-j3612020-jarrupalat","status":"publish","type":"product","link":"https:\/\/www.autonvaraosahaku.fi\/?product=nipparts-j3612020-jarrupalat","title":{"rendered":"NIPPARTS J3612020 Jarrupalat"},"content":{"rendered":"<p>Paksuus [mm]: 13,4; Pituus (mm): 78,6; Leveys, sis\u00e4 (mm): 54; Erittely: ECE R90 APPROVED; Kulumisenilmaisimen liitos: akustisella kulumavaroittimella; Jarruj\u00e4rjestelm\u00e4: Akebono; Teknisten tietojen numero: 23656 140  0 5; WVA-numero: 23656; Pakkauspituus [cm]: 9,5; Pakkausleveys [cm]: 8,2; Pakkauskorkeus [mm]: 7,3; M\u00e4\u00e4r\u00e4yksikk\u00f6: Akselisarja; Asennuspuoli: Hinterachse; TOYOTA: RAV 4 II CLA2_, XA2_, ZCA2_, ACA2_,RAV 4 I SXA1_; DR: DR 5; CHERY: TIGGO; T113502080, T113AH3502080, T11BJ3501080, 720060008, 0446642010, 0446642020, 0446642030, 0446642040, 0446642050, 04466YZZD3; Jarrupalasarja,Jarrupala, Levyjarru<\/p>\n","protected":false},"excerpt":{"rendered":"<p>NIPPARTS Jarrupalat J3612020 Jarrupalasarja,Jarrupala, Levyjarru TOYOTA,DR,CHERY,RAV 4 II CLA2_, XA2_, ZCA2_, ACA2_,RAV 4 I SXA1_,DR 5,TIGGO<\/p>\n","protected":false},"featured_media":0,"template":"","meta":{"site-sidebar-layout":"default","site-content-layout":"default","ast-global-header-display":"","ast-main-header-display":"","ast-hfb-above-header-display":"","ast-hfb-below-header-display":"","ast-hfb-mobile-header-display":"","site-post-title":"","ast-breadcrumbs-content":"","ast-featured-img":"","footer-sml-layout":"","theme-transparent-header-meta":"","adv-header-id-meta":"","stick-header-meta":"","header-above-stick-meta":"","header-main-stick-meta":"","header-below-stick-meta":""},"pwb-brand":[335],"product_cat":[100],"product_tag":[],"class_list":{"0":"post-91901","1":"product","2":"type-product","3":"status-publish","5":"pwb-brand-nipparts","6":"product_cat-jarrupalat","7":"desktop-align-left","8":"tablet-align-left","9":"mobile-align-left","11":"first","12":"instock","13":"product-type-external"},"brands":[{"id":335,"name":"NIPPARTS","slug":"nipparts"}],"_links":{"self":[{"href":"https:\/\/www.autonvaraosahaku.fi\/index.php?rest_route=\/wp\/v2\/product\/91901","targetHints":{"allow":["GET"]}}],"collection":[{"href":"https:\/\/www.autonvaraosahaku.fi\/index.php?rest_route=\/wp\/v2\/product"}],"about":[{"href":"https:\/\/www.autonvaraosahaku.fi\/index.php?rest_route=\/wp\/v2\/types\/product"}],"wp:attachment":[{"href":"https:\/\/www.autonvaraosahaku.fi\/index.php?rest_route=%2Fwp%2Fv2%2Fmedia&parent=91901"}],"wp:term":[{"taxonomy":"pwb-brand","embeddable":true,"href":"https:\/\/www.autonvaraosahaku.fi\/index.php?rest_route=%2Fwp%2Fv2%2Fpwb-brand&post=91901"},{"taxonomy":"product_cat","embeddable":true,"href":"https:\/\/www.autonvaraosahaku.fi\/index.php?rest_route=%2Fwp%2Fv2%2Fproduct_cat&post=91901"},{"taxonomy":"product_tag","embeddable":true,"href":"https:\/\/www.autonvaraosahaku.fi\/index.php?rest_route=%2Fwp%2Fv2%2Fproduct_tag&post=91901"}],"curies":[{"name":"wp","href":"https:\/\/api.w.org\/{rel}","templated":true}]}}