{"id":91942,"date":"2021-02-21T21:35:00","date_gmt":"2021-02-21T21:35:00","guid":{"rendered":"https:\/\/www.autonvaraosahaku.fi\/?product=nipparts-j1332056-polttoainesuodatin"},"modified":"2021-02-21T21:35:05","modified_gmt":"2021-02-21T21:35:05","slug":"nipparts-j1332056-polttoainesuodatin","status":"publish","type":"product","link":"https:\/\/www.autonvaraosahaku.fi\/?product=nipparts-j1332056-polttoainesuodatin","title":{"rendered":"NIPPARTS J1332056 Polttoainesuodatin"},"content":{"rendered":"<p>Suodatintyyppi: Letkusuodatin; Korkeus (mm): 89; Ulkol\u00e4pimitta [mm]: 50; Kierre 1: Inlet M14x1.5; kierre 2: Outlet M12x1.25; Ei sovellu E10-polttoaineiden k\u00e4ytt\u00f6\u00f6n: ; ei polttoainetyypille: Ethanol-Benzin (E10); DAIHATSU: CHARADE III G100, G101, G102,CHARADE III Stufenheck G102; TOYOTA: STARLET _P8_,PASEO Coupe EL54,CARINA E _T19_,CELICA ST20_, AT20_,CARINA E Stufenheck _T19_,CELICA Coupe AT18_, ST18_,CARINA E Sportswagon _T19_,CAMRY _CV2_, _XV2_,CARINA II _T17_,CARINA II Stufenheck _T17_,COROLLA Coupe AE86,CELICA Cabriolet AT18_, ST18_,CARINA II Station Wagon _T17_,COROLLA FX Compact E8B,CELICA Cabriolet AT20_, ST20_; MITSUBISHI: COLT IV CA_A,ECLIPSE II D3_A,ECLIPSE I D2_A,LANCER V Station Wagon CB_W, CD_W,GALANT IV E3_A,LANCER V CB\/D_A,GALANT IV Stufenheck E3_A,GALANT V Stufenheck E5_A, E7_A, E8_A,GALANT V E5_A, E7_A, E8_A,COLT II C1_A,SPACE WAGON D0_V\/W; 2330087729, 2330087729000, 2330087731, 2330087733, 2330087735, 2330087742, 3191028300, 3191028300AT, DFF053011, MB504746, MB504753, MB504756, MB504761, MB658689, MB868451, MB868454, MB878451, 2330011150, 2330011160, 2330011190, 2330016290, 2330019205, 2330019235, 2330019245, 2330019255, 2330019265, 2330019375, 2330019385, 2330019415, 2330019465, 2330019475, 2330019535, 2330020020, 2330029045, 2330029055, 2330074040, 2330074050, 2330074290, 2330079175, 2330079185, 2330079235, 2330079335, 2330079545<\/p>\n","protected":false},"excerpt":{"rendered":"<p>NIPPARTS Polttoainesuodatin J1332056  DAIHATSU,TOYOTA,MITSUBISHI,CHARADE III G100, G101, G102,CHARADE III Stufenheck G102,STARLET _P8_<\/p>\n","protected":false},"featured_media":0,"template":"","meta":{"site-sidebar-layout":"default","site-content-layout":"default","ast-global-header-display":"","ast-main-header-display":"","ast-hfb-above-header-display":"","ast-hfb-below-header-display":"","ast-hfb-mobile-header-display":"","site-post-title":"","ast-breadcrumbs-content":"","ast-featured-img":"","footer-sml-layout":"","theme-transparent-header-meta":"","adv-header-id-meta":"","stick-header-meta":"","header-above-stick-meta":"","header-main-stick-meta":"","header-below-stick-meta":""},"pwb-brand":[335],"product_cat":[29],"product_tag":[],"class_list":{"0":"post-91942","1":"product","2":"type-product","3":"status-publish","5":"pwb-brand-nipparts","6":"product_cat-polttoainesuodatin","7":"desktop-align-left","8":"tablet-align-left","9":"mobile-align-left","11":"first","12":"instock","13":"product-type-external"},"brands":[{"id":335,"name":"NIPPARTS","slug":"nipparts"}],"_links":{"self":[{"href":"https:\/\/www.autonvaraosahaku.fi\/index.php?rest_route=\/wp\/v2\/product\/91942","targetHints":{"allow":["GET"]}}],"collection":[{"href":"https:\/\/www.autonvaraosahaku.fi\/index.php?rest_route=\/wp\/v2\/product"}],"about":[{"href":"https:\/\/www.autonvaraosahaku.fi\/index.php?rest_route=\/wp\/v2\/types\/product"}],"wp:attachment":[{"href":"https:\/\/www.autonvaraosahaku.fi\/index.php?rest_route=%2Fwp%2Fv2%2Fmedia&parent=91942"}],"wp:term":[{"taxonomy":"pwb-brand","embeddable":true,"href":"https:\/\/www.autonvaraosahaku.fi\/index.php?rest_route=%2Fwp%2Fv2%2Fpwb-brand&post=91942"},{"taxonomy":"product_cat","embeddable":true,"href":"https:\/\/www.autonvaraosahaku.fi\/index.php?rest_route=%2Fwp%2Fv2%2Fproduct_cat&post=91942"},{"taxonomy":"product_tag","embeddable":true,"href":"https:\/\/www.autonvaraosahaku.fi\/index.php?rest_route=%2Fwp%2Fv2%2Fproduct_tag&post=91942"}],"curies":[{"name":"wp","href":"https:\/\/api.w.org\/{rel}","templated":true}]}}