{"id":91959,"date":"2021-02-21T21:35:08","date_gmt":"2021-02-21T21:35:08","guid":{"rendered":"https:\/\/www.autonvaraosahaku.fi\/?product=nipparts-j1332020-polttoainesuodatin"},"modified":"2021-02-21T21:35:12","modified_gmt":"2021-02-21T21:35:12","slug":"nipparts-j1332020-polttoainesuodatin","status":"publish","type":"product","link":"https:\/\/www.autonvaraosahaku.fi\/?product=nipparts-j1332020-polttoainesuodatin","title":{"rendered":"NIPPARTS J1332020 Polttoainesuodatin"},"content":{"rendered":"<p>Korkeus (mm): 63; Ulkol\u00e4pimitta [mm]: 56; Tunnusluku: Universal; Sis\u00e4\u00e4ntulol\u00e4pimitta [mm]: 7; Ulostulon l\u00e4pimitta [mm]: 7; Asennuspuoli: Motorraum; NISSAN: 200 SX S14,BLUEBIRD B610; DAIHATSU: CHARMANT A; TOYOTA: COROLLA Compact _E10_,COROLLA _E11_,COROLLA Liftback _E10_,COROLLA Liftback _E9_,COROLLA _E10_,COROLLA Compact _E9_,COROLLA Wagon _E10_,CAMRY _V2_,COROLLA Station Wagon _E9_,COROLLA _E9_,COROLLA Liftback _E8_,COROLLA FX Compact E8B,CARINA II _T15_,CAMRY Station Wagon _V2_,CARINA II Stufenheck _T15_,COROLLA _E8_,CAMRY Liftback _V1_,CAMRY Stufenheck _V1_; 42072KC010, 2330015010<\/p>\n","protected":false},"excerpt":{"rendered":"<p>NIPPARTS Polttoainesuodatin J1332020  NISSAN,DAIHATSU,TOYOTA,200 SX S14,BLUEBIRD B610,CHARMANT A,COROLLA Compact _E10_,COROLLA _E11_<\/p>\n","protected":false},"featured_media":0,"template":"","meta":{"site-sidebar-layout":"default","site-content-layout":"default","ast-global-header-display":"","ast-main-header-display":"","ast-hfb-above-header-display":"","ast-hfb-below-header-display":"","ast-hfb-mobile-header-display":"","site-post-title":"","ast-breadcrumbs-content":"","ast-featured-img":"","footer-sml-layout":"","theme-transparent-header-meta":"","adv-header-id-meta":"","stick-header-meta":"","header-above-stick-meta":"","header-main-stick-meta":"","header-below-stick-meta":""},"pwb-brand":[335],"product_cat":[29],"product_tag":[],"class_list":{"0":"post-91959","1":"product","2":"type-product","3":"status-publish","5":"pwb-brand-nipparts","6":"product_cat-polttoainesuodatin","7":"desktop-align-left","8":"tablet-align-left","9":"mobile-align-left","11":"first","12":"instock","13":"product-type-external"},"brands":[{"id":335,"name":"NIPPARTS","slug":"nipparts"}],"_links":{"self":[{"href":"https:\/\/www.autonvaraosahaku.fi\/index.php?rest_route=\/wp\/v2\/product\/91959","targetHints":{"allow":["GET"]}}],"collection":[{"href":"https:\/\/www.autonvaraosahaku.fi\/index.php?rest_route=\/wp\/v2\/product"}],"about":[{"href":"https:\/\/www.autonvaraosahaku.fi\/index.php?rest_route=\/wp\/v2\/types\/product"}],"wp:attachment":[{"href":"https:\/\/www.autonvaraosahaku.fi\/index.php?rest_route=%2Fwp%2Fv2%2Fmedia&parent=91959"}],"wp:term":[{"taxonomy":"pwb-brand","embeddable":true,"href":"https:\/\/www.autonvaraosahaku.fi\/index.php?rest_route=%2Fwp%2Fv2%2Fpwb-brand&post=91959"},{"taxonomy":"product_cat","embeddable":true,"href":"https:\/\/www.autonvaraosahaku.fi\/index.php?rest_route=%2Fwp%2Fv2%2Fproduct_cat&post=91959"},{"taxonomy":"product_tag","embeddable":true,"href":"https:\/\/www.autonvaraosahaku.fi\/index.php?rest_route=%2Fwp%2Fv2%2Fproduct_tag&post=91959"}],"curies":[{"name":"wp","href":"https:\/\/api.w.org\/{rel}","templated":true}]}}