{"id":91966,"date":"2021-02-21T21:35:08","date_gmt":"2021-02-21T21:35:08","guid":{"rendered":"https:\/\/www.autonvaraosahaku.fi\/?product=nipparts-j3612018-jarrupalat"},"modified":"2021-02-21T21:35:14","modified_gmt":"2021-02-21T21:35:14","slug":"nipparts-j3612018-jarrupalat","status":"publish","type":"product","link":"https:\/\/www.autonvaraosahaku.fi\/?product=nipparts-j3612018-jarrupalat","title":{"rendered":"NIPPARTS J3612018 Jarrupalat"},"content":{"rendered":"<p>Paksuus [mm]: 13,9; Pituus (mm): 78,4; Leveys, ulko (mm): 52; Leveys, sis\u00e4 (mm): 55,5; Pituus 2 (mm): 78,4; Erittely: ECE R90 APPROVED; Leveys 2 (mm): 78,6; Teknisten tietojen numero: 23521 140  0 5; WVA-numero: 23521; Suositellun tarvikkeen tuotenumero: 82072500; Pakkauspituus [cm]: 9,5; Pakkausleveys [cm]: 8,2; Pakkauskorkeus [mm]: 7,3; M\u00e4\u00e4r\u00e4yksikk\u00f6: Akselisarja; Asennuspuoli: Hinterachse; TOYOTA: YARIS SCP1_, NLP1_, NCP1_,COROLLA ZZE12_, NDE12_, ZDE12_,YARIS VERSO _NLP2_, _NCP2_,PRIUS Liftback NHW20_,COROLLA Verso ZDE12_, CDE12_,CELICA ZZT23_,COROLLA Stufenheck _E12J_, _E12T_,PRIUS Stufenheck NHW11_,MATRIX ZZE13_; 0446620090, 0446652010, 0446652020, 0446652030, 0446652040, 0446652050, 0446652060, 0446652090, 04466YZZD5; Jarrupalasarja,Jarrupala, Levyjarru<\/p>\n","protected":false},"excerpt":{"rendered":"<p>NIPPARTS Jarrupalat J3612018 Jarrupalasarja,Jarrupala, Levyjarru TOYOTA,YARIS SCP1_, NLP1_, NCP1_,COROLLA ZZE12_, NDE12_, ZDE12_<\/p>\n","protected":false},"featured_media":0,"template":"","meta":{"site-sidebar-layout":"default","site-content-layout":"default","ast-global-header-display":"","ast-main-header-display":"","ast-hfb-above-header-display":"","ast-hfb-below-header-display":"","ast-hfb-mobile-header-display":"","site-post-title":"","ast-breadcrumbs-content":"","ast-featured-img":"","footer-sml-layout":"","theme-transparent-header-meta":"","adv-header-id-meta":"","stick-header-meta":"","header-above-stick-meta":"","header-main-stick-meta":"","header-below-stick-meta":""},"pwb-brand":[335],"product_cat":[100],"product_tag":[],"class_list":{"0":"post-91966","1":"product","2":"type-product","3":"status-publish","5":"pwb-brand-nipparts","6":"product_cat-jarrupalat","7":"desktop-align-left","8":"tablet-align-left","9":"mobile-align-left","11":"first","12":"instock","13":"product-type-external"},"brands":[{"id":335,"name":"NIPPARTS","slug":"nipparts"}],"_links":{"self":[{"href":"https:\/\/www.autonvaraosahaku.fi\/index.php?rest_route=\/wp\/v2\/product\/91966","targetHints":{"allow":["GET"]}}],"collection":[{"href":"https:\/\/www.autonvaraosahaku.fi\/index.php?rest_route=\/wp\/v2\/product"}],"about":[{"href":"https:\/\/www.autonvaraosahaku.fi\/index.php?rest_route=\/wp\/v2\/types\/product"}],"wp:attachment":[{"href":"https:\/\/www.autonvaraosahaku.fi\/index.php?rest_route=%2Fwp%2Fv2%2Fmedia&parent=91966"}],"wp:term":[{"taxonomy":"pwb-brand","embeddable":true,"href":"https:\/\/www.autonvaraosahaku.fi\/index.php?rest_route=%2Fwp%2Fv2%2Fpwb-brand&post=91966"},{"taxonomy":"product_cat","embeddable":true,"href":"https:\/\/www.autonvaraosahaku.fi\/index.php?rest_route=%2Fwp%2Fv2%2Fproduct_cat&post=91966"},{"taxonomy":"product_tag","embeddable":true,"href":"https:\/\/www.autonvaraosahaku.fi\/index.php?rest_route=%2Fwp%2Fv2%2Fproduct_tag&post=91966"}],"curies":[{"name":"wp","href":"https:\/\/api.w.org\/{rel}","templated":true}]}}