{"id":91974,"date":"2021-02-21T21:35:16","date_gmt":"2021-02-21T21:35:16","guid":{"rendered":"https:\/\/www.autonvaraosahaku.fi\/?product=ridex-82b0700-jarrulevyt"},"modified":"2021-02-21T21:35:18","modified_gmt":"2021-02-21T21:35:18","slug":"ridex-82b0700-jarrulevyt","status":"publish","type":"product","link":"https:\/\/www.autonvaraosahaku.fi\/?product=ridex-82b0700-jarrulevyt","title":{"rendered":"RIDEX 82B0700 Jarrulevyt"},"content":{"rendered":"<p>Jarrulevytyyppi: Vakiomalli; L\u00e4pimitta [mm]: 268; Jarrulevyn paksuus (mm): 12; V\u00e4himm\u00e4ispaksuus (mm): 10,5; Korkeus (mm): 73,2; Reik\u00e4kuvio\/-m\u00e4\u00e4r\u00e4: 04\/04; Reik\u00e4ympyr\u00e4-\u00d8 [mm]: 108; keskitt\u00e4misl\u00e4pimitta [mm]: 56; Akselitapin l\u00e4pimitta [mm]: 30; Paino [kg]: 5,84; Korvaava tuote\/korvaava tiedote 2: sis\u00e4\u00e4nrakennetulla magneetti sensorirenkaalla, Py\u00f6r\u00e4nlaakerilla; Sis\u00e4l\u00e4pimitta [mm]: 154; Reik\u00e4-\u00d8 [mm]: 12; Asennuspuoli: Taka-akseli, Hinterachse; PEUGEOT: 308 SW,308 4A_, 4C_,5008,3008,PARTNER Tepee,PARTNER Kasten,PARTNER Pritsche\/Fahrgestell; CITRO\u00cbN: BERLINGO MF,BERLINGO B9,C4 Picasso I UD_,C4 Grand Picasso I UA_,C4 II B7,BERLINGO Kasten B9,DS4,DS5,BERLINGO Pritsche\/Fahrgestell B9,C4 Stufenheck N; DS: DS5,DS 4 \/ DS 4 CROSSBACK; 424945, 424946, 1611840880, 424945, 424946; Jarrulevy<\/p>\n","protected":false},"excerpt":{"rendered":"<p>RIDEX Jarrulevyt 82B0700 Jarrulevy PEUGEOT,CITRO\u00cbN,DS,308 SW,308 4A_, 4C_,5008,3008,PARTNER Tepee,PARTNER Kasten,PARTNER Pritsche\/Fahrgestell<\/p>\n","protected":false},"featured_media":0,"template":"","meta":{"site-sidebar-layout":"default","site-content-layout":"default","ast-global-header-display":"","ast-main-header-display":"","ast-hfb-above-header-display":"","ast-hfb-below-header-display":"","ast-hfb-mobile-header-display":"","site-post-title":"","ast-breadcrumbs-content":"","ast-featured-img":"","footer-sml-layout":"","theme-transparent-header-meta":"","adv-header-id-meta":"","stick-header-meta":"","header-above-stick-meta":"","header-main-stick-meta":"","header-below-stick-meta":""},"pwb-brand":[157],"product_cat":[66],"product_tag":[],"class_list":{"0":"post-91974","1":"product","2":"type-product","3":"status-publish","5":"pwb-brand-ridex","6":"product_cat-jarrulevyt","7":"desktop-align-left","8":"tablet-align-left","9":"mobile-align-left","11":"first","12":"instock","13":"product-type-external"},"brands":[{"id":157,"name":"RIDEX","slug":"ridex"}],"_links":{"self":[{"href":"https:\/\/www.autonvaraosahaku.fi\/index.php?rest_route=\/wp\/v2\/product\/91974","targetHints":{"allow":["GET"]}}],"collection":[{"href":"https:\/\/www.autonvaraosahaku.fi\/index.php?rest_route=\/wp\/v2\/product"}],"about":[{"href":"https:\/\/www.autonvaraosahaku.fi\/index.php?rest_route=\/wp\/v2\/types\/product"}],"wp:attachment":[{"href":"https:\/\/www.autonvaraosahaku.fi\/index.php?rest_route=%2Fwp%2Fv2%2Fmedia&parent=91974"}],"wp:term":[{"taxonomy":"pwb-brand","embeddable":true,"href":"https:\/\/www.autonvaraosahaku.fi\/index.php?rest_route=%2Fwp%2Fv2%2Fpwb-brand&post=91974"},{"taxonomy":"product_cat","embeddable":true,"href":"https:\/\/www.autonvaraosahaku.fi\/index.php?rest_route=%2Fwp%2Fv2%2Fproduct_cat&post=91974"},{"taxonomy":"product_tag","embeddable":true,"href":"https:\/\/www.autonvaraosahaku.fi\/index.php?rest_route=%2Fwp%2Fv2%2Fproduct_tag&post=91974"}],"curies":[{"name":"wp","href":"https:\/\/api.w.org\/{rel}","templated":true}]}}