{"id":92014,"date":"2021-02-21T21:35:33","date_gmt":"2021-02-21T21:35:33","guid":{"rendered":"https:\/\/www.autonvaraosahaku.fi\/?product=valeo-851032-ikkunannostin"},"modified":"2021-02-21T21:35:35","modified_gmt":"2021-02-21T21:35:35","slug":"valeo-851032-ikkunannostin","status":"publish","type":"product","link":"https:\/\/www.autonvaraosahaku.fi\/?product=valeo-851032-ikkunannostin","title":{"rendered":"VALEO 851032 Ikkunannostin"},"content":{"rendered":"<p>Asennuspuoli: Edess\u00e4, Vasen; Yhdistelm\u00e4kytkintoiminto: mukavuustoiminnolla; Varusteet: ajoneuvoille ikkunamekanismin automatiikalla; K\u00e4ytt\u00f6: S\u00e4hk\u00f6inen; Lis\u00e4tarvike\/lis\u00e4tieto: Ilman s\u00e4hk\u00f6moottoria; Paino [kg]: 2,05; Oviluku: 5; RENAULT: MEGANE III Grandtour KZ0\/1,MEGANE III Schr\u00e4gheck BZ0_,MEGANE II Stufenheck LM0\/1_; 807210002R, 807216718R; Lasinnostin<\/p>\n","protected":false},"excerpt":{"rendered":"<p>VALEO Ikkunannostin 851032 Lasinnostin RENAULT,MEGANE III Grandtour KZ0\/1,MEGANE III Schr\u00e4gheck BZ0_,MEGANE II Stufenheck LM0\/1_<\/p>\n","protected":false},"featured_media":0,"template":"","meta":{"site-sidebar-layout":"default","site-content-layout":"default","ast-global-header-display":"","ast-main-header-display":"","ast-hfb-above-header-display":"","ast-hfb-below-header-display":"","ast-hfb-mobile-header-display":"","site-post-title":"","ast-breadcrumbs-content":"","ast-featured-img":"","footer-sml-layout":"","theme-transparent-header-meta":"","adv-header-id-meta":"","stick-header-meta":"","header-above-stick-meta":"","header-main-stick-meta":"","header-below-stick-meta":""},"pwb-brand":[28],"product_cat":[203],"product_tag":[],"class_list":{"0":"post-92014","1":"product","2":"type-product","3":"status-publish","5":"pwb-brand-valeo","6":"product_cat-ikkunannostin","7":"desktop-align-left","8":"tablet-align-left","9":"mobile-align-left","11":"first","12":"instock","13":"product-type-external"},"brands":[{"id":28,"name":"VALEO","slug":"valeo"}],"_links":{"self":[{"href":"https:\/\/www.autonvaraosahaku.fi\/index.php?rest_route=\/wp\/v2\/product\/92014","targetHints":{"allow":["GET"]}}],"collection":[{"href":"https:\/\/www.autonvaraosahaku.fi\/index.php?rest_route=\/wp\/v2\/product"}],"about":[{"href":"https:\/\/www.autonvaraosahaku.fi\/index.php?rest_route=\/wp\/v2\/types\/product"}],"wp:attachment":[{"href":"https:\/\/www.autonvaraosahaku.fi\/index.php?rest_route=%2Fwp%2Fv2%2Fmedia&parent=92014"}],"wp:term":[{"taxonomy":"pwb-brand","embeddable":true,"href":"https:\/\/www.autonvaraosahaku.fi\/index.php?rest_route=%2Fwp%2Fv2%2Fpwb-brand&post=92014"},{"taxonomy":"product_cat","embeddable":true,"href":"https:\/\/www.autonvaraosahaku.fi\/index.php?rest_route=%2Fwp%2Fv2%2Fproduct_cat&post=92014"},{"taxonomy":"product_tag","embeddable":true,"href":"https:\/\/www.autonvaraosahaku.fi\/index.php?rest_route=%2Fwp%2Fv2%2Fproduct_tag&post=92014"}],"curies":[{"name":"wp","href":"https:\/\/api.w.org\/{rel}","templated":true}]}}