{"id":92017,"date":"2021-02-21T21:35:33","date_gmt":"2021-02-21T21:35:33","guid":{"rendered":"https:\/\/www.autonvaraosahaku.fi\/?product=ridex-82b0330-jarrulevyt"},"modified":"2021-02-21T21:35:36","modified_gmt":"2021-02-21T21:35:36","slug":"ridex-82b0330-jarrulevyt","status":"publish","type":"product","link":"https:\/\/www.autonvaraosahaku.fi\/?product=ridex-82b0330-jarrulevyt","title":{"rendered":"RIDEX 82B0330 Jarrulevyt"},"content":{"rendered":"<p>Asennuspuoli: Etuakseli; Jarrulevytyyppi: Tuuletettu; L\u00e4pimitta [mm]: 313; Jarrulevyn paksuus (mm): 26; Reik\u00e4ympyr\u00e4-\u00d8 [mm]: 112; M\u00e4\u00e4r\u00e4tty kiertosuunta: ; ei sidoksissa kulkusuuntaan: ; Kierremitta: 16,5; keskitt\u00e4misl\u00e4pimitta [mm]: 68,2; Korkeus (mm): 56,2; V\u00e4himm\u00e4ispaksuus (mm): 22; Sis\u00e4l\u00e4pimitta [mm]: 148,0; Reik\u00e4kuvio\/-m\u00e4\u00e4r\u00e4: 5\/6; Alustanumerosta: 70-T-200001; VW: TRANSPORTER IV Bus 70XB, 70XC, 7DB, 7DW,SHARAN 7M8, 7M9, 7M6,TRANSPORTER IV Kasten 70XA,TRANSPORTER IV Pritsche\/Fahrgestell 70XD; SEAT: ALHAMBRA 7V8, 7V9; FORD: GALAXY WGR; 1108038, YM211125AA, 7M3615301, 7M3615301; Jarrulevy<\/p>\n","protected":false},"excerpt":{"rendered":"<p>RIDEX Jarrulevyt 82B0330 Jarrulevy VW,SEAT,FORD,TRANSPORTER IV Bus 70XB, 70XC, 7DB, 7DW,SHARAN 7M8, 7M9, 7M6,TRANSPORTER IV Kasten 70XA<\/p>\n","protected":false},"featured_media":0,"template":"","meta":{"site-sidebar-layout":"default","site-content-layout":"default","ast-global-header-display":"","ast-main-header-display":"","ast-hfb-above-header-display":"","ast-hfb-below-header-display":"","ast-hfb-mobile-header-display":"","site-post-title":"","ast-breadcrumbs-content":"","ast-featured-img":"","footer-sml-layout":"","theme-transparent-header-meta":"","adv-header-id-meta":"","stick-header-meta":"","header-above-stick-meta":"","header-main-stick-meta":"","header-below-stick-meta":""},"pwb-brand":[157],"product_cat":[66],"product_tag":[],"class_list":{"0":"post-92017","1":"product","2":"type-product","3":"status-publish","5":"pwb-brand-ridex","6":"product_cat-jarrulevyt","7":"desktop-align-left","8":"tablet-align-left","9":"mobile-align-left","11":"first","12":"instock","13":"product-type-external"},"brands":[{"id":157,"name":"RIDEX","slug":"ridex"}],"_links":{"self":[{"href":"https:\/\/www.autonvaraosahaku.fi\/index.php?rest_route=\/wp\/v2\/product\/92017","targetHints":{"allow":["GET"]}}],"collection":[{"href":"https:\/\/www.autonvaraosahaku.fi\/index.php?rest_route=\/wp\/v2\/product"}],"about":[{"href":"https:\/\/www.autonvaraosahaku.fi\/index.php?rest_route=\/wp\/v2\/types\/product"}],"wp:attachment":[{"href":"https:\/\/www.autonvaraosahaku.fi\/index.php?rest_route=%2Fwp%2Fv2%2Fmedia&parent=92017"}],"wp:term":[{"taxonomy":"pwb-brand","embeddable":true,"href":"https:\/\/www.autonvaraosahaku.fi\/index.php?rest_route=%2Fwp%2Fv2%2Fpwb-brand&post=92017"},{"taxonomy":"product_cat","embeddable":true,"href":"https:\/\/www.autonvaraosahaku.fi\/index.php?rest_route=%2Fwp%2Fv2%2Fproduct_cat&post=92017"},{"taxonomy":"product_tag","embeddable":true,"href":"https:\/\/www.autonvaraosahaku.fi\/index.php?rest_route=%2Fwp%2Fv2%2Fproduct_tag&post=92017"}],"curies":[{"name":"wp","href":"https:\/\/api.w.org\/{rel}","templated":true}]}}