{"id":92021,"date":"2021-02-21T21:35:33","date_gmt":"2021-02-21T21:35:33","guid":{"rendered":"https:\/\/www.autonvaraosahaku.fi\/?product=ridex-412w0147-abs-anturi"},"modified":"2021-02-21T21:35:38","modified_gmt":"2021-02-21T21:35:38","slug":"ridex-412w0147-abs-anturi","status":"publish","type":"product","link":"https:\/\/www.autonvaraosahaku.fi\/?product=ridex-412w0147-abs-anturi","title":{"rendered":"RIDEX 412W0147 ABS anturi"},"content":{"rendered":"<p>Asennuspuoli: Taka-akseli, molemminpuolinen; Napojen m\u00e4\u00e4r\u00e4: 2; Pistokkeen kotelon muoto: Py\u00f6re\u00e4; Liittimen v\u00e4ri: Musta; Kaapelinmitta (mm): 590; Kokonaispituus (mm): 640; Tunnistinmalli: Hall-anturi; Alustanumeroon: 060207; RENAULT: LAGUNA II Grandtour KG0\/1_,LAGUNA II BG0\/1_; 8200001587, 8200084126, 8200001587, 8200084126; ABS Tunnistin,Tunnistin, Kiertonopeus<\/p>\n","protected":false},"excerpt":{"rendered":"<p>RIDEX ABS Anturi 412W0147 ABS Tunnistin,Tunnistin, Kiertonopeus RENAULT,LAGUNA II Grandtour KG0\/1_,LAGUNA II BG0\/1_<\/p>\n","protected":false},"featured_media":0,"template":"","meta":{"site-sidebar-layout":"default","site-content-layout":"default","ast-global-header-display":"","ast-main-header-display":"","ast-hfb-above-header-display":"","ast-hfb-below-header-display":"","ast-hfb-mobile-header-display":"","site-post-title":"","ast-breadcrumbs-content":"","ast-featured-img":"","footer-sml-layout":"","theme-transparent-header-meta":"","adv-header-id-meta":"","stick-header-meta":"","header-above-stick-meta":"","header-main-stick-meta":"","header-below-stick-meta":""},"pwb-brand":[157],"product_cat":[118],"product_tag":[],"class_list":{"0":"post-92021","1":"product","2":"type-product","3":"status-publish","5":"pwb-brand-ridex","6":"product_cat-abs-anturi","7":"desktop-align-left","8":"tablet-align-left","9":"mobile-align-left","11":"first","12":"instock","13":"product-type-external"},"brands":[{"id":157,"name":"RIDEX","slug":"ridex"}],"_links":{"self":[{"href":"https:\/\/www.autonvaraosahaku.fi\/index.php?rest_route=\/wp\/v2\/product\/92021","targetHints":{"allow":["GET"]}}],"collection":[{"href":"https:\/\/www.autonvaraosahaku.fi\/index.php?rest_route=\/wp\/v2\/product"}],"about":[{"href":"https:\/\/www.autonvaraosahaku.fi\/index.php?rest_route=\/wp\/v2\/types\/product"}],"wp:attachment":[{"href":"https:\/\/www.autonvaraosahaku.fi\/index.php?rest_route=%2Fwp%2Fv2%2Fmedia&parent=92021"}],"wp:term":[{"taxonomy":"pwb-brand","embeddable":true,"href":"https:\/\/www.autonvaraosahaku.fi\/index.php?rest_route=%2Fwp%2Fv2%2Fpwb-brand&post=92021"},{"taxonomy":"product_cat","embeddable":true,"href":"https:\/\/www.autonvaraosahaku.fi\/index.php?rest_route=%2Fwp%2Fv2%2Fproduct_cat&post=92021"},{"taxonomy":"product_tag","embeddable":true,"href":"https:\/\/www.autonvaraosahaku.fi\/index.php?rest_route=%2Fwp%2Fv2%2Fproduct_tag&post=92021"}],"curies":[{"name":"wp","href":"https:\/\/api.w.org\/{rel}","templated":true}]}}