{"id":92053,"date":"2021-02-21T21:35:50","date_gmt":"2021-02-21T21:35:50","guid":{"rendered":"https:\/\/www.autonvaraosahaku.fi\/?product=kolbenschmidt-97409600-manta"},"modified":"2021-02-21T21:35:51","modified_gmt":"2021-02-21T21:35:51","slug":"kolbenschmidt-97409600-manta","status":"publish","type":"product","link":"https:\/\/www.autonvaraosahaku.fi\/?product=kolbenschmidt-97409600-manta","title":{"rendered":"KOLBENSCHMIDT 97409600 M\u00e4nt\u00e4"},"content":{"rendered":"<p>Ruuvi-\u00d8 [mm]: 30; Pultinpituus [mm]: 70; Komponenttinumero: 60554, 60556, 60558; M\u00e4\u00e4r\u00e4: 3; Tuotantonumero: 088700; Reik\u00e4-\u00d8 [mm]: 88,01; Puristuskorkeus [mm]: 42,3; Pituus (mm): 72,3; Syvennys 1 [mm]: 13,9; Syvennysl\u00e4pimitta [mm]: 43,7; Vakiomitta (STD): ; TECDOC-moottorinumero: 15455; MERCEDES-BENZ: C-CLASS W203,C-CLASS T-Model S203,E-CLASS W210,C-CLASS Coupe CL203,M-CLASS W163,E-CLASS Kombi S210,CLK C209,S-CLASS W220,G-CLASS W463,VITO Bus 638,SPRINTER 3-t Kasten 903,SPRINTER 2-t Bus 901, 902,V-CLASS 638\/2,G-CLASS W461,SPRINTER 2-t Kasten 901, 902,SPRINTER 3-t Bus 903,SPRINTER 3-t Pritsche\/Fahrgestell 903,VITO Kasten 638,SPRINTER 4-t Pritsche\/Fahrgestell 904,SPRINTER 2-t Pritsche\/Fahrgestell 901, 902,SPRINTER 4-t Kasten 904,SPRINTER 4-t Bus 904,SPRINTER 5-t Pritsche\/Fahrgestell 905,SPRINTER Kipper 905,ACCELO; 6110300117, 6110300317, 6110300517, 6110300717, 6110301117, 6110301217, 6110301417, 6130300117, 6130300217, A6110300117, A6110300317, A6110300517, A6110300717, A6110301117, A6110301417, A6130300117, A6130300217; M\u00e4nn\u00e4t<\/p>\n","protected":false},"excerpt":{"rendered":"<p>KOLBENSCHMIDT M\u00e4nt\u00e4 97409600 M\u00e4nn\u00e4t MERCEDES-BENZ,C-CLASS W203,C-CLASS T-Model S203,E-CLASS W210,C-CLASS Coupe CL203,M-CLASS W163,E-CLASS Kombi S210<\/p>\n","protected":false},"featured_media":0,"template":"","meta":{"site-sidebar-layout":"default","site-content-layout":"default","ast-global-header-display":"","ast-main-header-display":"","ast-hfb-above-header-display":"","ast-hfb-below-header-display":"","ast-hfb-mobile-header-display":"","site-post-title":"","ast-breadcrumbs-content":"","ast-featured-img":"","footer-sml-layout":"","theme-transparent-header-meta":"","adv-header-id-meta":"","stick-header-meta":"","header-above-stick-meta":"","header-main-stick-meta":"","header-below-stick-meta":""},"pwb-brand":[293],"product_cat":[434],"product_tag":[],"class_list":{"0":"post-92053","1":"product","2":"type-product","3":"status-publish","5":"pwb-brand-kolbenschmidt","6":"product_cat-manta","7":"desktop-align-left","8":"tablet-align-left","9":"mobile-align-left","11":"first","12":"instock","13":"product-type-external"},"brands":[{"id":293,"name":"KOLBENSCHMIDT","slug":"kolbenschmidt"}],"_links":{"self":[{"href":"https:\/\/www.autonvaraosahaku.fi\/index.php?rest_route=\/wp\/v2\/product\/92053","targetHints":{"allow":["GET"]}}],"collection":[{"href":"https:\/\/www.autonvaraosahaku.fi\/index.php?rest_route=\/wp\/v2\/product"}],"about":[{"href":"https:\/\/www.autonvaraosahaku.fi\/index.php?rest_route=\/wp\/v2\/types\/product"}],"wp:attachment":[{"href":"https:\/\/www.autonvaraosahaku.fi\/index.php?rest_route=%2Fwp%2Fv2%2Fmedia&parent=92053"}],"wp:term":[{"taxonomy":"pwb-brand","embeddable":true,"href":"https:\/\/www.autonvaraosahaku.fi\/index.php?rest_route=%2Fwp%2Fv2%2Fpwb-brand&post=92053"},{"taxonomy":"product_cat","embeddable":true,"href":"https:\/\/www.autonvaraosahaku.fi\/index.php?rest_route=%2Fwp%2Fv2%2Fproduct_cat&post=92053"},{"taxonomy":"product_tag","embeddable":true,"href":"https:\/\/www.autonvaraosahaku.fi\/index.php?rest_route=%2Fwp%2Fv2%2Fproduct_tag&post=92053"}],"curies":[{"name":"wp","href":"https:\/\/api.w.org\/{rel}","templated":true}]}}