{"id":92059,"date":"2021-02-21T21:35:50","date_gmt":"2021-02-21T21:35:50","guid":{"rendered":"https:\/\/www.autonvaraosahaku.fi\/?product=fa1-743-901-pakoputken-asennussarja"},"modified":"2021-02-21T21:35:53","modified_gmt":"2021-02-21T21:35:53","slug":"fa1-743-901-pakoputken-asennussarja","status":"publish","type":"product","link":"https:\/\/www.autonvaraosahaku.fi\/?product=fa1-743-901-pakoputken-asennussarja","title":{"rendered":"FA1 743-901 Pakoputken asennussarja"},"content":{"rendered":"<p>Materiaali: Kumi; Asennuspuoli: vorne; KIA: SORENTO II XM,CARENS IV,SOUL II PS,NIRO; HYUNDAI: TUCSON JM,SANTA F\u00c9 I SM,SANTA F\u00c9 II CM,MATRIX FC,ATOS MX,SANTA F\u00c9 III DM,ELANTRA XD,ELANTRA Stufenheck XD,H100 Bus P,i30 PDE,IONIQ AE,i30 Kombi PDE; MITSUBISHI: ASX GA_W_,CARISMA DA_,OUTLANDER III GG_W, GF_W, ZJ,CARISMA Stufenheck DA_,PAJERO III V7_W, V6_W,GALANT VI Station Wagon EA_,GALANT VI EA_,PAJERO IV V8_W, V9_W,SPACE WAGON N9_W, N8_W,L 200 KB_T, KA_T,PAJERO II V3_W, V2_W, V4_W,SPACE RUNNER N6_W,L 400 \/ SPACE GEAR Bus PD_W, PC_W, PA_V, PB_V,3000 GT Z16A,ASX Van GA_W_,PAJERO III Gel\u00e4ndewagen offen V6_W, V7_W,GALANT V Stufenheck E5_A, E7_A, E8_A,GALANT V E5_A, E7_A, E8_A,COLT II C1_A,LANCER III Station Wagon C1_V, C3_V,ECLIPSE IV DK_A,SANTAMO,LANCER III C1_A, C6_A,ECLIPSE IV Cabriolet; 28624M2000, 2865821000, 2865822000, 286582E000, 2865834050, 287612B000, 2865821000, 287613B000, MB059936, MB906124, MB906126<\/p>\n","protected":false},"excerpt":{"rendered":"<p>FA1 Pidike, Pakoputkisto 743-901  KIA,HYUNDAI,MITSUBISHI,SORENTO II XM,CARENS IV,SOUL II PS,NIRO,TUCSON JM,SANTA F\u00c9 I SM,SANTA F\u00c9 II CM,MATRIX FC<\/p>\n","protected":false},"featured_media":0,"template":"","meta":{"site-sidebar-layout":"default","site-content-layout":"default","ast-global-header-display":"","ast-main-header-display":"","ast-hfb-above-header-display":"","ast-hfb-below-header-display":"","ast-hfb-mobile-header-display":"","site-post-title":"","ast-breadcrumbs-content":"","ast-featured-img":"","footer-sml-layout":"","theme-transparent-header-meta":"","adv-header-id-meta":"","stick-header-meta":"","header-above-stick-meta":"","header-main-stick-meta":"","header-below-stick-meta":""},"pwb-brand":[39],"product_cat":[101],"product_tag":[],"class_list":{"0":"post-92059","1":"product","2":"type-product","3":"status-publish","5":"pwb-brand-fa1","6":"product_cat-pakoputken-asennussarja","7":"desktop-align-left","8":"tablet-align-left","9":"mobile-align-left","11":"first","12":"instock","13":"product-type-external"},"brands":[{"id":39,"name":"FA1","slug":"fa1"}],"_links":{"self":[{"href":"https:\/\/www.autonvaraosahaku.fi\/index.php?rest_route=\/wp\/v2\/product\/92059","targetHints":{"allow":["GET"]}}],"collection":[{"href":"https:\/\/www.autonvaraosahaku.fi\/index.php?rest_route=\/wp\/v2\/product"}],"about":[{"href":"https:\/\/www.autonvaraosahaku.fi\/index.php?rest_route=\/wp\/v2\/types\/product"}],"wp:attachment":[{"href":"https:\/\/www.autonvaraosahaku.fi\/index.php?rest_route=%2Fwp%2Fv2%2Fmedia&parent=92059"}],"wp:term":[{"taxonomy":"pwb-brand","embeddable":true,"href":"https:\/\/www.autonvaraosahaku.fi\/index.php?rest_route=%2Fwp%2Fv2%2Fpwb-brand&post=92059"},{"taxonomy":"product_cat","embeddable":true,"href":"https:\/\/www.autonvaraosahaku.fi\/index.php?rest_route=%2Fwp%2Fv2%2Fproduct_cat&post=92059"},{"taxonomy":"product_tag","embeddable":true,"href":"https:\/\/www.autonvaraosahaku.fi\/index.php?rest_route=%2Fwp%2Fv2%2Fproduct_tag&post=92059"}],"curies":[{"name":"wp","href":"https:\/\/api.w.org\/{rel}","templated":true}]}}