{"id":92073,"date":"2021-02-21T21:35:58","date_gmt":"2021-02-21T21:35:58","guid":{"rendered":"https:\/\/www.autonvaraosahaku.fi\/?product=ajusa-52018300-kannentiiviste"},"modified":"2021-02-21T21:35:59","modified_gmt":"2021-02-21T21:35:59","slug":"ajusa-52018300-kannentiiviste","status":"publish","type":"product","link":"https:\/\/www.autonvaraosahaku.fi\/?product=ajusa-52018300-kannentiiviste","title":{"rendered":"AJUSA 52018300 Kannentiiviste"},"content":{"rendered":"<p>Lis\u00e4tarvike\/lis\u00e4tieto: Sylinterikannen tiivisteell\u00e4, Venttiilivarren tiivisteell\u00e4; Vain jnk. yhteydess\u00e4: 81000300; Paino [g]: 260,66; lis\u00e4tieto: FIBERMAX; Valmistusvuoteen: 06\/1993; VW: GOLF II 19E, 1G1,PASSAT Variant 3A5, 35I,GOLF I Cabriolet 155,PASSAT 3A2, 35I,POLO CLASSIC 6KV2,GOLF I 17,JETTA II 19E, 1G2, 165,PASSAT Variant 32B,PASSAT 32B,SCIROCCO 53,PASSAT Stufenheck 32B,SANTANA 32B,GOLF II Van 19E, 1G1,SANTANA; AUDI: 80 8C, B4,80 89, 89Q, 8A, B3,100 44, 44Q, C3,COUPE 89, 8B,80 81, 85, B2,100 Avant 44, 44Q, C3,COUPE 81, 85; SEAT: IBIZA II 6K1,CORDOBA 6K1, 6K2,CORDOBA Vario 6K1,TOLEDO I 1L,INCA 6K9; 026198012B, 026198012L, 026198012M, 027198012D, 027198012E, 026198012AB, 026198012B, 026198012D, 026198012F, 026198012H, 026198012L, 026198012M, 026198012S, 026198012T, 027198012, 027198012D, 027198012E, 027198012L, 027198012N, 050198012, 050198012A, 26198012, 27198012, 50198012<\/p>\n","protected":false},"excerpt":{"rendered":"<p>AJUSA Tiivistesarja Sylinterikansi 52018300  VW,AUDI,SEAT,GOLF II 19E, 1G1,PASSAT Variant 3A5, 35I,GOLF I Cabriolet 155,PASSAT 3A2, 35I<\/p>\n","protected":false},"featured_media":0,"template":"","meta":{"site-sidebar-layout":"default","site-content-layout":"default","ast-global-header-display":"","ast-main-header-display":"","ast-hfb-above-header-display":"","ast-hfb-below-header-display":"","ast-hfb-mobile-header-display":"","site-post-title":"","ast-breadcrumbs-content":"","ast-featured-img":"","footer-sml-layout":"","theme-transparent-header-meta":"","adv-header-id-meta":"","stick-header-meta":"","header-above-stick-meta":"","header-main-stick-meta":"","header-below-stick-meta":""},"pwb-brand":[211],"product_cat":[230],"product_tag":[],"class_list":{"0":"post-92073","1":"product","2":"type-product","3":"status-publish","5":"pwb-brand-ajusa","6":"product_cat-kannentiiviste","7":"desktop-align-left","8":"tablet-align-left","9":"mobile-align-left","11":"first","12":"instock","13":"product-type-external"},"brands":[{"id":211,"name":"AJUSA","slug":"ajusa"}],"_links":{"self":[{"href":"https:\/\/www.autonvaraosahaku.fi\/index.php?rest_route=\/wp\/v2\/product\/92073","targetHints":{"allow":["GET"]}}],"collection":[{"href":"https:\/\/www.autonvaraosahaku.fi\/index.php?rest_route=\/wp\/v2\/product"}],"about":[{"href":"https:\/\/www.autonvaraosahaku.fi\/index.php?rest_route=\/wp\/v2\/types\/product"}],"wp:attachment":[{"href":"https:\/\/www.autonvaraosahaku.fi\/index.php?rest_route=%2Fwp%2Fv2%2Fmedia&parent=92073"}],"wp:term":[{"taxonomy":"pwb-brand","embeddable":true,"href":"https:\/\/www.autonvaraosahaku.fi\/index.php?rest_route=%2Fwp%2Fv2%2Fpwb-brand&post=92073"},{"taxonomy":"product_cat","embeddable":true,"href":"https:\/\/www.autonvaraosahaku.fi\/index.php?rest_route=%2Fwp%2Fv2%2Fproduct_cat&post=92073"},{"taxonomy":"product_tag","embeddable":true,"href":"https:\/\/www.autonvaraosahaku.fi\/index.php?rest_route=%2Fwp%2Fv2%2Fproduct_tag&post=92073"}],"curies":[{"name":"wp","href":"https:\/\/api.w.org\/{rel}","templated":true}]}}