{"id":92080,"date":"2021-02-21T21:35:58","date_gmt":"2021-02-21T21:35:58","guid":{"rendered":"https:\/\/www.autonvaraosahaku.fi\/?product=ridex-3926a0049-ilmamassamittari"},"modified":"2021-02-21T21:36:02","modified_gmt":"2021-02-21T21:36:02","slug":"ridex-3926a0049-ilmamassamittari","status":"publish","type":"product","link":"https:\/\/www.autonvaraosahaku.fi\/?product=ridex-3926a0049-ilmamassamittari","title":{"rendered":"RIDEX 3926A0049 Ilmamassamittari"},"content":{"rendered":"<p>Liittimi\u00e4: 5; Sis\u00e4\u00e4ntulol\u00e4pimitta [mm]: 60; Nimellisj\u00e4nnite (V): 12; Kotelomalli: Kopalla; FIAT: PUNTO 188,PANDA 169,DOBLO Cargo 223,DOBLO 119,PANDA Van 169,IDEA,PUNTO Van 188AX,SIENA 178_; LANCIA: YPSILON 843,MUSA 350; 46784582, 51774531; Ilmam\u00e4\u00e4r\u00e4mittari,MAF Anturi<\/p>\n","protected":false},"excerpt":{"rendered":"<p>RIDEX Ilmamassamittari 3926A0049 Ilmam\u00e4\u00e4r\u00e4mittari,MAF Anturi FIAT,LANCIA,PUNTO 188,PANDA 169,DOBLO Cargo 223,DOBLO 119,PANDA Van 169,IDEA<\/p>\n","protected":false},"featured_media":0,"template":"","meta":{"site-sidebar-layout":"default","site-content-layout":"default","ast-global-header-display":"","ast-main-header-display":"","ast-hfb-above-header-display":"","ast-hfb-below-header-display":"","ast-hfb-mobile-header-display":"","site-post-title":"","ast-breadcrumbs-content":"","ast-featured-img":"","footer-sml-layout":"","theme-transparent-header-meta":"","adv-header-id-meta":"","stick-header-meta":"","header-above-stick-meta":"","header-main-stick-meta":"","header-below-stick-meta":""},"pwb-brand":[157],"product_cat":[270],"product_tag":[],"class_list":{"0":"post-92080","1":"product","2":"type-product","3":"status-publish","5":"pwb-brand-ridex","6":"product_cat-ilmamassamittari","7":"desktop-align-left","8":"tablet-align-left","9":"mobile-align-left","11":"first","12":"instock","13":"product-type-external"},"brands":[{"id":157,"name":"RIDEX","slug":"ridex"}],"_links":{"self":[{"href":"https:\/\/www.autonvaraosahaku.fi\/index.php?rest_route=\/wp\/v2\/product\/92080","targetHints":{"allow":["GET"]}}],"collection":[{"href":"https:\/\/www.autonvaraosahaku.fi\/index.php?rest_route=\/wp\/v2\/product"}],"about":[{"href":"https:\/\/www.autonvaraosahaku.fi\/index.php?rest_route=\/wp\/v2\/types\/product"}],"wp:attachment":[{"href":"https:\/\/www.autonvaraosahaku.fi\/index.php?rest_route=%2Fwp%2Fv2%2Fmedia&parent=92080"}],"wp:term":[{"taxonomy":"pwb-brand","embeddable":true,"href":"https:\/\/www.autonvaraosahaku.fi\/index.php?rest_route=%2Fwp%2Fv2%2Fpwb-brand&post=92080"},{"taxonomy":"product_cat","embeddable":true,"href":"https:\/\/www.autonvaraosahaku.fi\/index.php?rest_route=%2Fwp%2Fv2%2Fproduct_cat&post=92080"},{"taxonomy":"product_tag","embeddable":true,"href":"https:\/\/www.autonvaraosahaku.fi\/index.php?rest_route=%2Fwp%2Fv2%2Fproduct_tag&post=92080"}],"curies":[{"name":"wp","href":"https:\/\/api.w.org\/{rel}","templated":true}]}}