{"id":92090,"date":"2021-02-21T21:36:06","date_gmt":"2021-02-21T21:36:06","guid":{"rendered":"https:\/\/www.autonvaraosahaku.fi\/?product=freccia-g11352-muut-luokat"},"modified":"2021-02-21T21:36:06","modified_gmt":"2021-02-21T21:36:06","slug":"freccia-g11352-muut-luokat","status":"publish","type":"product","link":"https:\/\/www.autonvaraosahaku.fi\/?product=freccia-g11352-muut-luokat","title":{"rendered":"FRECCIA G11352 Muut luokat"},"content":{"rendered":"<p>Pituus (mm): 41; Materiaali: Pronssi; Sis\u00e4l\u00e4pimitta [mm]: 6; Ulkol\u00e4pimitta [mm]: 12,07; Venttiilimalli: Imuventtiileille, Poistoventtiileille; TECDOC-moottorinumero: 2853; FIAT: ULYSSE 220; CITRO\u00cbN: XSARA N1,XSARA Break N2,XM Y4,XSARA Coupe N0,XANTIA X1,EVASION 22, U6,ZX N2,XM Y3,XANTIA Break X1,ZX Break N2,XM Break Y4; PEUGEOT: 306 Schr\u00e4gheck 7A, 7C, N3, N5,306 Cabriolet 7D, N3, N5,406 Break 8E\/F,406 Coupe 8C,306 Break 7E, N3, N5,406 8B,806 221,306 7B, N3, N5,605 6B<\/p>\n","protected":false},"excerpt":{"rendered":"<p>FRECCIA Venttiilinohjain G11352  FIAT,CITRO\u00cbN,PEUGEOT,ULYSSE 220,XSARA N1,XSARA Break N2,XM Y4,XSARA Coupe N0,XANTIA X1,EVASION 22, U6,ZX N2,XM Y3<\/p>\n","protected":false},"featured_media":0,"template":"","meta":{"site-sidebar-layout":"default","site-content-layout":"default","ast-global-header-display":"","ast-main-header-display":"","ast-hfb-above-header-display":"","ast-hfb-below-header-display":"","ast-hfb-mobile-header-display":"","site-post-title":"","ast-breadcrumbs-content":"","ast-featured-img":"","footer-sml-layout":"","theme-transparent-header-meta":"","adv-header-id-meta":"","stick-header-meta":"","header-above-stick-meta":"","header-main-stick-meta":"","header-below-stick-meta":""},"pwb-brand":[345],"product_cat":[37],"product_tag":[],"class_list":{"0":"post-92090","1":"product","2":"type-product","3":"status-publish","5":"pwb-brand-freccia","6":"product_cat-muut-luokat","7":"desktop-align-left","8":"tablet-align-left","9":"mobile-align-left","11":"first","12":"instock","13":"product-type-external"},"brands":[{"id":345,"name":"FRECCIA","slug":"freccia"}],"_links":{"self":[{"href":"https:\/\/www.autonvaraosahaku.fi\/index.php?rest_route=\/wp\/v2\/product\/92090","targetHints":{"allow":["GET"]}}],"collection":[{"href":"https:\/\/www.autonvaraosahaku.fi\/index.php?rest_route=\/wp\/v2\/product"}],"about":[{"href":"https:\/\/www.autonvaraosahaku.fi\/index.php?rest_route=\/wp\/v2\/types\/product"}],"wp:attachment":[{"href":"https:\/\/www.autonvaraosahaku.fi\/index.php?rest_route=%2Fwp%2Fv2%2Fmedia&parent=92090"}],"wp:term":[{"taxonomy":"pwb-brand","embeddable":true,"href":"https:\/\/www.autonvaraosahaku.fi\/index.php?rest_route=%2Fwp%2Fv2%2Fpwb-brand&post=92090"},{"taxonomy":"product_cat","embeddable":true,"href":"https:\/\/www.autonvaraosahaku.fi\/index.php?rest_route=%2Fwp%2Fv2%2Fproduct_cat&post=92090"},{"taxonomy":"product_tag","embeddable":true,"href":"https:\/\/www.autonvaraosahaku.fi\/index.php?rest_route=%2Fwp%2Fv2%2Fproduct_tag&post=92090"}],"curies":[{"name":"wp","href":"https:\/\/api.w.org\/{rel}","templated":true}]}}