{"id":92092,"date":"2021-02-21T21:36:06","date_gmt":"2021-02-21T21:36:06","guid":{"rendered":"https:\/\/www.autonvaraosahaku.fi\/?product=brembo-f-78-018-jarrusatula"},"modified":"2021-02-21T21:36:07","modified_gmt":"2021-02-21T21:36:07","slug":"brembo-f-78-018-jarrusatula","status":"publish","type":"product","link":"https:\/\/www.autonvaraosahaku.fi\/?product=brembo-f-78-018-jarrusatula","title":{"rendered":"BREMBO F 78 018 Jarrusatula"},"content":{"rendered":"<p>Jarruj\u00e4rjestelm\u00e4: SUMITOMO; Jarrulevyn paksuus (mm): 26; Jarrusatulatyyppi: Jarrusatula (4-m\u00e4nt\u00e4\u00e4); L\u00e4pimitta [mm]: 40; Asennuspuoli: Vorderachse; SUBARU: IMPREZA Stufenheck GD,IMPREZA Station Wagon GG,IMPREZA Stufenheck GC,IMPREZA Station Wagon GF; 26291FA060<\/p>\n","protected":false},"excerpt":{"rendered":"<p>BREMBO Jarrusatula F 78 018  SUBARU,IMPREZA Stufenheck GD,IMPREZA Station Wagon GG,IMPREZA Stufenheck GC,IMPREZA Station Wagon GF<\/p>\n","protected":false},"featured_media":0,"template":"","meta":{"site-sidebar-layout":"default","site-content-layout":"default","ast-global-header-display":"","ast-main-header-display":"","ast-hfb-above-header-display":"","ast-hfb-below-header-display":"","ast-hfb-mobile-header-display":"","site-post-title":"","ast-breadcrumbs-content":"","ast-featured-img":"","footer-sml-layout":"","theme-transparent-header-meta":"","adv-header-id-meta":"","stick-header-meta":"","header-above-stick-meta":"","header-main-stick-meta":"","header-below-stick-meta":""},"pwb-brand":[146],"product_cat":[177],"product_tag":[],"class_list":{"0":"post-92092","1":"product","2":"type-product","3":"status-publish","5":"pwb-brand-brembo","6":"product_cat-jarrusatula","7":"desktop-align-left","8":"tablet-align-left","9":"mobile-align-left","11":"first","12":"instock","13":"product-type-external"},"brands":[{"id":146,"name":"BREMBO","slug":"brembo"}],"_links":{"self":[{"href":"https:\/\/www.autonvaraosahaku.fi\/index.php?rest_route=\/wp\/v2\/product\/92092","targetHints":{"allow":["GET"]}}],"collection":[{"href":"https:\/\/www.autonvaraosahaku.fi\/index.php?rest_route=\/wp\/v2\/product"}],"about":[{"href":"https:\/\/www.autonvaraosahaku.fi\/index.php?rest_route=\/wp\/v2\/types\/product"}],"wp:attachment":[{"href":"https:\/\/www.autonvaraosahaku.fi\/index.php?rest_route=%2Fwp%2Fv2%2Fmedia&parent=92092"}],"wp:term":[{"taxonomy":"pwb-brand","embeddable":true,"href":"https:\/\/www.autonvaraosahaku.fi\/index.php?rest_route=%2Fwp%2Fv2%2Fpwb-brand&post=92092"},{"taxonomy":"product_cat","embeddable":true,"href":"https:\/\/www.autonvaraosahaku.fi\/index.php?rest_route=%2Fwp%2Fv2%2Fproduct_cat&post=92092"},{"taxonomy":"product_tag","embeddable":true,"href":"https:\/\/www.autonvaraosahaku.fi\/index.php?rest_route=%2Fwp%2Fv2%2Fproduct_tag&post=92092"}],"curies":[{"name":"wp","href":"https:\/\/api.w.org\/{rel}","templated":true}]}}