{"id":9211,"date":"2021-02-21T14:05:14","date_gmt":"2021-02-21T14:05:14","guid":{"rendered":"https:\/\/www.autonvaraosahaku.fi\/?product=topran-116-026-muut-luokat"},"modified":"2021-02-21T14:05:15","modified_gmt":"2021-02-21T14:05:15","slug":"topran-116-026-muut-luokat","status":"publish","type":"product","link":"https:\/\/www.autonvaraosahaku.fi\/?product=topran-116-026-muut-luokat","title":{"rendered":"TOPRAN 116 026 Muut luokat"},"content":{"rendered":"<p>Ulko-\/sis\u00e4peili: L\u00e4mmitett\u00e4v\u00e4, Elektronisesti kokoon taitettava, s\u00e4hk\u00f6-peilins\u00e4\u00e4d\u00f6lle; V\u00e4rikoodi: 4PK; V\u00e4ri: Musta; Asennuspuoli: Etu, vasen; Alustanumeroon: 8J-A-100000; AUDI: A6 Avant 4F5, C6,A3 8P1,A3 Sportback 8PA,A4 Avant 8ED, B7,A4 Avant 8E5, B6,A4 8E2, B6,A2 8Z0,A6 4F2, C6,A4 8EC, B7,Q7 4L,A8 4E_,TT 8J3,A1 8X1, 8XF,A1 Sportback 8XA, 8XK,TT Roadster 8J9; SEAT: EXEO ST 3R5,EXEO 3R2; 8E0959565, 8E09595654PK, 8E0959565A, 8E0959565A4PK, 8E0959565A5PR, 8E0959565, 8E09595654PK, 8E0959565A, 8E0959565A4PK, 8E0959565A5PR<\/p>\n","protected":false},"excerpt":{"rendered":"<p>TOPRAN Kytkin, Peilin S\u00e4\u00e4t\u00f6 116 026  AUDI,SEAT,A6 Avant 4F5, C6,A3 8P1,A3 Sportback 8PA,A4 Avant 8ED, B7,A4 Avant 8E5, B6,A4 8E2, B6,A2 8Z0,A6 4F2, C6<\/p>\n","protected":false},"featured_media":0,"template":"","meta":{"site-sidebar-layout":"default","site-content-layout":"default","ast-global-header-display":"","ast-main-header-display":"","ast-hfb-above-header-display":"","ast-hfb-below-header-display":"","ast-hfb-mobile-header-display":"","site-post-title":"","ast-breadcrumbs-content":"","ast-featured-img":"","footer-sml-layout":"","theme-transparent-header-meta":"","adv-header-id-meta":"","stick-header-meta":"","header-above-stick-meta":"","header-main-stick-meta":"","header-below-stick-meta":""},"pwb-brand":[18],"product_cat":[37],"product_tag":[],"class_list":{"0":"post-9211","1":"product","2":"type-product","3":"status-publish","5":"pwb-brand-topran","6":"product_cat-muut-luokat","7":"desktop-align-left","8":"tablet-align-left","9":"mobile-align-left","11":"first","12":"instock","13":"product-type-external"},"brands":[{"id":18,"name":"TOPRAN","slug":"topran"}],"_links":{"self":[{"href":"https:\/\/www.autonvaraosahaku.fi\/index.php?rest_route=\/wp\/v2\/product\/9211","targetHints":{"allow":["GET"]}}],"collection":[{"href":"https:\/\/www.autonvaraosahaku.fi\/index.php?rest_route=\/wp\/v2\/product"}],"about":[{"href":"https:\/\/www.autonvaraosahaku.fi\/index.php?rest_route=\/wp\/v2\/types\/product"}],"wp:attachment":[{"href":"https:\/\/www.autonvaraosahaku.fi\/index.php?rest_route=%2Fwp%2Fv2%2Fmedia&parent=9211"}],"wp:term":[{"taxonomy":"pwb-brand","embeddable":true,"href":"https:\/\/www.autonvaraosahaku.fi\/index.php?rest_route=%2Fwp%2Fv2%2Fpwb-brand&post=9211"},{"taxonomy":"product_cat","embeddable":true,"href":"https:\/\/www.autonvaraosahaku.fi\/index.php?rest_route=%2Fwp%2Fv2%2Fproduct_cat&post=9211"},{"taxonomy":"product_tag","embeddable":true,"href":"https:\/\/www.autonvaraosahaku.fi\/index.php?rest_route=%2Fwp%2Fv2%2Fproduct_tag&post=9211"}],"curies":[{"name":"wp","href":"https:\/\/api.w.org\/{rel}","templated":true}]}}