{"id":92112,"date":"2021-02-21T21:36:14","date_gmt":"2021-02-21T21:36:14","guid":{"rendered":"https:\/\/www.autonvaraosahaku.fi\/?product=topran-500-927-jaahdytysnesteen-lampotila-anturi"},"modified":"2021-02-21T21:36:15","modified_gmt":"2021-02-21T21:36:15","slug":"topran-500-927-jaahdytysnesteen-lampotila-anturi","status":"publish","type":"product","link":"https:\/\/www.autonvaraosahaku.fi\/?product=topran-500-927-jaahdytysnesteen-lampotila-anturi","title":{"rendered":"TOPRAN 500 927 J\u00e4\u00e4hdytysnesteen l\u00e4mp\u00f6tila anturi"},"content":{"rendered":"<p>Pistokkeen kotelon muoto: suorakulmainen (rectangular); Tunnistinmalli: NTC-anturi; Napojen m\u00e4\u00e4r\u00e4: 2; Moottorinumero: 520iM52; BMW: 3 E46,3 Touring E91,3 E90,5 E39,5 E60,1 E87,5 Touring E61,3 Touring E46,X3 E83,5 Touring E39,5 F10, F18,3 Compact E46,3 Coupe E46,X1 E84,1 E81,1 F20,X5 E70,X5 E53,3 Coupe E92,3 Touring F31,3 Cabriolet E46,3 F30, F35, F80,7 E38,Z4 E85,3 Cabriolet E93,7 E65, E66, E67,1 F21,1 Cabriolet E88,7 F01, F02, F03, F04,1 Coupe E82,5 Gran Turismo F07,X6 E71, E72,6 E63,4 Coupe F32, F82,Z4 Coupe E86,X5 F15, F85,6 Cabriolet E64,6 Gran Coupe F06,6 Coupe F13,4 Cabriolet F33, F83,6 Cabriolet F12,X6 F16, F86; LAND ROVER: RANGE ROVER III LM; 13621433077, 1433077, MEK105210; J\u00e4\u00e4hdytysnestel\u00e4mp\u00f6tilan Sensori<\/p>\n","protected":false},"excerpt":{"rendered":"<p>TOPRAN J\u00e4\u00e4hdytysnesteen L\u00e4mp\u00f6tila Anturi 500 927 J\u00e4\u00e4hdytysnestel\u00e4mp\u00f6tilan Sensori BMW,LAND ROVER,3 E46,3 Touring E91,3 E90,5 E39,5 E60,1 E87<\/p>\n","protected":false},"featured_media":0,"template":"","meta":{"site-sidebar-layout":"default","site-content-layout":"default","ast-global-header-display":"","ast-main-header-display":"","ast-hfb-above-header-display":"","ast-hfb-below-header-display":"","ast-hfb-mobile-header-display":"","site-post-title":"","ast-breadcrumbs-content":"","ast-featured-img":"","footer-sml-layout":"","theme-transparent-header-meta":"","adv-header-id-meta":"","stick-header-meta":"","header-above-stick-meta":"","header-main-stick-meta":"","header-below-stick-meta":""},"pwb-brand":[18],"product_cat":[200],"product_tag":[],"class_list":{"0":"post-92112","1":"product","2":"type-product","3":"status-publish","5":"pwb-brand-topran","6":"product_cat-jaahdytysnesteen-lampotila-anturi","7":"desktop-align-left","8":"tablet-align-left","9":"mobile-align-left","11":"first","12":"instock","13":"product-type-external"},"brands":[{"id":18,"name":"TOPRAN","slug":"topran"}],"_links":{"self":[{"href":"https:\/\/www.autonvaraosahaku.fi\/index.php?rest_route=\/wp\/v2\/product\/92112","targetHints":{"allow":["GET"]}}],"collection":[{"href":"https:\/\/www.autonvaraosahaku.fi\/index.php?rest_route=\/wp\/v2\/product"}],"about":[{"href":"https:\/\/www.autonvaraosahaku.fi\/index.php?rest_route=\/wp\/v2\/types\/product"}],"wp:attachment":[{"href":"https:\/\/www.autonvaraosahaku.fi\/index.php?rest_route=%2Fwp%2Fv2%2Fmedia&parent=92112"}],"wp:term":[{"taxonomy":"pwb-brand","embeddable":true,"href":"https:\/\/www.autonvaraosahaku.fi\/index.php?rest_route=%2Fwp%2Fv2%2Fpwb-brand&post=92112"},{"taxonomy":"product_cat","embeddable":true,"href":"https:\/\/www.autonvaraosahaku.fi\/index.php?rest_route=%2Fwp%2Fv2%2Fproduct_cat&post=92112"},{"taxonomy":"product_tag","embeddable":true,"href":"https:\/\/www.autonvaraosahaku.fi\/index.php?rest_route=%2Fwp%2Fv2%2Fproduct_tag&post=92112"}],"curies":[{"name":"wp","href":"https:\/\/api.w.org\/{rel}","templated":true}]}}