{"id":92136,"date":"2021-02-21T21:36:22","date_gmt":"2021-02-21T21:36:22","guid":{"rendered":"https:\/\/www.autonvaraosahaku.fi\/?product=hella-8mt-354-774-251-termostaatti"},"modified":"2021-02-21T21:36:25","modified_gmt":"2021-02-21T21:36:25","slug":"hella-8mt-354-774-251-termostaatti","status":"publish","type":"product","link":"https:\/\/www.autonvaraosahaku.fi\/?product=hella-8mt-354-774-251-termostaatti","title":{"rendered":"HELLA 8MT 354 774-251 Termostaatti"},"content":{"rendered":"<p>Lis\u00e4tarvike\/lis\u00e4tieto: Tiivisteill\u00e4; Avausl\u00e4mp\u00f6tila [\u00b0C]: 92; TECDOC-moottorinumero: 4795; OPEL: ZAFIRA B A05,ASTRA H Caravan L35,ZAFIRA A F75_,ASTRA G CC F48_, F08_,ASTRA H L48,ASTRA G Caravan F35_,ASTRA H GTC L08,VECTRA B 36_,ASTRA F CC 53_, 54_, 58_, 59_,OMEGA B Caravan 21_, 22_, 23_,OMEGA B 25_, 26_, 27_,VECTRA B Caravan 31_,ASTRA H TwinTop L67,ASTRA G Cabriolet F67,ASTRA F Caravan 51_, 52_,ASTRA G Coupe F07_,ASTRA G Stufenheck F69_,CALIBRA A 85_,VECTRA B CC 38_,VECTRA A 86_, 87_,ASTRA F Cabriolet 53_B,ASTRA F 56_, 57_,SINTRA,FRONTERA A 5_MWL4,VECTRA A CC 88_, 89_,SPEEDSTER; VAUXHALL: CALIBRA,ZAFIRA Mk II B M75,ASTRA Mk V H CC,ZAFIRA Mk I A F75,ASTRA Mk V H Estate,ASTRA Mk V H Convertible,ASTRA Mk IV G CC,ASTRA Mk III F CC,ASTRA Mk IV G Sedan,OMEGA B,VECTRA B CC,FRONTERA Mk I A,VECTRA B Estate,VECTRA B,ASTRA Mk III F Estate,ASTRA Mk IV G Coupe F67,OMEGA B Estate,ASTRA Mk IV G Convertible; 90501081, 1338079, 90501081, 1338079, 90501081; Termostaatti, J\u00e4\u00e4hdytysneste<\/p>\n","protected":false},"excerpt":{"rendered":"<p>HELLA Termostaatti 8MT 354 774-251 Termostaatti, J\u00e4\u00e4hdytysneste OPEL,VAUXHALL,ZAFIRA B A05,ASTRA H Caravan L35,ZAFIRA A F75_,ASTRA G CC F48_, F08_<\/p>\n","protected":false},"featured_media":0,"template":"","meta":{"site-sidebar-layout":"default","site-content-layout":"default","ast-global-header-display":"","ast-main-header-display":"","ast-hfb-above-header-display":"","ast-hfb-below-header-display":"","ast-hfb-mobile-header-display":"","site-post-title":"","ast-breadcrumbs-content":"","ast-featured-img":"","footer-sml-layout":"","theme-transparent-header-meta":"","adv-header-id-meta":"","stick-header-meta":"","header-above-stick-meta":"","header-main-stick-meta":"","header-below-stick-meta":""},"pwb-brand":[24],"product_cat":[174],"product_tag":[],"class_list":{"0":"post-92136","1":"product","2":"type-product","3":"status-publish","5":"pwb-brand-hella","6":"product_cat-termostaatti","7":"desktop-align-left","8":"tablet-align-left","9":"mobile-align-left","11":"first","12":"instock","13":"product-type-external"},"brands":[{"id":24,"name":"HELLA","slug":"hella"}],"_links":{"self":[{"href":"https:\/\/www.autonvaraosahaku.fi\/index.php?rest_route=\/wp\/v2\/product\/92136","targetHints":{"allow":["GET"]}}],"collection":[{"href":"https:\/\/www.autonvaraosahaku.fi\/index.php?rest_route=\/wp\/v2\/product"}],"about":[{"href":"https:\/\/www.autonvaraosahaku.fi\/index.php?rest_route=\/wp\/v2\/types\/product"}],"wp:attachment":[{"href":"https:\/\/www.autonvaraosahaku.fi\/index.php?rest_route=%2Fwp%2Fv2%2Fmedia&parent=92136"}],"wp:term":[{"taxonomy":"pwb-brand","embeddable":true,"href":"https:\/\/www.autonvaraosahaku.fi\/index.php?rest_route=%2Fwp%2Fv2%2Fpwb-brand&post=92136"},{"taxonomy":"product_cat","embeddable":true,"href":"https:\/\/www.autonvaraosahaku.fi\/index.php?rest_route=%2Fwp%2Fv2%2Fproduct_cat&post=92136"},{"taxonomy":"product_tag","embeddable":true,"href":"https:\/\/www.autonvaraosahaku.fi\/index.php?rest_route=%2Fwp%2Fv2%2Fproduct_tag&post=92136"}],"curies":[{"name":"wp","href":"https:\/\/api.w.org\/{rel}","templated":true}]}}