{"id":92148,"date":"2021-02-21T21:36:22","date_gmt":"2021-02-21T21:36:22","guid":{"rendered":"https:\/\/www.autonvaraosahaku.fi\/?product=topran-400-514-kardaanin-kuminivel"},"modified":"2021-02-21T21:36:29","modified_gmt":"2021-02-21T21:36:29","slug":"topran-400-514-kardaanin-kuminivel","status":"publish","type":"product","link":"https:\/\/www.autonvaraosahaku.fi\/?product=topran-400-514-kardaanin-kuminivel","title":{"rendered":"TOPRAN 400 514 Kardaanin kuminivel"},"content":{"rendered":"<p>Nivelmalli: Kumi-\/Hardynivel; Lis\u00e4tarvike\/lis\u00e4tieto: Asennusmateriaalilla; Ulkol\u00e4pimitta [mm]: 115; Reik\u00e4ympyr\u00e4-\u00d8 [mm]: 80; Reikien m\u00e4\u00e4r\u00e4: 6; Asennuspuoli: hinten; MERCEDES-BENZ: C-CLASS W202,190 W201,E-CLASS W210,Stufenheck W124,C-CLASS Kombi S202,KOMBI Kombi S124,E-CLASS W124,E-CLASS Kombi S124; 2014100715, 2024101015, A2014100715, A2024101015; R\u00e4ttinivel,Nivel, Pitkitt\u00e4isakseli<\/p>\n","protected":false},"excerpt":{"rendered":"<p>TOPRAN Kardaanin Kuminivel 400 514 R\u00e4ttinivel,Nivel, Pitkitt\u00e4isakseli MERCEDES-BENZ,C-CLASS W202,190 W201,E-CLASS W210,Stufenheck W124<\/p>\n","protected":false},"featured_media":0,"template":"","meta":{"site-sidebar-layout":"default","site-content-layout":"default","ast-global-header-display":"","ast-main-header-display":"","ast-hfb-above-header-display":"","ast-hfb-below-header-display":"","ast-hfb-mobile-header-display":"","site-post-title":"","ast-breadcrumbs-content":"","ast-featured-img":"","footer-sml-layout":"","theme-transparent-header-meta":"","adv-header-id-meta":"","stick-header-meta":"","header-above-stick-meta":"","header-main-stick-meta":"","header-below-stick-meta":""},"pwb-brand":[18],"product_cat":[56],"product_tag":[],"class_list":{"0":"post-92148","1":"product","2":"type-product","3":"status-publish","5":"pwb-brand-topran","6":"product_cat-kardaanin-kuminivel","7":"desktop-align-left","8":"tablet-align-left","9":"mobile-align-left","11":"first","12":"instock","13":"product-type-external"},"brands":[{"id":18,"name":"TOPRAN","slug":"topran"}],"_links":{"self":[{"href":"https:\/\/www.autonvaraosahaku.fi\/index.php?rest_route=\/wp\/v2\/product\/92148","targetHints":{"allow":["GET"]}}],"collection":[{"href":"https:\/\/www.autonvaraosahaku.fi\/index.php?rest_route=\/wp\/v2\/product"}],"about":[{"href":"https:\/\/www.autonvaraosahaku.fi\/index.php?rest_route=\/wp\/v2\/types\/product"}],"wp:attachment":[{"href":"https:\/\/www.autonvaraosahaku.fi\/index.php?rest_route=%2Fwp%2Fv2%2Fmedia&parent=92148"}],"wp:term":[{"taxonomy":"pwb-brand","embeddable":true,"href":"https:\/\/www.autonvaraosahaku.fi\/index.php?rest_route=%2Fwp%2Fv2%2Fpwb-brand&post=92148"},{"taxonomy":"product_cat","embeddable":true,"href":"https:\/\/www.autonvaraosahaku.fi\/index.php?rest_route=%2Fwp%2Fv2%2Fproduct_cat&post=92148"},{"taxonomy":"product_tag","embeddable":true,"href":"https:\/\/www.autonvaraosahaku.fi\/index.php?rest_route=%2Fwp%2Fv2%2Fproduct_tag&post=92148"}],"curies":[{"name":"wp","href":"https:\/\/api.w.org\/{rel}","templated":true}]}}