{"id":9216,"date":"2021-02-21T14:05:14","date_gmt":"2021-02-21T14:05:14","guid":{"rendered":"https:\/\/www.autonvaraosahaku.fi\/?product=meyle-028-287-0007-termostaatti"},"modified":"2021-02-21T14:05:16","modified_gmt":"2021-02-21T14:05:16","slug":"meyle-028-287-0007-termostaatti","status":"publish","type":"product","link":"https:\/\/www.autonvaraosahaku.fi\/?product=meyle-028-287-0007-termostaatti","title":{"rendered":"MEYLE 028 287 0007 Termostaatti"},"content":{"rendered":"<p>Avausl\u00e4mp\u00f6tila [\u00b0C]: 87; Lis\u00e4tarvike\/lis\u00e4tieto: Tiivisteill\u00e4; lis\u00e4tieto: ORIGINAL Quality; VW: PASSAT Variant 3B6,TRANSPORTER IV Bus 70XB, 70XC, 7DB, 7DW,PASSAT Variant 3B5,PASSAT 3B2,PASSAT 3B3; AUDI: A4 8D2, B5,A4 Avant 8E5, B6,A6 Avant 4B5, C5,A4 Avant 8D5, B5,A4 8E2, B6,80 8C, B4,A6 4B2, C5,CABRIOLET 8G7, B4,A8 4E_,100 4A, C4,A8 4D2, 4D8,80 Avant 8C, B4,A6 Avant 4A, C4,A6 4A, C4,COUPE 89, 8B,100 Avant 4A, C4,ALLROAD 4BH, C5,V8 44_, 4C_; SKODA: SUPERB 3U4; 078121113F, 078121113F, 078121113F; Termostaatti, J\u00e4\u00e4hdytysneste<\/p>\n","protected":false},"excerpt":{"rendered":"<p>MEYLE Termostaatti 028 287 0007 Termostaatti, J\u00e4\u00e4hdytysneste VW,AUDI,SKODA,PASSAT Variant 3B6,TRANSPORTER IV Bus 70XB, 70XC, 7DB, 7DW<\/p>\n","protected":false},"featured_media":0,"template":"","meta":{"site-sidebar-layout":"default","site-content-layout":"default","ast-global-header-display":"","ast-main-header-display":"","ast-hfb-above-header-display":"","ast-hfb-below-header-display":"","ast-hfb-mobile-header-display":"","site-post-title":"","ast-breadcrumbs-content":"","ast-featured-img":"","footer-sml-layout":"","theme-transparent-header-meta":"","adv-header-id-meta":"","stick-header-meta":"","header-above-stick-meta":"","header-main-stick-meta":"","header-below-stick-meta":""},"pwb-brand":[84],"product_cat":[174],"product_tag":[],"class_list":{"0":"post-9216","1":"product","2":"type-product","3":"status-publish","5":"pwb-brand-meyle","6":"product_cat-termostaatti","7":"desktop-align-left","8":"tablet-align-left","9":"mobile-align-left","11":"first","12":"instock","13":"product-type-external"},"brands":[{"id":84,"name":"MEYLE","slug":"meyle"}],"_links":{"self":[{"href":"https:\/\/www.autonvaraosahaku.fi\/index.php?rest_route=\/wp\/v2\/product\/9216","targetHints":{"allow":["GET"]}}],"collection":[{"href":"https:\/\/www.autonvaraosahaku.fi\/index.php?rest_route=\/wp\/v2\/product"}],"about":[{"href":"https:\/\/www.autonvaraosahaku.fi\/index.php?rest_route=\/wp\/v2\/types\/product"}],"wp:attachment":[{"href":"https:\/\/www.autonvaraosahaku.fi\/index.php?rest_route=%2Fwp%2Fv2%2Fmedia&parent=9216"}],"wp:term":[{"taxonomy":"pwb-brand","embeddable":true,"href":"https:\/\/www.autonvaraosahaku.fi\/index.php?rest_route=%2Fwp%2Fv2%2Fpwb-brand&post=9216"},{"taxonomy":"product_cat","embeddable":true,"href":"https:\/\/www.autonvaraosahaku.fi\/index.php?rest_route=%2Fwp%2Fv2%2Fproduct_cat&post=9216"},{"taxonomy":"product_tag","embeddable":true,"href":"https:\/\/www.autonvaraosahaku.fi\/index.php?rest_route=%2Fwp%2Fv2%2Fproduct_tag&post=9216"}],"curies":[{"name":"wp","href":"https:\/\/api.w.org\/{rel}","templated":true}]}}