{"id":92168,"date":"2021-02-21T21:36:31","date_gmt":"2021-02-21T21:36:31","guid":{"rendered":"https:\/\/www.autonvaraosahaku.fi\/?product=era-556037-tyhjakayntimoottori"},"modified":"2021-02-21T21:36:37","modified_gmt":"2021-02-21T21:36:37","slug":"era-556037-tyhjakayntimoottori","status":"publish","type":"product","link":"https:\/\/www.autonvaraosahaku.fi\/?product=era-556037-tyhjakayntimoottori","title":{"rendered":"ERA 556037 Tyhj\u00e4k\u00e4yntimoottori"},"content":{"rendered":"<p>Paino [kg]: 0,112; K\u00e4ytt\u00f6: S\u00e4hk\u00f6inen; Liittimi\u00e4: 4; OPEL: VIVARO Kasten F7,VIVARO Combi J7; RENAULT: CLIO II BB0\/1\/2_, CB0\/1\/2_,LAGUNA II Grandtour KG0\/1_,SC\u00c9NIC I JA0\/1_,ESPACE III JE0_,MEGANE Scenic JA0\/1_,LAGUNA II BG0\/1_,MEGANE II BM0\/1_, CM0\/1_,TRAFIC II Bus JL,MEGANE I BA0\/1_,TRAFIC II Kasten FL,MEGANE I Grandtour KA0\/1_,MEGANE I Cabriolet EA0\/1_,LAGUNA I B56_, 556_,LAGUNA I Grandtour K56_,MEGANE I Classic LA0\/1_,MEGANE I Coach DA0\/1_,AVANTIME DE0_; 7700102539, 8200299241, 8200692605; Tyhj\u00e4k\u00e4yntiventtiili,Tyhj\u00e4k\u00e4yntis\u00e4\u00e4din,Kuormaventtiili, Ilmankierto<\/p>\n","protected":false},"excerpt":{"rendered":"<p>ERA Tyhj\u00e4k\u00e4yntimoottori OEM 556037 Tyhj\u00e4k\u00e4yntiventtiili,Tyhj\u00e4k\u00e4yntis\u00e4\u00e4din OPEL,RENAULT,VIVARO Kasten F7,VIVARO Combi J7,CLIO II BB0\/1\/2_, CB0\/1\/2_<\/p>\n","protected":false},"featured_media":0,"template":"","meta":{"site-sidebar-layout":"default","site-content-layout":"default","ast-global-header-display":"","ast-main-header-display":"","ast-hfb-above-header-display":"","ast-hfb-below-header-display":"","ast-hfb-mobile-header-display":"","site-post-title":"","ast-breadcrumbs-content":"","ast-featured-img":"","footer-sml-layout":"","theme-transparent-header-meta":"","adv-header-id-meta":"","stick-header-meta":"","header-above-stick-meta":"","header-main-stick-meta":"","header-below-stick-meta":""},"pwb-brand":[64],"product_cat":[254],"product_tag":[],"class_list":{"0":"post-92168","1":"product","2":"type-product","3":"status-publish","5":"pwb-brand-era","6":"product_cat-tyhjakayntimoottori","7":"desktop-align-left","8":"tablet-align-left","9":"mobile-align-left","11":"first","12":"instock","13":"product-type-external"},"brands":[{"id":64,"name":"ERA","slug":"era"}],"_links":{"self":[{"href":"https:\/\/www.autonvaraosahaku.fi\/index.php?rest_route=\/wp\/v2\/product\/92168","targetHints":{"allow":["GET"]}}],"collection":[{"href":"https:\/\/www.autonvaraosahaku.fi\/index.php?rest_route=\/wp\/v2\/product"}],"about":[{"href":"https:\/\/www.autonvaraosahaku.fi\/index.php?rest_route=\/wp\/v2\/types\/product"}],"wp:attachment":[{"href":"https:\/\/www.autonvaraosahaku.fi\/index.php?rest_route=%2Fwp%2Fv2%2Fmedia&parent=92168"}],"wp:term":[{"taxonomy":"pwb-brand","embeddable":true,"href":"https:\/\/www.autonvaraosahaku.fi\/index.php?rest_route=%2Fwp%2Fv2%2Fpwb-brand&post=92168"},{"taxonomy":"product_cat","embeddable":true,"href":"https:\/\/www.autonvaraosahaku.fi\/index.php?rest_route=%2Fwp%2Fv2%2Fproduct_cat&post=92168"},{"taxonomy":"product_tag","embeddable":true,"href":"https:\/\/www.autonvaraosahaku.fi\/index.php?rest_route=%2Fwp%2Fv2%2Fproduct_tag&post=92168"}],"curies":[{"name":"wp","href":"https:\/\/api.w.org\/{rel}","templated":true}]}}