{"id":9217,"date":"2021-02-21T14:05:14","date_gmt":"2021-02-21T14:05:14","guid":{"rendered":"https:\/\/www.autonvaraosahaku.fi\/?product=meyle-026-625-0011-iskunvaimennin"},"modified":"2021-02-21T14:05:16","modified_gmt":"2021-02-21T14:05:16","slug":"meyle-026-625-0011-iskunvaimennin","status":"publish","type":"product","link":"https:\/\/www.autonvaraosahaku.fi\/?product=meyle-026-625-0011-iskunvaimennin","title":{"rendered":"MEYLE 026 625 0011 Iskunvaimennin"},"content":{"rendered":"<p>Asennuspuoli: Etuakseli; Iskunvaimennin tyyppi: Kaasupaine; Iskunvaimennusj\u00e4rjestelm\u00e4: Kaksiputki; Iskunvaimennin malli: Joustintuki; Iskunvaimennin asennustapa: Haarukka alhaalla, Tappi ylh\u00e4\u00e4ll\u00e4; Suositellun tarvikkeen tuotenumero: 014 640 0011; lis\u00e4tieto: ORIGINAL Quality; Alustarakenne: f\u00fcr Fahrzeuge mit Standard Fahrwerk; MERCEDES-BENZ: E-CLASS W211,E-CLASS T-Model S211,CLS C219; 2113200013, 2113200113, 2113200213, 2113201013, 2113201113, 2113201838, 2113201913, 2113202138, 2113202238, 2113202338, 2113203513, 2113203613, 2113203713, 2113203813, 2113203913, 2113204013, 2113205613, 2113205713, 2113205813, 2113206613, 2113206913, 2113207013, 2113207913, 2113208013, 2113208113, 2113209813, 2113209913, 2113230000, 2113231100, 2113231200, 2113231500, 2113231800, 2113231900, 2113232100, 2113232200, 2113232900, 2113233000, 2113233300, 2113235000, 2113235100, 2113235500, 2113235600, 2113239100, 2113239200; Iskarit,Iskunvaimennin<\/p>\n","protected":false},"excerpt":{"rendered":"<p>MEYLE Iskunvaimentimet 026 625 0011 Iskarit,Iskunvaimennin MERCEDES-BENZ,E-CLASS W211,E-CLASS T-Model S211,CLS C219<\/p>\n","protected":false},"featured_media":0,"template":"","meta":{"site-sidebar-layout":"default","site-content-layout":"default","ast-global-header-display":"","ast-main-header-display":"","ast-hfb-above-header-display":"","ast-hfb-below-header-display":"","ast-hfb-mobile-header-display":"","site-post-title":"","ast-breadcrumbs-content":"","ast-featured-img":"","footer-sml-layout":"","theme-transparent-header-meta":"","adv-header-id-meta":"","stick-header-meta":"","header-above-stick-meta":"","header-main-stick-meta":"","header-below-stick-meta":""},"pwb-brand":[84],"product_cat":[80],"product_tag":[],"class_list":{"0":"post-9217","1":"product","2":"type-product","3":"status-publish","5":"pwb-brand-meyle","6":"product_cat-iskunvaimennin","7":"desktop-align-left","8":"tablet-align-left","9":"mobile-align-left","11":"first","12":"instock","13":"product-type-external"},"brands":[{"id":84,"name":"MEYLE","slug":"meyle"}],"_links":{"self":[{"href":"https:\/\/www.autonvaraosahaku.fi\/index.php?rest_route=\/wp\/v2\/product\/9217","targetHints":{"allow":["GET"]}}],"collection":[{"href":"https:\/\/www.autonvaraosahaku.fi\/index.php?rest_route=\/wp\/v2\/product"}],"about":[{"href":"https:\/\/www.autonvaraosahaku.fi\/index.php?rest_route=\/wp\/v2\/types\/product"}],"wp:attachment":[{"href":"https:\/\/www.autonvaraosahaku.fi\/index.php?rest_route=%2Fwp%2Fv2%2Fmedia&parent=9217"}],"wp:term":[{"taxonomy":"pwb-brand","embeddable":true,"href":"https:\/\/www.autonvaraosahaku.fi\/index.php?rest_route=%2Fwp%2Fv2%2Fpwb-brand&post=9217"},{"taxonomy":"product_cat","embeddable":true,"href":"https:\/\/www.autonvaraosahaku.fi\/index.php?rest_route=%2Fwp%2Fv2%2Fproduct_cat&post=9217"},{"taxonomy":"product_tag","embeddable":true,"href":"https:\/\/www.autonvaraosahaku.fi\/index.php?rest_route=%2Fwp%2Fv2%2Fproduct_tag&post=9217"}],"curies":[{"name":"wp","href":"https:\/\/api.w.org\/{rel}","templated":true}]}}