{"id":92173,"date":"2021-02-21T21:36:39","date_gmt":"2021-02-21T21:36:39","guid":{"rendered":"https:\/\/www.autonvaraosahaku.fi\/?product=topran-302-100-takaluukun-kaasujousi"},"modified":"2021-02-21T21:36:40","modified_gmt":"2021-02-21T21:36:40","slug":"topran-302-100-takaluukun-kaasujousi","status":"publish","type":"product","link":"https:\/\/www.autonvaraosahaku.fi\/?product=topran-302-100-takaluukun-kaasujousi","title":{"rendered":"TOPRAN 302 100 Takaluukun kaasujousi"},"content":{"rendered":"<p>Asennuspuoli: Auton takaluukku, Molemminpuolin; V\u00e4ri: Musta; Vaihdettava pareittain: ; Ty\u00f6nt\u00f6voima [N]: 680; Valmistusvuoteen: 12\/2002; FORD: FOCUS DAW, DBW; 1070024, 1074368, 1150277, XS41A406A10AD, XS41A406A10AE, XS41A406A10AF; Kaasujousi, Tavaratila<\/p>\n","protected":false},"excerpt":{"rendered":"<p>TOPRAN Takaluukun Kaasujousi 302 100 Kaasujousi, Tavaratila FORD,FOCUS DAW, DBW<\/p>\n","protected":false},"featured_media":0,"template":"","meta":{"site-sidebar-layout":"default","site-content-layout":"default","ast-global-header-display":"","ast-main-header-display":"","ast-hfb-above-header-display":"","ast-hfb-below-header-display":"","ast-hfb-mobile-header-display":"","site-post-title":"","ast-breadcrumbs-content":"","ast-featured-img":"","footer-sml-layout":"","theme-transparent-header-meta":"","adv-header-id-meta":"","stick-header-meta":"","header-above-stick-meta":"","header-main-stick-meta":"","header-below-stick-meta":""},"pwb-brand":[18],"product_cat":[59],"product_tag":[],"class_list":{"0":"post-92173","1":"product","2":"type-product","3":"status-publish","5":"pwb-brand-topran","6":"product_cat-takaluukun-kaasujousi","7":"desktop-align-left","8":"tablet-align-left","9":"mobile-align-left","11":"first","12":"instock","13":"product-type-external"},"brands":[{"id":18,"name":"TOPRAN","slug":"topran"}],"_links":{"self":[{"href":"https:\/\/www.autonvaraosahaku.fi\/index.php?rest_route=\/wp\/v2\/product\/92173","targetHints":{"allow":["GET"]}}],"collection":[{"href":"https:\/\/www.autonvaraosahaku.fi\/index.php?rest_route=\/wp\/v2\/product"}],"about":[{"href":"https:\/\/www.autonvaraosahaku.fi\/index.php?rest_route=\/wp\/v2\/types\/product"}],"wp:attachment":[{"href":"https:\/\/www.autonvaraosahaku.fi\/index.php?rest_route=%2Fwp%2Fv2%2Fmedia&parent=92173"}],"wp:term":[{"taxonomy":"pwb-brand","embeddable":true,"href":"https:\/\/www.autonvaraosahaku.fi\/index.php?rest_route=%2Fwp%2Fv2%2Fpwb-brand&post=92173"},{"taxonomy":"product_cat","embeddable":true,"href":"https:\/\/www.autonvaraosahaku.fi\/index.php?rest_route=%2Fwp%2Fv2%2Fproduct_cat&post=92173"},{"taxonomy":"product_tag","embeddable":true,"href":"https:\/\/www.autonvaraosahaku.fi\/index.php?rest_route=%2Fwp%2Fv2%2Fproduct_tag&post=92173"}],"curies":[{"name":"wp","href":"https:\/\/api.w.org\/{rel}","templated":true}]}}