{"id":92180,"date":"2021-02-21T21:36:39","date_gmt":"2021-02-21T21:36:39","guid":{"rendered":"https:\/\/www.autonvaraosahaku.fi\/?product=ate-13-0460-3855-2-jarrupalat"},"modified":"2021-02-21T21:36:43","modified_gmt":"2021-02-21T21:36:43","slug":"ate-13-0460-3855-2-jarrupalat","status":"publish","type":"product","link":"https:\/\/www.autonvaraosahaku.fi\/?product=ate-13-0460-3855-2-jarrupalat","title":{"rendered":"ATE 13.0460-3855.2 Jarrupalat"},"content":{"rendered":"<p>Leveys (mm): 136,8; Korkeus (mm): 59,2; Paksuus [mm]: 18,0; Kulumisenilmaisimen liitos: Ei kulumisenilmaisimelle, Ilman kulumisenilmaisinta; Lis\u00e4tarvike\/lis\u00e4tieto: Tarvikkeilla; Korvaava tuote\/korvaava tiedote 2: Jarrusatulan ruuveilla; Ruuvien m\u00e4\u00e4r\u00e4: 4; Jarruj\u00e4rjestelm\u00e4: Bosch; Tarkistuskilpi: E1 90R-01895\/1486; MAPP-koodi saatavilla: ; M\u00e4\u00e4r\u00e4yksikk\u00f6: Akselisarja; Jarrulevyl\u00e4pimitalle [mm]: 283; OPEL: CROSSLAND X; CITRO\u00cbN: DS3,C3 Picasso,C3 II,DS3 Cabriolet,C4 CACTUS,C3 III SX,C3 AIRCROSS II; PEUGEOT: 2008; DS: DS 3,DS 3 Cabriolet; VAUXHALL: CROSSLAND X; 1607083180, 1611140580, 1611837880, 1613192580, 1617275680, 1629038380, 1647863580, 425431, 1647863580, 1647863580, 3649095, 1607083180, 1611140580, 1611837880, 1613192580, 1617275680, 1629038380, 1647863580, 425431, 1647863580, 3649095; Jarrupalasarja,Jarrupala, Levyjarru<\/p>\n","protected":false},"excerpt":{"rendered":"<p>ATE Jarrupalat 13.0460-3855.2 Jarrupalasarja,Jarrupala, Levyjarru OPEL,CITRO\u00cbN,PEUGEOT,CROSSLAND X,DS3,C3 Picasso,C3 II,DS3 Cabriolet,C4 CACTUS<\/p>\n","protected":false},"featured_media":0,"template":"","meta":{"site-sidebar-layout":"default","site-content-layout":"default","ast-global-header-display":"","ast-main-header-display":"","ast-hfb-above-header-display":"","ast-hfb-below-header-display":"","ast-hfb-mobile-header-display":"","site-post-title":"","ast-breadcrumbs-content":"","ast-featured-img":"","footer-sml-layout":"","theme-transparent-header-meta":"","adv-header-id-meta":"","stick-header-meta":"","header-above-stick-meta":"","header-main-stick-meta":"","header-below-stick-meta":""},"pwb-brand":[108],"product_cat":[100],"product_tag":[],"class_list":{"0":"post-92180","1":"product","2":"type-product","3":"status-publish","5":"pwb-brand-ate","6":"product_cat-jarrupalat","7":"desktop-align-left","8":"tablet-align-left","9":"mobile-align-left","11":"first","12":"instock","13":"product-type-external"},"brands":[{"id":108,"name":"ATE","slug":"ate"}],"_links":{"self":[{"href":"https:\/\/www.autonvaraosahaku.fi\/index.php?rest_route=\/wp\/v2\/product\/92180","targetHints":{"allow":["GET"]}}],"collection":[{"href":"https:\/\/www.autonvaraosahaku.fi\/index.php?rest_route=\/wp\/v2\/product"}],"about":[{"href":"https:\/\/www.autonvaraosahaku.fi\/index.php?rest_route=\/wp\/v2\/types\/product"}],"wp:attachment":[{"href":"https:\/\/www.autonvaraosahaku.fi\/index.php?rest_route=%2Fwp%2Fv2%2Fmedia&parent=92180"}],"wp:term":[{"taxonomy":"pwb-brand","embeddable":true,"href":"https:\/\/www.autonvaraosahaku.fi\/index.php?rest_route=%2Fwp%2Fv2%2Fpwb-brand&post=92180"},{"taxonomy":"product_cat","embeddable":true,"href":"https:\/\/www.autonvaraosahaku.fi\/index.php?rest_route=%2Fwp%2Fv2%2Fproduct_cat&post=92180"},{"taxonomy":"product_tag","embeddable":true,"href":"https:\/\/www.autonvaraosahaku.fi\/index.php?rest_route=%2Fwp%2Fv2%2Fproduct_tag&post=92180"}],"curies":[{"name":"wp","href":"https:\/\/api.w.org\/{rel}","templated":true}]}}