{"id":92181,"date":"2021-02-21T21:36:39","date_gmt":"2021-02-21T21:36:39","guid":{"rendered":"https:\/\/www.autonvaraosahaku.fi\/?product=a-b-s-7178-s-jarrurumpu"},"modified":"2021-02-21T21:36:43","modified_gmt":"2021-02-21T21:36:43","slug":"a-b-s-7178-s-jarrurumpu","status":"publish","type":"product","link":"https:\/\/www.autonvaraosahaku.fi\/?product=a-b-s-7178-s-jarrurumpu","title":{"rendered":"A.B.S. 7178-S Jarrurumpu"},"content":{"rendered":"<p>Jarrurummun sis\u00e4-\u00d8 [mm]: 203; J-rumpu sis\u00e4leveys [mm]: 44,5; Korkeus (mm): 81; Vanne, aukkoja: 4; Navan l\u00e4pimitta 1 [mm]: 52,9; Jarrurummun ulkol\u00e4pim. [mm]: 243; Reik\u00e4ympyr\u00e4-\u00d8 [mm]: 108; Navan l\u00e4pimitta 2 [mm]: 49,3; Paino [kg]: 6,8; Asennuspuoli: Hinterachse; FORD: FIESTA V JH_, JD_,FIESTA IV JA_, JB_,FUSION JU_,FIESTA V Van,FIESTA Kasten JV_; MAZDA: 2 DY; 1151001, 1213352, 1315740, 1416191, 1468774, 2S611113A1K, 2S611113AG, 2S611113AH, 2S611113AJ, 2S611113AK, 4329656, 4345314, 4376842, 7S611113AA, 81AB1113AF, DD3226250, DD3226250A<\/p>\n","protected":false},"excerpt":{"rendered":"<p>A.B.S. Jarrurumpu 7178-S  FORD,MAZDA,FIESTA V JH_, JD_,FIESTA IV JA_, JB_,FUSION JU_,FIESTA V Van,FIESTA Kasten JV_,2 DY<\/p>\n","protected":false},"featured_media":0,"template":"","meta":{"site-sidebar-layout":"default","site-content-layout":"default","ast-global-header-display":"","ast-main-header-display":"","ast-hfb-above-header-display":"","ast-hfb-below-header-display":"","ast-hfb-mobile-header-display":"","site-post-title":"","ast-breadcrumbs-content":"","ast-featured-img":"","footer-sml-layout":"","theme-transparent-header-meta":"","adv-header-id-meta":"","stick-header-meta":"","header-above-stick-meta":"","header-main-stick-meta":"","header-below-stick-meta":""},"pwb-brand":[326],"product_cat":[304],"product_tag":[],"class_list":{"0":"post-92181","1":"product","2":"type-product","3":"status-publish","5":"pwb-brand-a-b-s","6":"product_cat-jarrurumpu","7":"desktop-align-left","8":"tablet-align-left","9":"mobile-align-left","11":"first","12":"instock","13":"product-type-external"},"brands":[{"id":326,"name":"A.B.S.","slug":"a-b-s"}],"_links":{"self":[{"href":"https:\/\/www.autonvaraosahaku.fi\/index.php?rest_route=\/wp\/v2\/product\/92181","targetHints":{"allow":["GET"]}}],"collection":[{"href":"https:\/\/www.autonvaraosahaku.fi\/index.php?rest_route=\/wp\/v2\/product"}],"about":[{"href":"https:\/\/www.autonvaraosahaku.fi\/index.php?rest_route=\/wp\/v2\/types\/product"}],"wp:attachment":[{"href":"https:\/\/www.autonvaraosahaku.fi\/index.php?rest_route=%2Fwp%2Fv2%2Fmedia&parent=92181"}],"wp:term":[{"taxonomy":"pwb-brand","embeddable":true,"href":"https:\/\/www.autonvaraosahaku.fi\/index.php?rest_route=%2Fwp%2Fv2%2Fpwb-brand&post=92181"},{"taxonomy":"product_cat","embeddable":true,"href":"https:\/\/www.autonvaraosahaku.fi\/index.php?rest_route=%2Fwp%2Fv2%2Fproduct_cat&post=92181"},{"taxonomy":"product_tag","embeddable":true,"href":"https:\/\/www.autonvaraosahaku.fi\/index.php?rest_route=%2Fwp%2Fv2%2Fproduct_tag&post=92181"}],"curies":[{"name":"wp","href":"https:\/\/api.w.org\/{rel}","templated":true}]}}