{"id":92185,"date":"2021-02-21T21:36:39","date_gmt":"2021-02-21T21:36:39","guid":{"rendered":"https:\/\/www.autonvaraosahaku.fi\/?product=topran-207-896-vesipumppu-jakohihnasarja"},"modified":"2021-02-21T21:36:44","modified_gmt":"2021-02-21T21:36:44","slug":"topran-207-896-vesipumppu-jakohihnasarja","status":"publish","type":"product","link":"https:\/\/www.autonvaraosahaku.fi\/?product=topran-207-896-vesipumppu-jakohihnasarja","title":{"rendered":"TOPRAN 207 896 Vesipumppu + jakohihnasarja"},"content":{"rendered":"<p>Yksitt\u00e4isosat luettelossa: ; Lis\u00e4tarvike\/lis\u00e4tieto: Vesipumpulla; Hihnojen m\u00e4\u00e4r\u00e4: 1; Sis\u00e4lt\u00e4\u00e4 rullat: 1; Uusi osa: ; Rungonpalautus vapaaehtoinen: ; Huomioi j\u00e4rjestelm\u00e4-t\u00e4ytt\u00f6m\u00e4\u00e4r\u00e4: ; ei maaversiolle: Schweden; OPEL: ASTRA G CC F48_, F08_,ASTRA G Caravan F35_,CORSA B 73_, 78_, 79_,VECTRA B 36_,ASTRA F CC 53_, 54_, 58_, 59_,VECTRA B Caravan 31_,ASTRA F Caravan 51_, 52_,ASTRA G Stufenheck F69_,VECTRA B CC 38_,VECTRA A 86_, 87_,ASTRA F Cabriolet 53_B,ASTRA F 56_, 57_,KADETT E CC 33_, 34_, 43_, 44_,CORSA A CC 93_, 94_, 98_, 99_,VECTRA A CC 88_, 89_,COMBO 71_,KADETT E Cabriolet 43B_,CORSA A TR 91_, 92_, 96_, 97_,KADETT E 39_, 49_,ASTRA G Kasten F70,KADETT E Caravan 35_, 36_, 45_, 46_,ASTRA F Van 55_,KADETT E Kasten 37_, 47_,KADETT E Combo 38_, 48_; VAUXHALL: ASTRA Mk IV G CC,ASTRA Mk III F CC,CORSA Mk I B,ASTRA Mk IV G Sedan,ASTRA Mk II CC,VECTRA B CC,CAVALIER Mk III 87,VECTRA B,ASTRA Mk III F Estate,ASTRAVAN Mk IV G,CAVALIER Mk III CC,COMBO Mk I B,ASTRAVAN Mk III F,NOVA,ASTRA Mk IV G Estate,NOVA CC; 1334025S, 90349239S<\/p>\n","protected":false},"excerpt":{"rendered":"<p>TOPRAN Vesipumppu + Jakohihnasarja 207 896  OPEL,VAUXHALL,ASTRA G CC F48_, F08_,ASTRA G Caravan F35_,CORSA B 73_, 78_, 79_,VECTRA B 36_<\/p>\n","protected":false},"featured_media":0,"template":"","meta":{"site-sidebar-layout":"default","site-content-layout":"default","ast-global-header-display":"","ast-main-header-display":"","ast-hfb-above-header-display":"","ast-hfb-below-header-display":"","ast-hfb-mobile-header-display":"","site-post-title":"","ast-breadcrumbs-content":"","ast-featured-img":"","footer-sml-layout":"","theme-transparent-header-meta":"","adv-header-id-meta":"","stick-header-meta":"","header-above-stick-meta":"","header-main-stick-meta":"","header-below-stick-meta":""},"pwb-brand":[18],"product_cat":[321],"product_tag":[],"class_list":{"0":"post-92185","1":"product","2":"type-product","3":"status-publish","5":"pwb-brand-topran","6":"product_cat-vesipumppu-jakohihnasarja","7":"desktop-align-left","8":"tablet-align-left","9":"mobile-align-left","11":"first","12":"instock","13":"product-type-external"},"brands":[{"id":18,"name":"TOPRAN","slug":"topran"}],"_links":{"self":[{"href":"https:\/\/www.autonvaraosahaku.fi\/index.php?rest_route=\/wp\/v2\/product\/92185","targetHints":{"allow":["GET"]}}],"collection":[{"href":"https:\/\/www.autonvaraosahaku.fi\/index.php?rest_route=\/wp\/v2\/product"}],"about":[{"href":"https:\/\/www.autonvaraosahaku.fi\/index.php?rest_route=\/wp\/v2\/types\/product"}],"wp:attachment":[{"href":"https:\/\/www.autonvaraosahaku.fi\/index.php?rest_route=%2Fwp%2Fv2%2Fmedia&parent=92185"}],"wp:term":[{"taxonomy":"pwb-brand","embeddable":true,"href":"https:\/\/www.autonvaraosahaku.fi\/index.php?rest_route=%2Fwp%2Fv2%2Fpwb-brand&post=92185"},{"taxonomy":"product_cat","embeddable":true,"href":"https:\/\/www.autonvaraosahaku.fi\/index.php?rest_route=%2Fwp%2Fv2%2Fproduct_cat&post=92185"},{"taxonomy":"product_tag","embeddable":true,"href":"https:\/\/www.autonvaraosahaku.fi\/index.php?rest_route=%2Fwp%2Fv2%2Fproduct_tag&post=92185"}],"curies":[{"name":"wp","href":"https:\/\/api.w.org\/{rel}","templated":true}]}}