{"id":92195,"date":"2021-02-21T21:36:47","date_gmt":"2021-02-21T21:36:47","guid":{"rendered":"https:\/\/www.autonvaraosahaku.fi\/?product=topran-206-992-lampotila-anturi"},"modified":"2021-02-21T21:36:49","modified_gmt":"2021-02-21T21:36:49","slug":"topran-206-992-lampotila-anturi","status":"publish","type":"product","link":"https:\/\/www.autonvaraosahaku.fi\/?product=topran-206-992-lampotila-anturi","title":{"rendered":"TOPRAN 206 992 L\u00e4mp\u00f6tila-anturi"},"content":{"rendered":"<p>Pistokkeen kotelon muoto: suorakulmainen (rectangular); Kierremitta: M 12; Napojen m\u00e4\u00e4r\u00e4: 2; Vastus [kOhm]: 5; Valmistusvuoteen: 01\/1996; BMW: 3 E46,5 E39,5 E60,5 Touring E61,3 Touring E46,X3 E83,5 Touring E39,3 Compact E46,3 Coupe E46,3 Compact E36,3 E36,X5 E53,3 Cabriolet E46,5 E34,7 E65, E66, E67,3 Touring E36,5 Touring E34; OPEL: OMEGA B Caravan 21_, 22_, 23_,OMEGA B 25_, 26_, 27_; VAUXHALL: OMEGA B,OMEGA B Estate; 13622243946, 2243946, 5850800, 90509138<\/p>\n","protected":false},"excerpt":{"rendered":"<p>TOPRAN Tunnistin Imuilman L\u00e4mp\u00f6tila 206 992  BMW,OPEL,VAUXHALL,3 E46,5 E39,5 E60,5 Touring E61,3 Touring E46,X3 E83,5 Touring E39,3 Compact E46<\/p>\n","protected":false},"featured_media":0,"template":"","meta":{"site-sidebar-layout":"default","site-content-layout":"default","ast-global-header-display":"","ast-main-header-display":"","ast-hfb-above-header-display":"","ast-hfb-below-header-display":"","ast-hfb-mobile-header-display":"","site-post-title":"","ast-breadcrumbs-content":"","ast-featured-img":"","footer-sml-layout":"","theme-transparent-header-meta":"","adv-header-id-meta":"","stick-header-meta":"","header-above-stick-meta":"","header-main-stick-meta":"","header-below-stick-meta":""},"pwb-brand":[18],"product_cat":[47],"product_tag":[],"class_list":{"0":"post-92195","1":"product","2":"type-product","3":"status-publish","5":"pwb-brand-topran","6":"product_cat-lampotila-anturi","7":"desktop-align-left","8":"tablet-align-left","9":"mobile-align-left","11":"first","12":"instock","13":"product-type-external"},"brands":[{"id":18,"name":"TOPRAN","slug":"topran"}],"_links":{"self":[{"href":"https:\/\/www.autonvaraosahaku.fi\/index.php?rest_route=\/wp\/v2\/product\/92195","targetHints":{"allow":["GET"]}}],"collection":[{"href":"https:\/\/www.autonvaraosahaku.fi\/index.php?rest_route=\/wp\/v2\/product"}],"about":[{"href":"https:\/\/www.autonvaraosahaku.fi\/index.php?rest_route=\/wp\/v2\/types\/product"}],"wp:attachment":[{"href":"https:\/\/www.autonvaraosahaku.fi\/index.php?rest_route=%2Fwp%2Fv2%2Fmedia&parent=92195"}],"wp:term":[{"taxonomy":"pwb-brand","embeddable":true,"href":"https:\/\/www.autonvaraosahaku.fi\/index.php?rest_route=%2Fwp%2Fv2%2Fpwb-brand&post=92195"},{"taxonomy":"product_cat","embeddable":true,"href":"https:\/\/www.autonvaraosahaku.fi\/index.php?rest_route=%2Fwp%2Fv2%2Fproduct_cat&post=92195"},{"taxonomy":"product_tag","embeddable":true,"href":"https:\/\/www.autonvaraosahaku.fi\/index.php?rest_route=%2Fwp%2Fv2%2Fproduct_tag&post=92195"}],"curies":[{"name":"wp","href":"https:\/\/api.w.org\/{rel}","templated":true}]}}