{"id":92200,"date":"2021-02-21T21:36:47","date_gmt":"2021-02-21T21:36:47","guid":{"rendered":"https:\/\/www.autonvaraosahaku.fi\/?product=payen-nj765-kampiakselin-tiiviste"},"modified":"2021-02-21T21:36:51","modified_gmt":"2021-02-21T21:36:51","slug":"payen-nj765-kampiakselin-tiiviste","status":"publish","type":"product","link":"https:\/\/www.autonvaraosahaku.fi\/?product=payen-nj765-kampiakselin-tiiviste","title":{"rendered":"PAYEN NJ765 Kampiakselin tiiviste"},"content":{"rendered":"<p>Korkeus (mm): 7,00; Materiaali: NBR (nitriili-butadi-kumi); Sis\u00e4l\u00e4pimitta [mm]: 40,00; Ulkol\u00e4pimitta [mm]: 52,00; Akselitiivisteen malli: 827S RD; Py\u00f6rimissuunta: Py\u00f6rimissuunta my\u00f6t\u00e4p\u00e4iv\u00e4\u00e4n; Asennuspuoli: stirnseitig; NISSAN: MICRA III K12,MICRA II K11,NOTE E11,ALMERA TINO V10,ALMERA II Hatchback N16,JUKE F15,PRIMERA P11,PRIMERA Kombi WP12,PRIMERA P12,TERRANO II R20,PRIMERA Traveller WP11,PRIMERA Hatchback P11,MICRA C+C K12,PRIMERA Hatchback P12,PATROL GR II Wagon Y61,TIIDA Schr\u00e4gheck,ALMERA I Hatchback N15,PICK UP D22,NAVARA D22,PATHFINDER R50,ALMERA Mk II N16,200 SX S13,ALMERA I N15,PICK UP D21,100 NX B13,SERENA C23M,PATROL GR I Y60, GR,PRIMERA P10,MAXIMA QX A33,TERRANO I WD21,300 ZX Z32,MAXIMA QX A32,300 ZX Z31,PATROL Station Wagon W260,PATROL Hardtop K260,SUNNY II Coupe B12,SKYLINE Coupe R33,SKYLINE Coupe R34,SUNNY III N14,QASHQAI J11, J11_,PULSAR V Schr\u00e4gheck N14,SUNNY III Liftback N14,PRIMERA Hatchback P10,PRIMERA Traveller W10,NAVARA Pritsche\/Fahrgestell D22,SUNNY II Hatchback N13,NAVARA Pick-up D21,SILVIA S12,BLUEBIRD T72 , T12,LAUREL JC32,SUNNY III Traveller Y10,SKYLINE R34,SKYLINE R33,VANETTE CARGO Kasten HC 23,SKYLINE Coupe R32,BLUEBIRD Hatchback T72, T12,180 SX ; INFINITI: QX4; MITSUBISHI: LANCER Station Wagon CV_1; 1304216V00, 1304242L00, 1351010Y13, 1351019V00, 1351077A05, 1351077A10, 13510V7200; Akselitiiviste, Kampiakseli<\/p>\n","protected":false},"excerpt":{"rendered":"<p>PAYEN Kampiakselin Tiiviste NJ765 Akselitiiviste, Kampiakseli NISSAN,INFINITI,MITSUBISHI,MICRA III K12,MICRA II K11,NOTE E11,ALMERA TINO V10<\/p>\n","protected":false},"featured_media":0,"template":"","meta":{"site-sidebar-layout":"default","site-content-layout":"default","ast-global-header-display":"","ast-main-header-display":"","ast-hfb-above-header-display":"","ast-hfb-below-header-display":"","ast-hfb-mobile-header-display":"","site-post-title":"","ast-breadcrumbs-content":"","ast-featured-img":"","footer-sml-layout":"","theme-transparent-header-meta":"","adv-header-id-meta":"","stick-header-meta":"","header-above-stick-meta":"","header-main-stick-meta":"","header-below-stick-meta":""},"pwb-brand":[329],"product_cat":[88],"product_tag":[],"class_list":{"0":"post-92200","1":"product","2":"type-product","3":"status-publish","5":"pwb-brand-payen","6":"product_cat-kampiakselin-tiiviste","7":"desktop-align-left","8":"tablet-align-left","9":"mobile-align-left","11":"first","12":"instock","13":"product-type-external"},"brands":[{"id":329,"name":"PAYEN","slug":"payen"}],"_links":{"self":[{"href":"https:\/\/www.autonvaraosahaku.fi\/index.php?rest_route=\/wp\/v2\/product\/92200","targetHints":{"allow":["GET"]}}],"collection":[{"href":"https:\/\/www.autonvaraosahaku.fi\/index.php?rest_route=\/wp\/v2\/product"}],"about":[{"href":"https:\/\/www.autonvaraosahaku.fi\/index.php?rest_route=\/wp\/v2\/types\/product"}],"wp:attachment":[{"href":"https:\/\/www.autonvaraosahaku.fi\/index.php?rest_route=%2Fwp%2Fv2%2Fmedia&parent=92200"}],"wp:term":[{"taxonomy":"pwb-brand","embeddable":true,"href":"https:\/\/www.autonvaraosahaku.fi\/index.php?rest_route=%2Fwp%2Fv2%2Fpwb-brand&post=92200"},{"taxonomy":"product_cat","embeddable":true,"href":"https:\/\/www.autonvaraosahaku.fi\/index.php?rest_route=%2Fwp%2Fv2%2Fproduct_cat&post=92200"},{"taxonomy":"product_tag","embeddable":true,"href":"https:\/\/www.autonvaraosahaku.fi\/index.php?rest_route=%2Fwp%2Fv2%2Fproduct_tag&post=92200"}],"curies":[{"name":"wp","href":"https:\/\/api.w.org\/{rel}","templated":true}]}}