{"id":92208,"date":"2021-02-21T21:36:47","date_gmt":"2021-02-21T21:36:47","guid":{"rendered":"https:\/\/www.autonvaraosahaku.fi\/?product=payen-nj284-kampiakselin-tiiviste"},"modified":"2021-02-21T21:36:54","modified_gmt":"2021-02-21T21:36:54","slug":"payen-nj284-kampiakselin-tiiviste","status":"publish","type":"product","link":"https:\/\/www.autonvaraosahaku.fi\/?product=payen-nj284-kampiakselin-tiiviste","title":{"rendered":"PAYEN NJ284 Kampiakselin tiiviste"},"content":{"rendered":"<p>Korkeus (mm): 11,00; Materiaali: MVQ (silikooni\/kautsu); Sis\u00e4l\u00e4pimitta [mm]: 84,00; Ulkol\u00e4pimitta [mm]: 104,00; Akselitiivisteen malli: 827S LD W; Py\u00f6rimissuunta: Py\u00f6rimissuunta vastap\u00e4iv\u00e4\u00e4n; Asennuspuoli: getriebeseitig; NISSAN: MICRA III K12,X-TRAIL T30,MICRA II K11,NOTE E11,ALMERA TINO V10,ALMERA II Hatchback N16,NAVARA D40,PATHFINDER R51,X-TRAIL T31,PRIMERA P11,PRIMERA Kombi WP12,PRIMERA P12,PRIMERA Traveller WP11,PRIMERA Hatchback P11,MICRA C+C K12,MURANO Z50,NAVARA Pritsche\/Fahrgestell D40,PRIMERA Hatchback P12,ALMERA I Hatchback N15,MURANO Z51,PICK UP D22,NAVARA D22,ALMERA Mk II N16,200 SX S13,ALMERA I N15,PICK UP D21,100 NX B13,SERENA C23M,200 SX S14,PRIMERA P10,TERRANO I WD21,300 ZX Z32,300 ZX Z31,SUNNY II Coupe B12,NP300,SUNNY III N14,PULSAR V Schr\u00e4gheck N14,SUNNY III Liftback N14,PRIMERA Hatchback P10,PRIMERA Traveller W10,NAVARA Pritsche\/Fahrgestell D22,SUNNY II Hatchback N13,NAVARA Pick-up D21,SILVIA S12,BLUEBIRD T72 , T12,LAUREL JC32,SUNNY III Traveller Y10,VANETTE CARGO Kasten HC 23,BLUEBIRD Hatchback T72, T12,180 SX Coupe S13,MAXIMA II J30,VANETTE CARGO Bus HC 23,SUNNY II N13,ALMERA Classic B10,BLUEBIRD Station Wagon WU11,X-TRAIL T32,PRAIRIE PRO M11,NAVARA Prits; INFINITI: FX; RENAULT: KOLEOS HY_; MITSUBISHI: LANCER Station Wagon CV_1; RENAULT TRUCKS: MAXITY; 1227953J10, 12279D0100, 12279DO100; Akselitiiviste, Kampiakseli<\/p>\n","protected":false},"excerpt":{"rendered":"<p>PAYEN Kampiakselin Tiiviste NJ284 Akselitiiviste, Kampiakseli NISSAN,INFINITI,RENAULT,MICRA III K12,X-TRAIL T30,MICRA II K11,NOTE E11,ALMERA TINO V10<\/p>\n","protected":false},"featured_media":0,"template":"","meta":{"site-sidebar-layout":"default","site-content-layout":"default","ast-global-header-display":"","ast-main-header-display":"","ast-hfb-above-header-display":"","ast-hfb-below-header-display":"","ast-hfb-mobile-header-display":"","site-post-title":"","ast-breadcrumbs-content":"","ast-featured-img":"","footer-sml-layout":"","theme-transparent-header-meta":"","adv-header-id-meta":"","stick-header-meta":"","header-above-stick-meta":"","header-main-stick-meta":"","header-below-stick-meta":""},"pwb-brand":[329],"product_cat":[88],"product_tag":[],"class_list":{"0":"post-92208","1":"product","2":"type-product","3":"status-publish","5":"pwb-brand-payen","6":"product_cat-kampiakselin-tiiviste","7":"desktop-align-left","8":"tablet-align-left","9":"mobile-align-left","11":"first","12":"instock","13":"product-type-external"},"brands":[{"id":329,"name":"PAYEN","slug":"payen"}],"_links":{"self":[{"href":"https:\/\/www.autonvaraosahaku.fi\/index.php?rest_route=\/wp\/v2\/product\/92208","targetHints":{"allow":["GET"]}}],"collection":[{"href":"https:\/\/www.autonvaraosahaku.fi\/index.php?rest_route=\/wp\/v2\/product"}],"about":[{"href":"https:\/\/www.autonvaraosahaku.fi\/index.php?rest_route=\/wp\/v2\/types\/product"}],"wp:attachment":[{"href":"https:\/\/www.autonvaraosahaku.fi\/index.php?rest_route=%2Fwp%2Fv2%2Fmedia&parent=92208"}],"wp:term":[{"taxonomy":"pwb-brand","embeddable":true,"href":"https:\/\/www.autonvaraosahaku.fi\/index.php?rest_route=%2Fwp%2Fv2%2Fpwb-brand&post=92208"},{"taxonomy":"product_cat","embeddable":true,"href":"https:\/\/www.autonvaraosahaku.fi\/index.php?rest_route=%2Fwp%2Fv2%2Fproduct_cat&post=92208"},{"taxonomy":"product_tag","embeddable":true,"href":"https:\/\/www.autonvaraosahaku.fi\/index.php?rest_route=%2Fwp%2Fv2%2Fproduct_tag&post=92208"}],"curies":[{"name":"wp","href":"https:\/\/api.w.org\/{rel}","templated":true}]}}