{"id":92216,"date":"2021-02-21T21:36:55","date_gmt":"2021-02-21T21:36:55","guid":{"rendered":"https:\/\/www.autonvaraosahaku.fi\/?product=meyle-11-15-523-0005-jarrurumpu"},"modified":"2021-02-21T21:36:57","modified_gmt":"2021-02-21T21:36:57","slug":"meyle-11-15-523-0005-jarrurumpu","status":"publish","type":"product","link":"https:\/\/www.autonvaraosahaku.fi\/?product=meyle-11-15-523-0005-jarrurumpu","title":{"rendered":"MEYLE 11-15 523 0005 Jarrurumpu"},"content":{"rendered":"<p>Asennuspuoli: Taka-akseli; Jarrurummun ulkol\u00e4pim. [mm]: 233; Jarrurummun sis\u00e4-\u00d8 [mm]: 200; Suurin mahdollinen rummun sis\u00e4mitta (mm): 201; J-rumpu sis\u00e4leveys [mm]: 44; J-rumpu ulkoleveys [mm]: 53,5; keskitt\u00e4misl\u00e4pimitta [mm]: 55; Reik\u00e4ympyr\u00e4-\u00d8 [mm]: 100; Reikien m\u00e4\u00e4r\u00e4: 4; Tarvittava kappalem\u00e4\u00e4r\u00e4: 2; lis\u00e4tieto: ORIGINAL Quality; TOYOTA: AYGO WNB1_, KGB1_; CITRO\u00cbN: C1 PM_, PN_; PEUGEOT: 107; 424748, 424748, 424310H010<\/p>\n","protected":false},"excerpt":{"rendered":"<p>MEYLE Jarrurumpu 11-15 523 0005  TOYOTA,CITRO\u00cbN,PEUGEOT,AYGO WNB1_, KGB1_,C1 PM_, PN_,107<\/p>\n","protected":false},"featured_media":0,"template":"","meta":{"site-sidebar-layout":"default","site-content-layout":"default","ast-global-header-display":"","ast-main-header-display":"","ast-hfb-above-header-display":"","ast-hfb-below-header-display":"","ast-hfb-mobile-header-display":"","site-post-title":"","ast-breadcrumbs-content":"","ast-featured-img":"","footer-sml-layout":"","theme-transparent-header-meta":"","adv-header-id-meta":"","stick-header-meta":"","header-above-stick-meta":"","header-main-stick-meta":"","header-below-stick-meta":""},"pwb-brand":[84],"product_cat":[304],"product_tag":[],"class_list":{"0":"post-92216","1":"product","2":"type-product","3":"status-publish","5":"pwb-brand-meyle","6":"product_cat-jarrurumpu","7":"desktop-align-left","8":"tablet-align-left","9":"mobile-align-left","11":"first","12":"instock","13":"product-type-external"},"brands":[{"id":84,"name":"MEYLE","slug":"meyle"}],"_links":{"self":[{"href":"https:\/\/www.autonvaraosahaku.fi\/index.php?rest_route=\/wp\/v2\/product\/92216","targetHints":{"allow":["GET"]}}],"collection":[{"href":"https:\/\/www.autonvaraosahaku.fi\/index.php?rest_route=\/wp\/v2\/product"}],"about":[{"href":"https:\/\/www.autonvaraosahaku.fi\/index.php?rest_route=\/wp\/v2\/types\/product"}],"wp:attachment":[{"href":"https:\/\/www.autonvaraosahaku.fi\/index.php?rest_route=%2Fwp%2Fv2%2Fmedia&parent=92216"}],"wp:term":[{"taxonomy":"pwb-brand","embeddable":true,"href":"https:\/\/www.autonvaraosahaku.fi\/index.php?rest_route=%2Fwp%2Fv2%2Fpwb-brand&post=92216"},{"taxonomy":"product_cat","embeddable":true,"href":"https:\/\/www.autonvaraosahaku.fi\/index.php?rest_route=%2Fwp%2Fv2%2Fproduct_cat&post=92216"},{"taxonomy":"product_tag","embeddable":true,"href":"https:\/\/www.autonvaraosahaku.fi\/index.php?rest_route=%2Fwp%2Fv2%2Fproduct_tag&post=92216"}],"curies":[{"name":"wp","href":"https:\/\/api.w.org\/{rel}","templated":true}]}}