{"id":9223,"date":"2021-02-21T14:05:17","date_gmt":"2021-02-21T14:05:17","guid":{"rendered":"https:\/\/www.autonvaraosahaku.fi\/?product=ridex-298w0106-pyyhkijansulat"},"modified":"2021-02-21T14:05:18","modified_gmt":"2021-02-21T14:05:18","slug":"ridex-298w0106-pyyhkijansulat","status":"publish","type":"product","link":"https:\/\/www.autonvaraosahaku.fi\/?product=ridex-298w0106-pyyhkijansulat","title":{"rendered":"RIDEX 298W0106 Pyyhkij\u00e4nsulat"},"content":{"rendered":"<p>Vasen \/ oikea liikenne: Ohjaus vasemmalla; Asennuspuoli: Edess\u00e4; M\u00e4\u00e4r\u00e4: 2; Pituus 1 (mm): 650; Pituus 2 (mm): 400; Pituus1\/pituus2 [tuuma]: 26\/16; Muotoilu: Spoilerilla; Paino [kg]: 0,27, 0,27; Pyyhkij\u00e4nsulkatyyppi: Rungottomat; Oviluku: 5; SEAT: LEON 5F1,LEON ST 5F8,LEON SC 5F5,IBIZA V KJ1,ARONA KJ7; OPEL: CROSSLAND X; BMW: X1 F48; CITRO\u00cbN: C3 AIRCROSS II; DS: DS5; 61612407288, YQ00138980, YQ00139080, 5F1955425, 5F1955425A, 5F1955426, 5F1955426A, 6F1955425, 6F1955425A, 6F1955426, 6F1955426A, 5F1955425, 5F1955426; Tuulilasinpyyhkimet,Pyyhkij\u00e4t,Pyyhkij\u00e4nsulka<\/p>\n","protected":false},"excerpt":{"rendered":"<p>RIDEX Pyyhkij\u00e4nsulat 298W0106 Tuulilasinpyyhkimet,Pyyhkij\u00e4t SEAT,OPEL,BMW,LEON 5F1,LEON ST 5F8,LEON SC 5F5,IBIZA V KJ1,ARONA KJ7,CROSSLAND X,X1 F48<\/p>\n","protected":false},"featured_media":0,"template":"","meta":{"site-sidebar-layout":"default","site-content-layout":"default","ast-global-header-display":"","ast-main-header-display":"","ast-hfb-above-header-display":"","ast-hfb-below-header-display":"","ast-hfb-mobile-header-display":"","site-post-title":"","ast-breadcrumbs-content":"","ast-featured-img":"","footer-sml-layout":"","theme-transparent-header-meta":"","adv-header-id-meta":"","stick-header-meta":"","header-above-stick-meta":"","header-main-stick-meta":"","header-below-stick-meta":""},"pwb-brand":[157],"product_cat":[33],"product_tag":[],"class_list":{"0":"post-9223","1":"product","2":"type-product","3":"status-publish","5":"pwb-brand-ridex","6":"product_cat-pyyhkijansulat","7":"desktop-align-left","8":"tablet-align-left","9":"mobile-align-left","11":"first","12":"instock","13":"product-type-external"},"brands":[{"id":157,"name":"RIDEX","slug":"ridex"}],"_links":{"self":[{"href":"https:\/\/www.autonvaraosahaku.fi\/index.php?rest_route=\/wp\/v2\/product\/9223","targetHints":{"allow":["GET"]}}],"collection":[{"href":"https:\/\/www.autonvaraosahaku.fi\/index.php?rest_route=\/wp\/v2\/product"}],"about":[{"href":"https:\/\/www.autonvaraosahaku.fi\/index.php?rest_route=\/wp\/v2\/types\/product"}],"wp:attachment":[{"href":"https:\/\/www.autonvaraosahaku.fi\/index.php?rest_route=%2Fwp%2Fv2%2Fmedia&parent=9223"}],"wp:term":[{"taxonomy":"pwb-brand","embeddable":true,"href":"https:\/\/www.autonvaraosahaku.fi\/index.php?rest_route=%2Fwp%2Fv2%2Fpwb-brand&post=9223"},{"taxonomy":"product_cat","embeddable":true,"href":"https:\/\/www.autonvaraosahaku.fi\/index.php?rest_route=%2Fwp%2Fv2%2Fproduct_cat&post=9223"},{"taxonomy":"product_tag","embeddable":true,"href":"https:\/\/www.autonvaraosahaku.fi\/index.php?rest_route=%2Fwp%2Fv2%2Fproduct_tag&post=9223"}],"curies":[{"name":"wp","href":"https:\/\/api.w.org\/{rel}","templated":true}]}}