{"id":92250,"date":"2021-02-21T21:37:11","date_gmt":"2021-02-21T21:37:11","guid":{"rendered":"https:\/\/www.autonvaraosahaku.fi\/?product=a-b-s-9165-jarrukengat"},"modified":"2021-02-21T21:37:12","modified_gmt":"2021-02-21T21:37:12","slug":"a-b-s-9165-jarrukengat","status":"publish","type":"product","link":"https:\/\/www.autonvaraosahaku.fi\/?product=a-b-s-9165-jarrukengat","title":{"rendered":"A.B.S. 9165 Jarrukeng\u00e4t"},"content":{"rendered":"<p>L\u00e4pimitta [mm]: 200; Leveys (mm): 32; Jarruj\u00e4rjestelm\u00e4: BOSCH; Valmistaja rajaus: BOSCH; Paino [kg]: 1,28; Asennuspuoli: Hinterachse; OPEL: AGILA B H08; PEUGEOT: 107,108; TOYOTA: YARIS SCP1_, NLP1_, NCP1_,AYGO WNB1_, KGB1_,YARIS VERSO _NLP2_, _NCP2_,AYGO PAB4_, KGB4_; CITRO\u00cbN: C1 PM_, PN_,C1 II; SUZUKI: SWIFT III MZ, EZ,SX4 EY, GY,SPLASH; VAUXHALL: AGILA Mk II B; 4241N2, 4708598, 93193429, 4241N2, 5320062J00, 5320062J01, 5320062J02, 044950D010, 044950D020, 044950H010, 93193429; Jarrukenk\u00e4sarja<\/p>\n","protected":false},"excerpt":{"rendered":"<p>A.B.S. Jarrukeng\u00e4t 9165 Jarrukenk\u00e4sarja OPEL,PEUGEOT,TOYOTA,AGILA B H08,107,108,YARIS SCP1_, NLP1_, NCP1_,AYGO WNB1_, KGB1_,YARIS VERSO _NLP2_, _NCP2_<\/p>\n","protected":false},"featured_media":0,"template":"","meta":{"site-sidebar-layout":"default","site-content-layout":"default","ast-global-header-display":"","ast-main-header-display":"","ast-hfb-above-header-display":"","ast-hfb-below-header-display":"","ast-hfb-mobile-header-display":"","site-post-title":"","ast-breadcrumbs-content":"","ast-featured-img":"","footer-sml-layout":"","theme-transparent-header-meta":"","adv-header-id-meta":"","stick-header-meta":"","header-above-stick-meta":"","header-main-stick-meta":"","header-below-stick-meta":""},"pwb-brand":[326],"product_cat":[176],"product_tag":[],"class_list":{"0":"post-92250","1":"product","2":"type-product","3":"status-publish","5":"pwb-brand-a-b-s","6":"product_cat-jarrukengat","7":"desktop-align-left","8":"tablet-align-left","9":"mobile-align-left","11":"first","12":"instock","13":"product-type-external"},"brands":[{"id":326,"name":"A.B.S.","slug":"a-b-s"}],"_links":{"self":[{"href":"https:\/\/www.autonvaraosahaku.fi\/index.php?rest_route=\/wp\/v2\/product\/92250","targetHints":{"allow":["GET"]}}],"collection":[{"href":"https:\/\/www.autonvaraosahaku.fi\/index.php?rest_route=\/wp\/v2\/product"}],"about":[{"href":"https:\/\/www.autonvaraosahaku.fi\/index.php?rest_route=\/wp\/v2\/types\/product"}],"wp:attachment":[{"href":"https:\/\/www.autonvaraosahaku.fi\/index.php?rest_route=%2Fwp%2Fv2%2Fmedia&parent=92250"}],"wp:term":[{"taxonomy":"pwb-brand","embeddable":true,"href":"https:\/\/www.autonvaraosahaku.fi\/index.php?rest_route=%2Fwp%2Fv2%2Fpwb-brand&post=92250"},{"taxonomy":"product_cat","embeddable":true,"href":"https:\/\/www.autonvaraosahaku.fi\/index.php?rest_route=%2Fwp%2Fv2%2Fproduct_cat&post=92250"},{"taxonomy":"product_tag","embeddable":true,"href":"https:\/\/www.autonvaraosahaku.fi\/index.php?rest_route=%2Fwp%2Fv2%2Fproduct_tag&post=92250"}],"curies":[{"name":"wp","href":"https:\/\/api.w.org\/{rel}","templated":true}]}}