{"id":9227,"date":"2021-02-21T14:05:17","date_gmt":"2021-02-21T14:05:17","guid":{"rendered":"https:\/\/www.autonvaraosahaku.fi\/?product=ridex-273c0332-alatukivarsi"},"modified":"2021-02-21T14:05:18","modified_gmt":"2021-02-21T14:05:18","slug":"ridex-273c0332-alatukivarsi","status":"publish","type":"product","link":"https:\/\/www.autonvaraosahaku.fi\/?product=ridex-273c0332-alatukivarsi","title":{"rendered":"RIDEX 273C0332 Alatukivarsi"},"content":{"rendered":"<p>Asennuspuoli: Alla, Etuakseli, oikea; Kartionousu: 1\/6; Kartiomitta (mm): 15,3; Ohjausmalli: Poikittaistukivarsi; Materiaali alusta: Ter\u00e4slevy; SUBARU: JUSTY IV; DAIHATSU: SIRION M3_; 48068B1020, 48068B1080, 48068B1020, 48068B1080; Tukivarsi,Tukivarsi, Py\u00f6r\u00e4ntuenta<\/p>\n","protected":false},"excerpt":{"rendered":"<p>RIDEX Alatukivarsi 273C0332 Tukivarsi,Tukivarsi, Py\u00f6r\u00e4ntuenta SUBARU,DAIHATSU,JUSTY IV,SIRION M3_<\/p>\n","protected":false},"featured_media":0,"template":"","meta":{"site-sidebar-layout":"default","site-content-layout":"default","ast-global-header-display":"","ast-main-header-display":"","ast-hfb-above-header-display":"","ast-hfb-below-header-display":"","ast-hfb-mobile-header-display":"","site-post-title":"","ast-breadcrumbs-content":"","ast-featured-img":"","footer-sml-layout":"","theme-transparent-header-meta":"","adv-header-id-meta":"","stick-header-meta":"","header-above-stick-meta":"","header-main-stick-meta":"","header-below-stick-meta":""},"pwb-brand":[157],"product_cat":[62],"product_tag":[],"class_list":{"0":"post-9227","1":"product","2":"type-product","3":"status-publish","5":"pwb-brand-ridex","6":"product_cat-alatukivarsi","7":"desktop-align-left","8":"tablet-align-left","9":"mobile-align-left","11":"first","12":"instock","13":"product-type-external"},"brands":[{"id":157,"name":"RIDEX","slug":"ridex"}],"_links":{"self":[{"href":"https:\/\/www.autonvaraosahaku.fi\/index.php?rest_route=\/wp\/v2\/product\/9227","targetHints":{"allow":["GET"]}}],"collection":[{"href":"https:\/\/www.autonvaraosahaku.fi\/index.php?rest_route=\/wp\/v2\/product"}],"about":[{"href":"https:\/\/www.autonvaraosahaku.fi\/index.php?rest_route=\/wp\/v2\/types\/product"}],"wp:attachment":[{"href":"https:\/\/www.autonvaraosahaku.fi\/index.php?rest_route=%2Fwp%2Fv2%2Fmedia&parent=9227"}],"wp:term":[{"taxonomy":"pwb-brand","embeddable":true,"href":"https:\/\/www.autonvaraosahaku.fi\/index.php?rest_route=%2Fwp%2Fv2%2Fpwb-brand&post=9227"},{"taxonomy":"product_cat","embeddable":true,"href":"https:\/\/www.autonvaraosahaku.fi\/index.php?rest_route=%2Fwp%2Fv2%2Fproduct_cat&post=9227"},{"taxonomy":"product_tag","embeddable":true,"href":"https:\/\/www.autonvaraosahaku.fi\/index.php?rest_route=%2Fwp%2Fv2%2Fproduct_tag&post=9227"}],"curies":[{"name":"wp","href":"https:\/\/api.w.org\/{rel}","templated":true}]}}