{"id":92274,"date":"2021-02-21T21:37:20","date_gmt":"2021-02-21T21:37:20","guid":{"rendered":"https:\/\/www.autonvaraosahaku.fi\/?product=monroe-l16860-muut-luokat"},"modified":"2021-02-21T21:37:22","modified_gmt":"2021-02-21T21:37:22","slug":"monroe-l16860-muut-luokat","status":"publish","type":"product","link":"https:\/\/www.autonvaraosahaku.fi\/?product=monroe-l16860-muut-luokat","title":{"rendered":"MONROE L16860 Muut luokat"},"content":{"rendered":"<p>Paino [kg]: 0,220; Tarvittava kappalem\u00e4\u00e4r\u00e4: 2; Ohjausmalli: Poikittaistukivarsi; Pakkauspituus [cm]: 6; Pakkausleveys [cm]: 10; Pakkauskorkeus [mm]: 6; Valmistusvuoteen: 08\/1981; MAZDA: 2 DY,121 III JASM, JBSM; FORD: FIESTA V JH_, JD_,FOCUS Kombi DNW,FOCUS DAW, DBW,FIESTA IV JA_, JB_,FUSION JU_,KA RB_,FOCUS Stufenheck DFW,FIESTA III GFJ,ESCORT VII GAL, AAL, ABL,ESCORT IV Cabriolet ALF,ESCORT VII Kombi GAL, ANL,FIESTA V Van,ESCORT VII Cabriolet ALL,ESCORT VI Cabriolet ALL,ESCORT VI GAL,FIESTA I GFBT,ESCORT IV GAF, AWF, ABFT,FIESTA II FBD,ESCORT V Cabriolet ALL,ESCORT &#8217;95 Express AVL,ESCORT III GAA,FIESTA Kasten J5_, J3_,ESCORT V GAL,ESCORT VII Stufenheck GAL, AFL,FIESTA Kasten JV_,ESCORT III Cabriolet ALD,KA Van RB,ESCORT VI Kombi GAL,ESCORT VI Stufenheck GAL,FIESTA Kasten F3L, F5L,FIESTA Kasten FVD,ORION II AFF,ESCORT IV Kombi AWF, AVF,ESCORT &#8217;86 Express AVF,ESCORT V Kombi GAL, AVL,ESCORT &#8217;91 Express AVL,FIESTA Kasten WFVT,ORION III GAL,ESCORT III Kombi AWA,ORION I AFD,ESCORT &#8217;81 Express AVA; 1061625, 1473935, 6080625<\/p>\n","protected":false},"excerpt":{"rendered":"<p>MONROE Asennussarja, Ohjausvipu L16860  MAZDA,FORD,2 DY,121 III JASM, JBSM,FIESTA V JH_, JD_,FOCUS Kombi DNW,FOCUS DAW, DBW,FIESTA IV JA_, JB_<\/p>\n","protected":false},"featured_media":0,"template":"","meta":{"site-sidebar-layout":"default","site-content-layout":"default","ast-global-header-display":"","ast-main-header-display":"","ast-hfb-above-header-display":"","ast-hfb-below-header-display":"","ast-hfb-mobile-header-display":"","site-post-title":"","ast-breadcrumbs-content":"","ast-featured-img":"","footer-sml-layout":"","theme-transparent-header-meta":"","adv-header-id-meta":"","stick-header-meta":"","header-above-stick-meta":"","header-main-stick-meta":"","header-below-stick-meta":""},"pwb-brand":[79],"product_cat":[37],"product_tag":[],"class_list":{"0":"post-92274","1":"product","2":"type-product","3":"status-publish","5":"pwb-brand-monroe","6":"product_cat-muut-luokat","7":"desktop-align-left","8":"tablet-align-left","9":"mobile-align-left","11":"first","12":"instock","13":"product-type-external"},"brands":[{"id":79,"name":"MONROE","slug":"monroe"}],"_links":{"self":[{"href":"https:\/\/www.autonvaraosahaku.fi\/index.php?rest_route=\/wp\/v2\/product\/92274","targetHints":{"allow":["GET"]}}],"collection":[{"href":"https:\/\/www.autonvaraosahaku.fi\/index.php?rest_route=\/wp\/v2\/product"}],"about":[{"href":"https:\/\/www.autonvaraosahaku.fi\/index.php?rest_route=\/wp\/v2\/types\/product"}],"wp:attachment":[{"href":"https:\/\/www.autonvaraosahaku.fi\/index.php?rest_route=%2Fwp%2Fv2%2Fmedia&parent=92274"}],"wp:term":[{"taxonomy":"pwb-brand","embeddable":true,"href":"https:\/\/www.autonvaraosahaku.fi\/index.php?rest_route=%2Fwp%2Fv2%2Fpwb-brand&post=92274"},{"taxonomy":"product_cat","embeddable":true,"href":"https:\/\/www.autonvaraosahaku.fi\/index.php?rest_route=%2Fwp%2Fv2%2Fproduct_cat&post=92274"},{"taxonomy":"product_tag","embeddable":true,"href":"https:\/\/www.autonvaraosahaku.fi\/index.php?rest_route=%2Fwp%2Fv2%2Fproduct_tag&post=92274"}],"curies":[{"name":"wp","href":"https:\/\/api.w.org\/{rel}","templated":true}]}}