{"id":92276,"date":"2021-02-21T21:37:20","date_gmt":"2021-02-21T21:37:20","guid":{"rendered":"https:\/\/www.autonvaraosahaku.fi\/?product=skf-vkja-3001-vetonivel"},"modified":"2021-02-21T21:37:23","modified_gmt":"2021-02-21T21:37:23","slug":"skf-vkja-3001-vetonivel","status":"publish","type":"product","link":"https:\/\/www.autonvaraosahaku.fi\/?product=skf-vkja-3001-vetonivel","title":{"rendered":"SKF VKJA 3001 Vetonivel"},"content":{"rendered":"<p>Kierremitta: M14x1,5; Ulkohammastus, py\u00f6r\u00e4npuoli: 33; Sis\u00e4hammastus, py\u00f6r\u00e4npuoli: 30; Tiivisteen l\u00e4pimitta [mm]: 53; Hammasluku, ABS-keh\u00e4: 45; Ulkol\u00e4pimitta [mm]: 90; Nivelmalli: Vakionopeusnivel; Mekaanisesti ty\u00f6stetty: Sokkauralla sis\u00e4osassa (sis\u00e4p.); Moottorinumero: ADP; VW: PASSAT Variant 3B6,PASSAT Variant 3B5,PASSAT 3B2,PASSAT 3B3; AUDI: A4 8D2, B5,A4 Avant 8E5, B6,A6 Avant 4B5, C5,A4 Avant 8D5, B5,A4 8E2, B6,A6 4B2, C5; SKODA: SUPERB 3U4; 3B0498099D, 3B0498099DX, 8D0498099B, 8D0498099BX, 3B0498099A, 3B0498099D, 3B0598099, 3B0598099X, 8D0407305G, 8D0498099, 8D0498099B; Nivelsarja, Vetoakseli<\/p>\n","protected":false},"excerpt":{"rendered":"<p>SKF Vetonivel VKJA 3001 Nivelsarja, Vetoakseli VW,AUDI,SKODA,PASSAT Variant 3B6,PASSAT Variant 3B5,PASSAT 3B2,PASSAT 3B3,A4 8D2, B5,A4 Avant 8E5, B6<\/p>\n","protected":false},"featured_media":0,"template":"","meta":{"site-sidebar-layout":"default","site-content-layout":"default","ast-global-header-display":"","ast-main-header-display":"","ast-hfb-above-header-display":"","ast-hfb-below-header-display":"","ast-hfb-mobile-header-display":"","site-post-title":"","ast-breadcrumbs-content":"","ast-featured-img":"","footer-sml-layout":"","theme-transparent-header-meta":"","adv-header-id-meta":"","stick-header-meta":"","header-above-stick-meta":"","header-main-stick-meta":"","header-below-stick-meta":""},"pwb-brand":[237],"product_cat":[175],"product_tag":[],"class_list":{"0":"post-92276","1":"product","2":"type-product","3":"status-publish","5":"pwb-brand-skf","6":"product_cat-vetonivel","7":"desktop-align-left","8":"tablet-align-left","9":"mobile-align-left","11":"first","12":"instock","13":"product-type-external"},"brands":[{"id":237,"name":"SKF","slug":"skf"}],"_links":{"self":[{"href":"https:\/\/www.autonvaraosahaku.fi\/index.php?rest_route=\/wp\/v2\/product\/92276","targetHints":{"allow":["GET"]}}],"collection":[{"href":"https:\/\/www.autonvaraosahaku.fi\/index.php?rest_route=\/wp\/v2\/product"}],"about":[{"href":"https:\/\/www.autonvaraosahaku.fi\/index.php?rest_route=\/wp\/v2\/types\/product"}],"wp:attachment":[{"href":"https:\/\/www.autonvaraosahaku.fi\/index.php?rest_route=%2Fwp%2Fv2%2Fmedia&parent=92276"}],"wp:term":[{"taxonomy":"pwb-brand","embeddable":true,"href":"https:\/\/www.autonvaraosahaku.fi\/index.php?rest_route=%2Fwp%2Fv2%2Fpwb-brand&post=92276"},{"taxonomy":"product_cat","embeddable":true,"href":"https:\/\/www.autonvaraosahaku.fi\/index.php?rest_route=%2Fwp%2Fv2%2Fproduct_cat&post=92276"},{"taxonomy":"product_tag","embeddable":true,"href":"https:\/\/www.autonvaraosahaku.fi\/index.php?rest_route=%2Fwp%2Fv2%2Fproduct_tag&post=92276"}],"curies":[{"name":"wp","href":"https:\/\/api.w.org\/{rel}","templated":true}]}}