{"id":92277,"date":"2021-02-21T21:37:20","date_gmt":"2021-02-21T21:37:20","guid":{"rendered":"https:\/\/www.autonvaraosahaku.fi\/?product=vaico-v51-40004-jarrulevyt"},"modified":"2021-02-21T21:37:23","modified_gmt":"2021-02-21T21:37:23","slug":"vaico-v51-40004-jarrulevyt","status":"publish","type":"product","link":"https:\/\/www.autonvaraosahaku.fi\/?product=vaico-v51-40004-jarrulevyt","title":{"rendered":"VAICO V51-40004 Jarrulevyt"},"content":{"rendered":"<p>Jarrulevyn navan korkeus [mm]: 46,5; Vanne, aukkoja: 4; Korkeus (mm): 57,2; Jarrulevytyyppi: Vakiomalli; Jarrulevyn paksuus (mm): 10,5; V\u00e4himm\u00e4ispaksuus (mm): 8; Ulkol\u00e4pimitta [mm]: 258; keskitt\u00e4misl\u00e4pimitta [mm]: 60; Reik\u00e4ympyr\u00e4-\u00d8 [mm]: 114,3; Pakkausleveys [cm]: 26; Pakkauskorkeus [mm]: 12; Pakkaussyvyys [cm]: 26; lis\u00e4tieto: CST99; Asennuspuoli: Hinterachse; CHEVROLET: NUBIRA Kombi,LACETTI J200,AVEO Stufenheck T250, T255,NUBIRA Stufenheck,LACETTI Kombi J200,LACETTI Stufenheck; DAEWOO: KALOS KLAS,LACETTI Schr\u00e4gheck KLAN,NUBIRA Stufenheck KLAN,NUBIRA Wagon KLAN,NUBIRA KLAJ,LACETTI Stufenheck J200,LACETTI J150  Stufenheck; 96549630, 96549630; Jarrulevy<\/p>\n","protected":false},"excerpt":{"rendered":"<p>VAICO Jarrulevyt V51-40004 Jarrulevy CHEVROLET,DAEWOO,NUBIRA Kombi,LACETTI J200,AVEO Stufenheck T250, T255,NUBIRA Stufenheck,LACETTI Kombi J200<\/p>\n","protected":false},"featured_media":0,"template":"","meta":{"site-sidebar-layout":"default","site-content-layout":"default","ast-global-header-display":"","ast-main-header-display":"","ast-hfb-above-header-display":"","ast-hfb-below-header-display":"","ast-hfb-mobile-header-display":"","site-post-title":"","ast-breadcrumbs-content":"","ast-featured-img":"","footer-sml-layout":"","theme-transparent-header-meta":"","adv-header-id-meta":"","stick-header-meta":"","header-above-stick-meta":"","header-main-stick-meta":"","header-below-stick-meta":""},"pwb-brand":[330],"product_cat":[66],"product_tag":[],"class_list":{"0":"post-92277","1":"product","2":"type-product","3":"status-publish","5":"pwb-brand-vaico","6":"product_cat-jarrulevyt","7":"desktop-align-left","8":"tablet-align-left","9":"mobile-align-left","11":"first","12":"instock","13":"product-type-external"},"brands":[{"id":330,"name":"VAICO","slug":"vaico"}],"_links":{"self":[{"href":"https:\/\/www.autonvaraosahaku.fi\/index.php?rest_route=\/wp\/v2\/product\/92277","targetHints":{"allow":["GET"]}}],"collection":[{"href":"https:\/\/www.autonvaraosahaku.fi\/index.php?rest_route=\/wp\/v2\/product"}],"about":[{"href":"https:\/\/www.autonvaraosahaku.fi\/index.php?rest_route=\/wp\/v2\/types\/product"}],"wp:attachment":[{"href":"https:\/\/www.autonvaraosahaku.fi\/index.php?rest_route=%2Fwp%2Fv2%2Fmedia&parent=92277"}],"wp:term":[{"taxonomy":"pwb-brand","embeddable":true,"href":"https:\/\/www.autonvaraosahaku.fi\/index.php?rest_route=%2Fwp%2Fv2%2Fpwb-brand&post=92277"},{"taxonomy":"product_cat","embeddable":true,"href":"https:\/\/www.autonvaraosahaku.fi\/index.php?rest_route=%2Fwp%2Fv2%2Fproduct_cat&post=92277"},{"taxonomy":"product_tag","embeddable":true,"href":"https:\/\/www.autonvaraosahaku.fi\/index.php?rest_route=%2Fwp%2Fv2%2Fproduct_tag&post=92277"}],"curies":[{"name":"wp","href":"https:\/\/api.w.org\/{rel}","templated":true}]}}