{"id":92305,"date":"2021-02-21T21:37:28","date_gmt":"2021-02-21T21:37:28","guid":{"rendered":"https:\/\/www.autonvaraosahaku.fi\/?product=ridex-402b1007-jarrupalat"},"modified":"2021-02-21T21:37:34","modified_gmt":"2021-02-21T21:37:34","slug":"ridex-402b1007-jarrupalat","status":"publish","type":"product","link":"https:\/\/www.autonvaraosahaku.fi\/?product=ridex-402b1007-jarrupalat","title":{"rendered":"RIDEX 402B1007 Jarrupalat"},"content":{"rendered":"<p>Jarruj\u00e4rjestelm\u00e4: Akebono; Asennuspuoli: Etuakseli; Pituus (mm): 127,6; Korkeus (mm): 52,5; Paksuus [mm]: 15,2; WVA-numero: 20955 (15.00); M\u00e4\u00e4r\u00e4yksikk\u00f6: Akselisarja; MITSUBISHI: COLT V CJ_, CP_,L 300 Bus P0_W, P1_W, P2_W,COLT IV CA_A,PAJERO I L04_G, L14_G,COLT III C5_A,LANCER VI CJ-CP_,L 300 Pritsche\/Fahrgestell L03_P,LANCER V Station Wagon CB_W, CD_W,GALANT IV E3_A,LANCER V CB\/D_A,GALANT IV Stufenheck E3_A,LANCER IV C6_A, C7_A,L 300 Kasten P0_W, P1_W,PAJERO I Canvas Top L04_G,L 200 K3_T, K2_T, K1_T, K0_T,COLT II C1_A,LANCER III Station Wagon C1_V, C3_V,GALANT III E1_A,COLT I A15_A,LANCER IV Stufenheck C6_A,SPACE WAGON D0_V\/W,LANCER I A17_,GALANT II A16_,L 300 Pritsche\/Fahrgestell P1_T,SAPPORO II A16_A,LANCER III C1_A, C6_A,SAPPORO I A12_,CORDIA A21_A, AB,COLT LANCER A7_,GALANT II Station Wagon A16_V,LANCER F II A17_,GALANT I Station Wagon A12_V,TREDIA A21_; DAIHATSU: TERIOS J1; MB277192, MB277193, MB316168, MB316188, MB316553, MB316570, MB316757, MB366284, MB366285, MB366286, MB407430, MB407431, MB407433, MB407434, MB407450, MB407877, MB407938, MB500295, MB500399, MB500609, MB500610, MB500728, MB500960, MB534483, MB534484, MB534485, MB534486, MB534487, MB534488, MB534489, MB534712, MB534713, MB587051, MB587053, MB587054, MB587055, MB587056, MB587057, MB587060, MB587061, MB587284, MB618116, MB618455, MB668397, MB668398, MB668399, MB668400, MB699464, MB895168, MB928816, MR162522, MR389521, MR389530, MR389531, MZ690018, MZ690038, MZ690335, X3511006, AY040MT001; Jarrupalasarja,Jarrupala, Levyjarru<\/p>\n","protected":false},"excerpt":{"rendered":"<p>RIDEX Jarrupalat 402B1007 Jarrupalasarja,Jarrupala, Levyjarru MITSUBISHI,DAIHATSU,COLT V CJ_, CP_,L 300 Bus P0_W, P1_W, P2_W,COLT IV CA_A<\/p>\n","protected":false},"featured_media":0,"template":"","meta":{"site-sidebar-layout":"default","site-content-layout":"default","ast-global-header-display":"","ast-main-header-display":"","ast-hfb-above-header-display":"","ast-hfb-below-header-display":"","ast-hfb-mobile-header-display":"","site-post-title":"","ast-breadcrumbs-content":"","ast-featured-img":"","footer-sml-layout":"","theme-transparent-header-meta":"","adv-header-id-meta":"","stick-header-meta":"","header-above-stick-meta":"","header-main-stick-meta":"","header-below-stick-meta":""},"pwb-brand":[157],"product_cat":[100],"product_tag":[],"class_list":{"0":"post-92305","1":"product","2":"type-product","3":"status-publish","5":"pwb-brand-ridex","6":"product_cat-jarrupalat","7":"desktop-align-left","8":"tablet-align-left","9":"mobile-align-left","11":"first","12":"instock","13":"product-type-external"},"brands":[{"id":157,"name":"RIDEX","slug":"ridex"}],"_links":{"self":[{"href":"https:\/\/www.autonvaraosahaku.fi\/index.php?rest_route=\/wp\/v2\/product\/92305","targetHints":{"allow":["GET"]}}],"collection":[{"href":"https:\/\/www.autonvaraosahaku.fi\/index.php?rest_route=\/wp\/v2\/product"}],"about":[{"href":"https:\/\/www.autonvaraosahaku.fi\/index.php?rest_route=\/wp\/v2\/types\/product"}],"wp:attachment":[{"href":"https:\/\/www.autonvaraosahaku.fi\/index.php?rest_route=%2Fwp%2Fv2%2Fmedia&parent=92305"}],"wp:term":[{"taxonomy":"pwb-brand","embeddable":true,"href":"https:\/\/www.autonvaraosahaku.fi\/index.php?rest_route=%2Fwp%2Fv2%2Fpwb-brand&post=92305"},{"taxonomy":"product_cat","embeddable":true,"href":"https:\/\/www.autonvaraosahaku.fi\/index.php?rest_route=%2Fwp%2Fv2%2Fproduct_cat&post=92305"},{"taxonomy":"product_tag","embeddable":true,"href":"https:\/\/www.autonvaraosahaku.fi\/index.php?rest_route=%2Fwp%2Fv2%2Fproduct_tag&post=92305"}],"curies":[{"name":"wp","href":"https:\/\/api.w.org\/{rel}","templated":true}]}}