{"id":92314,"date":"2021-02-21T21:37:36","date_gmt":"2021-02-21T21:37:36","guid":{"rendered":"https:\/\/www.autonvaraosahaku.fi\/?product=febi-bilstein-26348-muut-luokat"},"modified":"2021-02-21T21:37:38","modified_gmt":"2021-02-21T21:37:38","slug":"febi-bilstein-26348-muut-luokat","status":"publish","type":"product","link":"https:\/\/www.autonvaraosahaku.fi\/?product=febi-bilstein-26348-muut-luokat","title":{"rendered":"FEBI BILSTEIN 26348 Muut luokat"},"content":{"rendered":"<p>Leveys (mm): 9,0; Sis\u00e4l\u00e4pimitta [mm]: 17,8, 21,0; Materiaali: Ruostumaton ter\u00e4s; Asennuspuoli: etuakseli molemminpuoleinen, Ulompi; Paino [kg]: 0,010, 0,010; 1K0423933, 1K1423051CL, 1K1423051CN, 1K1423070AX, 1K1423070X, 1K2423051AD, 1K2423051M, 4G0423875, 1K0423933, 4G0423875, 1K0423933, 1K0423933, 1K0423933, 1K1423051CL, 1K1423051CN, 1K1423070AX, 1K1423070X, 1K2423051AD, 1K2423051M, 4G0423875<\/p>\n","protected":false},"excerpt":{"rendered":"<p>FEBI BILSTEIN Kiinnike 26348<\/p>\n","protected":false},"featured_media":0,"template":"","meta":{"site-sidebar-layout":"default","site-content-layout":"default","ast-global-header-display":"","ast-main-header-display":"","ast-hfb-above-header-display":"","ast-hfb-below-header-display":"","ast-hfb-mobile-header-display":"","site-post-title":"","ast-breadcrumbs-content":"","ast-featured-img":"","footer-sml-layout":"","theme-transparent-header-meta":"","adv-header-id-meta":"","stick-header-meta":"","header-above-stick-meta":"","header-main-stick-meta":"","header-below-stick-meta":""},"pwb-brand":[50],"product_cat":[37],"product_tag":[],"class_list":{"0":"post-92314","1":"product","2":"type-product","3":"status-publish","5":"pwb-brand-febi-bilstein","6":"product_cat-muut-luokat","7":"desktop-align-left","8":"tablet-align-left","9":"mobile-align-left","11":"first","12":"instock","13":"product-type-external"},"brands":[{"id":50,"name":"FEBI BILSTEIN","slug":"febi-bilstein"}],"_links":{"self":[{"href":"https:\/\/www.autonvaraosahaku.fi\/index.php?rest_route=\/wp\/v2\/product\/92314","targetHints":{"allow":["GET"]}}],"collection":[{"href":"https:\/\/www.autonvaraosahaku.fi\/index.php?rest_route=\/wp\/v2\/product"}],"about":[{"href":"https:\/\/www.autonvaraosahaku.fi\/index.php?rest_route=\/wp\/v2\/types\/product"}],"wp:attachment":[{"href":"https:\/\/www.autonvaraosahaku.fi\/index.php?rest_route=%2Fwp%2Fv2%2Fmedia&parent=92314"}],"wp:term":[{"taxonomy":"pwb-brand","embeddable":true,"href":"https:\/\/www.autonvaraosahaku.fi\/index.php?rest_route=%2Fwp%2Fv2%2Fpwb-brand&post=92314"},{"taxonomy":"product_cat","embeddable":true,"href":"https:\/\/www.autonvaraosahaku.fi\/index.php?rest_route=%2Fwp%2Fv2%2Fproduct_cat&post=92314"},{"taxonomy":"product_tag","embeddable":true,"href":"https:\/\/www.autonvaraosahaku.fi\/index.php?rest_route=%2Fwp%2Fv2%2Fproduct_tag&post=92314"}],"curies":[{"name":"wp","href":"https:\/\/api.w.org\/{rel}","templated":true}]}}