{"id":92319,"date":"2021-02-21T21:37:36","date_gmt":"2021-02-21T21:37:36","guid":{"rendered":"https:\/\/www.autonvaraosahaku.fi\/?product=ajusa-15013300-kampiakselin-tiiviste"},"modified":"2021-02-21T21:37:40","modified_gmt":"2021-02-21T21:37:40","slug":"ajusa-15013300-kampiakselin-tiiviste","status":"publish","type":"product","link":"https:\/\/www.autonvaraosahaku.fi\/?product=ajusa-15013300-kampiakselin-tiiviste","title":{"rendered":"AJUSA 15013300 Kampiakselin tiiviste"},"content":{"rendered":"<p>Sis\u00e4l\u00e4pimitta [mm]: 35; Ulkol\u00e4pimitta [mm]: 50; Korkeus (mm): 8; Asennuspuoli: stirnseitig; VW: GOL I; KIA: SORENTO I JC,PICANTO BA,CEE&#8217;D SW ED,CEE&#8217;D Schr\u00e4gheck ED,SPORTAGE JE_, KM_,CARENS II FJ,RIO II JB,PRO CEE&#8217;D ED,SOUL AM,CERATO LD,MAGENTIS GD,CERATO Stufenheck LD,RIO II Stufenheck JB,JOICE,PREGIO Kasten TB,PREGIO Bus,K2500 SD,BONGO Pritsche\/Fahrgestell; HONDA: LEGEND III KA9,LEGEND II Coupe KA8,LEGEND II KA7,LEGEND I Coupe KA3,LEGEND I HS, KA; HYUNDAI: i30 FD,GETZ TB,i10 PA,TUCSON JM,i30 CW FD,SANTA F\u00c9 I SM,MATRIX FC,TERRACAN HP,COUPE GK,ATOS MX,TRAJET FO,GALLOPER II JK-01,SONATA IV EF,ACCENT II LC,COUPE RD,H-1 Kasten,ACCENT III MC,H-1 \/ STAREX,ELANTRA XD,ACCENT III Stufenheck MC,ELANTRA Stufenheck XD,ACCENT I X-3,ACCENT II Stufenheck LC,LANTRA II Wagon J-2,LANTRA II J-2,SANTAMO,ACCENT Stufenheck X-3,SONATA III Y-3,GALLOPER I,PONY X-2,LANTRA I J-1,S COUPE SLC,H100 Bus P,HIGHWAY VAN,H100 Kasten,TIBURON Coupe,ELANTRA Stufenheck HD,PONY \/ EXCEL Stufenheck X-2,H-1 Pritsche\/Fahrgestell,SONATA II Y-2,PORTER Pritsche\/Fahrgestell,H100 Pick-up,H100 Pritsche\/Fahrgestell,PORTER Pick-up,PONY Stufenheck X-1; VOLVO: V40 Kombi VW,S40 I VS,340-360 343, 345,340-360 Stufenheck 344; ROVER: 200 RF,800 XS,800 Hatchback XS,800 Coupe; CHRYSLER: VOYAGER III GS,STRATUS Cabriolet JX,VOYAGER II ES,LE BARON Cabriolet,STRATUS JA,VOYAGER I AS,SEBRING Coupe JR,SEBRING Coupe FJ,LE BARON Coupe,CIRRUS,LE BARON Stufenheck; DACIA: 1310 Stufenheck U, X,1300; SMART: FORFOUR 454; FIAT: FULLBACK Pick-up 502_, 503_; 91213PY3003, 91213PY3004, 91213PH7003, 91213PH7013, 91213PL2003, 221443B000, 221443B001, 2214435000, 221443B001, 1052A366, MD008762, MD0133317, MD016310, MD133317, MD153103, MD372536, 2214421010, 7700859691, 30874307, 308743079, 31038381; Akselitiiviste, Kampiakseli<\/p>\n","protected":false},"excerpt":{"rendered":"<p>AJUSA Kampiakselin Tiiviste 15013300 Akselitiiviste, Kampiakseli VW,KIA,HONDA,GOL I,SORENTO I JC,PICANTO BA,CEE&#8217;D SW ED,CEE&#8217;D Schr\u00e4gheck ED<\/p>\n","protected":false},"featured_media":0,"template":"","meta":{"site-sidebar-layout":"default","site-content-layout":"default","ast-global-header-display":"","ast-main-header-display":"","ast-hfb-above-header-display":"","ast-hfb-below-header-display":"","ast-hfb-mobile-header-display":"","site-post-title":"","ast-breadcrumbs-content":"","ast-featured-img":"","footer-sml-layout":"","theme-transparent-header-meta":"","adv-header-id-meta":"","stick-header-meta":"","header-above-stick-meta":"","header-main-stick-meta":"","header-below-stick-meta":""},"pwb-brand":[211],"product_cat":[88],"product_tag":[],"class_list":{"0":"post-92319","1":"product","2":"type-product","3":"status-publish","5":"pwb-brand-ajusa","6":"product_cat-kampiakselin-tiiviste","7":"desktop-align-left","8":"tablet-align-left","9":"mobile-align-left","11":"first","12":"instock","13":"product-type-external"},"brands":[{"id":211,"name":"AJUSA","slug":"ajusa"}],"_links":{"self":[{"href":"https:\/\/www.autonvaraosahaku.fi\/index.php?rest_route=\/wp\/v2\/product\/92319","targetHints":{"allow":["GET"]}}],"collection":[{"href":"https:\/\/www.autonvaraosahaku.fi\/index.php?rest_route=\/wp\/v2\/product"}],"about":[{"href":"https:\/\/www.autonvaraosahaku.fi\/index.php?rest_route=\/wp\/v2\/types\/product"}],"wp:attachment":[{"href":"https:\/\/www.autonvaraosahaku.fi\/index.php?rest_route=%2Fwp%2Fv2%2Fmedia&parent=92319"}],"wp:term":[{"taxonomy":"pwb-brand","embeddable":true,"href":"https:\/\/www.autonvaraosahaku.fi\/index.php?rest_route=%2Fwp%2Fv2%2Fpwb-brand&post=92319"},{"taxonomy":"product_cat","embeddable":true,"href":"https:\/\/www.autonvaraosahaku.fi\/index.php?rest_route=%2Fwp%2Fv2%2Fproduct_cat&post=92319"},{"taxonomy":"product_tag","embeddable":true,"href":"https:\/\/www.autonvaraosahaku.fi\/index.php?rest_route=%2Fwp%2Fv2%2Fproduct_tag&post=92319"}],"curies":[{"name":"wp","href":"https:\/\/api.w.org\/{rel}","templated":true}]}}