{"id":92321,"date":"2021-02-21T21:37:36","date_gmt":"2021-02-21T21:37:36","guid":{"rendered":"https:\/\/www.autonvaraosahaku.fi\/?product=autlog-lm1119-ilmamassamittari"},"modified":"2021-02-21T21:37:41","modified_gmt":"2021-02-21T21:37:41","slug":"autlog-lm1119-ilmamassamittari","status":"publish","type":"product","link":"https:\/\/www.autonvaraosahaku.fi\/?product=autlog-lm1119-ilmamassamittari","title":{"rendered":"AUTLOG LM1119 Ilmamassamittari"},"content":{"rendered":"<p>Paino [kg]: 0,065; Valmistusvuosi alkaen: 10\/1998; MAZDA: 6 Station Wagon GY,6 Kombi GH,323 F VI BJ,CX-7 ER,6 Hatchback GG,6 GG,6 GH,FAMILIA VI BJ,B-SERIE UN,BT-50 CD, UN; LEXUS: RX MCU15; SUZUKI: SWIFT III MZ, EZ,JIMNY FJ,GRAND VITARA II JT,SX4 EY, GY,WAGON R+ MM,LIANA Schr\u00e4gheck,LIANA ER,SX4 Stufenheck GY; FORD: RANGER ER, EQ; TOYOTA: AVENSIS _T22_,AVENSIS Station Wagon _T22_,PREVIA MCR3_, ACR3_, CLR3_,AVENSIS Liftback _T22_,CAMRY MCV3_, ACV3_, _XV3_,PRIUS Stufenheck NHW11_,CAMRY SOLARA Coupe MCV3_, ACV3_; MITSUBISHI: PAJERO IV V8_W, V9_W,L 200 KB_T, KA_T,PAJERO SPORT II KH_, KG_; 1X4312B579AA, 1X4312B579AB, C2S2670, 1X4312B579AA, 1X4312B579AB, PHF000140, 2220407010, 222040D020, 2220421010, L32113215, WLS113215, WLS113215A, ZL0113215, ZLY113215, 1525A016, MR547077, 1380063J00, 1380084E00, 1974002000, 2220407010, 222040D020, 2220421010, 30713512, 8658471, 9202199; Ilmam\u00e4\u00e4r\u00e4mittari,MAF Anturi<\/p>\n","protected":false},"excerpt":{"rendered":"<p>AUTLOG Ilmamassamittari LM1119 Ilmam\u00e4\u00e4r\u00e4mittari,MAF Anturi MAZDA,LEXUS,SUZUKI,6 Station Wagon GY,6 Kombi GH,323 F VI BJ,CX-7 ER,6 Hatchback GG,6 GG<\/p>\n","protected":false},"featured_media":0,"template":"","meta":{"site-sidebar-layout":"default","site-content-layout":"default","ast-global-header-display":"","ast-main-header-display":"","ast-hfb-above-header-display":"","ast-hfb-below-header-display":"","ast-hfb-mobile-header-display":"","site-post-title":"","ast-breadcrumbs-content":"","ast-featured-img":"","footer-sml-layout":"","theme-transparent-header-meta":"","adv-header-id-meta":"","stick-header-meta":"","header-above-stick-meta":"","header-main-stick-meta":"","header-below-stick-meta":""},"pwb-brand":[450],"product_cat":[270],"product_tag":[],"class_list":{"0":"post-92321","1":"product","2":"type-product","3":"status-publish","5":"pwb-brand-autlog","6":"product_cat-ilmamassamittari","7":"desktop-align-left","8":"tablet-align-left","9":"mobile-align-left","11":"first","12":"instock","13":"product-type-external"},"brands":[{"id":450,"name":"AUTLOG","slug":"autlog"}],"_links":{"self":[{"href":"https:\/\/www.autonvaraosahaku.fi\/index.php?rest_route=\/wp\/v2\/product\/92321","targetHints":{"allow":["GET"]}}],"collection":[{"href":"https:\/\/www.autonvaraosahaku.fi\/index.php?rest_route=\/wp\/v2\/product"}],"about":[{"href":"https:\/\/www.autonvaraosahaku.fi\/index.php?rest_route=\/wp\/v2\/types\/product"}],"wp:attachment":[{"href":"https:\/\/www.autonvaraosahaku.fi\/index.php?rest_route=%2Fwp%2Fv2%2Fmedia&parent=92321"}],"wp:term":[{"taxonomy":"pwb-brand","embeddable":true,"href":"https:\/\/www.autonvaraosahaku.fi\/index.php?rest_route=%2Fwp%2Fv2%2Fpwb-brand&post=92321"},{"taxonomy":"product_cat","embeddable":true,"href":"https:\/\/www.autonvaraosahaku.fi\/index.php?rest_route=%2Fwp%2Fv2%2Fproduct_cat&post=92321"},{"taxonomy":"product_tag","embeddable":true,"href":"https:\/\/www.autonvaraosahaku.fi\/index.php?rest_route=%2Fwp%2Fv2%2Fproduct_tag&post=92321"}],"curies":[{"name":"wp","href":"https:\/\/api.w.org\/{rel}","templated":true}]}}