{"id":92328,"date":"2021-02-21T21:37:36","date_gmt":"2021-02-21T21:37:36","guid":{"rendered":"https:\/\/www.autonvaraosahaku.fi\/?product=mahle-original-083-06-n2-mannanrenkaat"},"modified":"2021-02-21T21:37:43","modified_gmt":"2021-02-21T21:37:43","slug":"mahle-original-083-06-n2-mannanrenkaat","status":"publish","type":"product","link":"https:\/\/www.autonvaraosahaku.fi\/?product=mahle-original-083-06-n2-mannanrenkaat","title":{"rendered":"MAHLE ORIGINAL 083 06 N2 M\u00e4nn\u00e4nrenkaat"},"content":{"rendered":"<p>Sylinterin halkaisija [mm]: 84,5; Komponenttinumero: 1. R 1,5 CrK, 2. NM 1,5, 3. 3S 2,0 Cr; Valmistusvuosi alkaen: 09\/1992; LAND ROVER: DEFENDER Station Wagon LD,DEFENDER Pick-up LD_; BMW: 3 E46,5 E39,3 Touring E46,5 Touring E39,3 Coupe E46,3 Compact E36,3 E36,3 Cabriolet E46,7 E38,3 Coupe E36,Z3 E36,5 E34,3 Cabriolet E36,3 Touring E36,5 Touring E34,Z3 Coupe E36; M\u00e4nn\u00e4nrengassarja<\/p>\n","protected":false},"excerpt":{"rendered":"<p>MAHLE ORIGINAL M\u00e4nn\u00e4nrenkaat 083 06 N2 M\u00e4nn\u00e4nrengassarja LAND ROVER,BMW,DEFENDER Station Wagon LD,DEFENDER Pick-up LD_,3 E46,5 E39,3 Touring E46<\/p>\n","protected":false},"featured_media":0,"template":"","meta":{"site-sidebar-layout":"default","site-content-layout":"default","ast-global-header-display":"","ast-main-header-display":"","ast-hfb-above-header-display":"","ast-hfb-below-header-display":"","ast-hfb-mobile-header-display":"","site-post-title":"","ast-breadcrumbs-content":"","ast-featured-img":"","footer-sml-layout":"","theme-transparent-header-meta":"","adv-header-id-meta":"","stick-header-meta":"","header-above-stick-meta":"","header-main-stick-meta":"","header-below-stick-meta":""},"pwb-brand":[153],"product_cat":[154],"product_tag":[],"class_list":{"0":"post-92328","1":"product","2":"type-product","3":"status-publish","5":"pwb-brand-mahle-original","6":"product_cat-mannanrenkaat","7":"desktop-align-left","8":"tablet-align-left","9":"mobile-align-left","11":"first","12":"instock","13":"product-type-external"},"brands":[{"id":153,"name":"MAHLE ORIGINAL","slug":"mahle-original"}],"_links":{"self":[{"href":"https:\/\/www.autonvaraosahaku.fi\/index.php?rest_route=\/wp\/v2\/product\/92328","targetHints":{"allow":["GET"]}}],"collection":[{"href":"https:\/\/www.autonvaraosahaku.fi\/index.php?rest_route=\/wp\/v2\/product"}],"about":[{"href":"https:\/\/www.autonvaraosahaku.fi\/index.php?rest_route=\/wp\/v2\/types\/product"}],"wp:attachment":[{"href":"https:\/\/www.autonvaraosahaku.fi\/index.php?rest_route=%2Fwp%2Fv2%2Fmedia&parent=92328"}],"wp:term":[{"taxonomy":"pwb-brand","embeddable":true,"href":"https:\/\/www.autonvaraosahaku.fi\/index.php?rest_route=%2Fwp%2Fv2%2Fpwb-brand&post=92328"},{"taxonomy":"product_cat","embeddable":true,"href":"https:\/\/www.autonvaraosahaku.fi\/index.php?rest_route=%2Fwp%2Fv2%2Fproduct_cat&post=92328"},{"taxonomy":"product_tag","embeddable":true,"href":"https:\/\/www.autonvaraosahaku.fi\/index.php?rest_route=%2Fwp%2Fv2%2Fproduct_tag&post=92328"}],"curies":[{"name":"wp","href":"https:\/\/api.w.org\/{rel}","templated":true}]}}