{"id":92331,"date":"2021-02-21T21:37:45","date_gmt":"2021-02-21T21:37:45","guid":{"rendered":"https:\/\/www.autonvaraosahaku.fi\/?product=original-imperium-44180-paisuntasailio"},"modified":"2021-02-21T21:37:45","modified_gmt":"2021-02-21T21:37:45","slug":"original-imperium-44180-paisuntasailio","status":"publish","type":"product","link":"https:\/\/www.autonvaraosahaku.fi\/?product=original-imperium-44180-paisuntasailio","title":{"rendered":"ORIGINAL IMPERIUM 44180 Paisuntas\u00e4ili\u00f6"},"content":{"rendered":"<p>Korvaava tuote\/korvaava tiedote 2: tulpalla; Paino [g]: 486; VW: LUPO 6X1, 6E1,GOLF III 1H1,POLO 6N2,POLO 6N1,CADDY II Kasten 9K9A,POLO Variant 6KV5,POLO CLASSIC 6KV2,POLO Kasten 6NF,CADDY II Kombi 9K9B,CADDY II Pick-up 9U7,POLO Kasten 86CF; SEAT: AROSA 6H; 1H0121321A, 1H0121321B, 1H0121321C, 357121321, 357121321A, 357121321C, 6N0121407A, 6N0121407C, 1H0121321A, 1H0121321B, 1H0121321C, 357121321, 357121321A, 357121321C, 6N0121407A, 6N0121407C, 1H0121321A, 1H0121321B, 1H0121321C, 357121321, 357121321A, 357121321C, 6N0121407A, 6N0121407C, 1H0121321A, 1H0121321B, 1H0121321C, 357121321, 357121321A, 357121321C, 6N0121407A, 6N0121407C; Nestes\u00e4ili\u00f6, J\u00e4\u00e4hdytysneste<\/p>\n","protected":false},"excerpt":{"rendered":"<p>ORIGINAL IMPERIUM Paisuntas\u00e4ili\u00f6 44180 Nestes\u00e4ili\u00f6, J\u00e4\u00e4hdytysneste VW,SEAT,LUPO 6X1, 6E1,GOLF III 1H1,POLO 6N2,POLO 6N1,CADDY II Kasten 9K9A<\/p>\n","protected":false},"featured_media":0,"template":"","meta":{"site-sidebar-layout":"default","site-content-layout":"default","ast-global-header-display":"","ast-main-header-display":"","ast-hfb-above-header-display":"","ast-hfb-below-header-display":"","ast-hfb-mobile-header-display":"","site-post-title":"","ast-breadcrumbs-content":"","ast-featured-img":"","footer-sml-layout":"","theme-transparent-header-meta":"","adv-header-id-meta":"","stick-header-meta":"","header-above-stick-meta":"","header-main-stick-meta":"","header-below-stick-meta":""},"pwb-brand":[72],"product_cat":[127],"product_tag":[],"class_list":{"0":"post-92331","1":"product","2":"type-product","3":"status-publish","5":"pwb-brand-original-imperium","6":"product_cat-paisuntasailio","7":"desktop-align-left","8":"tablet-align-left","9":"mobile-align-left","11":"first","12":"instock","13":"product-type-external"},"brands":[{"id":72,"name":"ORIGINAL IMPERIUM","slug":"original-imperium"}],"_links":{"self":[{"href":"https:\/\/www.autonvaraosahaku.fi\/index.php?rest_route=\/wp\/v2\/product\/92331","targetHints":{"allow":["GET"]}}],"collection":[{"href":"https:\/\/www.autonvaraosahaku.fi\/index.php?rest_route=\/wp\/v2\/product"}],"about":[{"href":"https:\/\/www.autonvaraosahaku.fi\/index.php?rest_route=\/wp\/v2\/types\/product"}],"wp:attachment":[{"href":"https:\/\/www.autonvaraosahaku.fi\/index.php?rest_route=%2Fwp%2Fv2%2Fmedia&parent=92331"}],"wp:term":[{"taxonomy":"pwb-brand","embeddable":true,"href":"https:\/\/www.autonvaraosahaku.fi\/index.php?rest_route=%2Fwp%2Fv2%2Fpwb-brand&post=92331"},{"taxonomy":"product_cat","embeddable":true,"href":"https:\/\/www.autonvaraosahaku.fi\/index.php?rest_route=%2Fwp%2Fv2%2Fproduct_cat&post=92331"},{"taxonomy":"product_tag","embeddable":true,"href":"https:\/\/www.autonvaraosahaku.fi\/index.php?rest_route=%2Fwp%2Fv2%2Fproduct_tag&post=92331"}],"curies":[{"name":"wp","href":"https:\/\/api.w.org\/{rel}","templated":true}]}}