{"id":92342,"date":"2021-02-21T21:37:45","date_gmt":"2021-02-21T21:37:45","guid":{"rendered":"https:\/\/www.autonvaraosahaku.fi\/?product=ridex-833c0066-kampiakselin-asentotunnistin"},"modified":"2021-02-21T21:37:49","modified_gmt":"2021-02-21T21:37:49","slug":"ridex-833c0066-kampiakselin-asentotunnistin","status":"publish","type":"product","link":"https:\/\/www.autonvaraosahaku.fi\/?product=ridex-833c0066-kampiakselin-asentotunnistin","title":{"rendered":"RIDEX 833C0066 Kampiakselin asentotunnistin"},"content":{"rendered":"<p>Napojen m\u00e4\u00e4r\u00e4: 3; Kaapelinmitta (mm): 610; Tunnistinmalli: Induktiivi anturi; Vastus [Ohm]: 500; Moottorinumero: BNV; VW: POLO 9N_,LUPO 6X1, 6E1,POLO 6N2,FOX 5Z1, 5Z3,POLO Stufenheck 9A4; AUDI: A2 8Z0; SKODA: FABIA Combi 6Y5,FABIA,FABIA 6Y2,FABIA Combi,ROOMSTER 5J,FABIA Stufenheck 6Y3,ROOMSTER Praktik 5J,FABIA Praktik; SEAT: IBIZA IV 6L1,AROSA 6H,CORDOBA 6L2; 045907319A, 045957147, 045957147C, 045907319A, 045957147, 045957147C, 045907319A, 045957147, 045957147C, 045907319A, 045957147, 045957147C; Kampiakselin Anturi,Impulssianturi, Kampiakseli<\/p>\n","protected":false},"excerpt":{"rendered":"<p>RIDEX Kampiakselin Asentotunnistin 833C0066 Kampiakselin Anturi,Impulssianturi, Kampiakseli VW,AUDI,SKODA,POLO 9N_,LUPO 6X1, 6E1,POLO 6N2,FOX 5Z1, 5Z3<\/p>\n","protected":false},"featured_media":0,"template":"","meta":{"site-sidebar-layout":"default","site-content-layout":"default","ast-global-header-display":"","ast-main-header-display":"","ast-hfb-above-header-display":"","ast-hfb-below-header-display":"","ast-hfb-mobile-header-display":"","site-post-title":"","ast-breadcrumbs-content":"","ast-featured-img":"","footer-sml-layout":"","theme-transparent-header-meta":"","adv-header-id-meta":"","stick-header-meta":"","header-above-stick-meta":"","header-main-stick-meta":"","header-below-stick-meta":""},"pwb-brand":[157],"product_cat":[184],"product_tag":[],"class_list":{"0":"post-92342","1":"product","2":"type-product","3":"status-publish","5":"pwb-brand-ridex","6":"product_cat-kampiakselin-asentotunnistin","7":"desktop-align-left","8":"tablet-align-left","9":"mobile-align-left","11":"first","12":"instock","13":"product-type-external"},"brands":[{"id":157,"name":"RIDEX","slug":"ridex"}],"_links":{"self":[{"href":"https:\/\/www.autonvaraosahaku.fi\/index.php?rest_route=\/wp\/v2\/product\/92342","targetHints":{"allow":["GET"]}}],"collection":[{"href":"https:\/\/www.autonvaraosahaku.fi\/index.php?rest_route=\/wp\/v2\/product"}],"about":[{"href":"https:\/\/www.autonvaraosahaku.fi\/index.php?rest_route=\/wp\/v2\/types\/product"}],"wp:attachment":[{"href":"https:\/\/www.autonvaraosahaku.fi\/index.php?rest_route=%2Fwp%2Fv2%2Fmedia&parent=92342"}],"wp:term":[{"taxonomy":"pwb-brand","embeddable":true,"href":"https:\/\/www.autonvaraosahaku.fi\/index.php?rest_route=%2Fwp%2Fv2%2Fpwb-brand&post=92342"},{"taxonomy":"product_cat","embeddable":true,"href":"https:\/\/www.autonvaraosahaku.fi\/index.php?rest_route=%2Fwp%2Fv2%2Fproduct_cat&post=92342"},{"taxonomy":"product_tag","embeddable":true,"href":"https:\/\/www.autonvaraosahaku.fi\/index.php?rest_route=%2Fwp%2Fv2%2Fproduct_tag&post=92342"}],"curies":[{"name":"wp","href":"https:\/\/api.w.org\/{rel}","templated":true}]}}