{"id":92345,"date":"2021-02-21T21:37:45","date_gmt":"2021-02-21T21:37:45","guid":{"rendered":"https:\/\/www.autonvaraosahaku.fi\/?product=dr-motor-automotive-drm27001-muut-luokat"},"modified":"2021-02-21T21:37:50","modified_gmt":"2021-02-21T21:37:50","slug":"dr-motor-automotive-drm27001-muut-luokat","status":"publish","type":"product","link":"https:\/\/www.autonvaraosahaku.fi\/?product=dr-motor-automotive-drm27001-muut-luokat","title":{"rendered":"DR.MOTOR AUTOMOTIVE DRM27001 Muut luokat"},"content":{"rendered":"<p>Pakokaasunormi: Euro 3 (D3); NISSAN: MICRA III K12,NOTE E11,ALMERA II Hatchback N16,ALMERA Mk II N16,KUBISTAR Kasten X80; SUZUKI: JIMNY FJ; FORD: FOCUS Kombi DNW,FOCUS DAW, DBW,FOCUS Stufenheck DFW,TRANSIT CONNECT P65_, P70_, P80_,TOURNEO CONNECT; DACIA: DUSTER,SANDERO II,LODGY,DOKKER,DOKKER Express,LOGAN EXPRESS FS_,LOGAN Pick-up US_,LOGAN II; RENAULT: CLIO II BB0\/1\/2_, CB0\/1\/2_,CLIO III BR0\/1, CR0\/1,SC\u00c9NIC II JM0\/1_,KANGOO KC0\/1_,TWINGO II CN0_,MODUS \/ GRAND MODUS F\/JP0_,MEGANE II Kombi KM0\/1_,MEGANE II BM0\/1_, CM0\/1_,GRAND SC\u00c9NIC III JZ0\/1_,KANGOO Express FC0\/1_,CLIO Grandtour KR0\/1_,GRAND SC\u00c9NIC II JM0\/1_,CAPTUR,MEGANE II Stufenheck LM0\/1_,CLIO II Kasten SB0\/1\/2_,FLUENCE L30_,THALIA II LU1\/2_; TATA (TELCO): INDIGO 4_V2; 1136184, 1S4Q9F823AA, 9109904, 7701206906; Paineens\u00e4\u00e4t\u00f6venttiili, Common-Rail-J\u00e4rjestelm\u00e4<\/p>\n","protected":false},"excerpt":{"rendered":"<p>DR.MOTOR AUTOMOTIVE Polttoaineen Paineens\u00e4\u00e4din DRM27001 Paineens\u00e4\u00e4t\u00f6venttiili, Common-Rail-J\u00e4rjestelm\u00e4 NISSAN,SUZUKI,FORD,MICRA III K12,NOTE E11<\/p>\n","protected":false},"featured_media":0,"template":"","meta":{"site-sidebar-layout":"default","site-content-layout":"default","ast-global-header-display":"","ast-main-header-display":"","ast-hfb-above-header-display":"","ast-hfb-below-header-display":"","ast-hfb-mobile-header-display":"","site-post-title":"","ast-breadcrumbs-content":"","ast-featured-img":"","footer-sml-layout":"","theme-transparent-header-meta":"","adv-header-id-meta":"","stick-header-meta":"","header-above-stick-meta":"","header-main-stick-meta":"","header-below-stick-meta":""},"pwb-brand":[163],"product_cat":[37],"product_tag":[],"class_list":{"0":"post-92345","1":"product","2":"type-product","3":"status-publish","5":"pwb-brand-dr-motor-automotive","6":"product_cat-muut-luokat","7":"desktop-align-left","8":"tablet-align-left","9":"mobile-align-left","11":"first","12":"instock","13":"product-type-external"},"brands":[{"id":163,"name":"DR.MOTOR AUTOMOTIVE","slug":"dr-motor-automotive"}],"_links":{"self":[{"href":"https:\/\/www.autonvaraosahaku.fi\/index.php?rest_route=\/wp\/v2\/product\/92345","targetHints":{"allow":["GET"]}}],"collection":[{"href":"https:\/\/www.autonvaraosahaku.fi\/index.php?rest_route=\/wp\/v2\/product"}],"about":[{"href":"https:\/\/www.autonvaraosahaku.fi\/index.php?rest_route=\/wp\/v2\/types\/product"}],"wp:attachment":[{"href":"https:\/\/www.autonvaraosahaku.fi\/index.php?rest_route=%2Fwp%2Fv2%2Fmedia&parent=92345"}],"wp:term":[{"taxonomy":"pwb-brand","embeddable":true,"href":"https:\/\/www.autonvaraosahaku.fi\/index.php?rest_route=%2Fwp%2Fv2%2Fpwb-brand&post=92345"},{"taxonomy":"product_cat","embeddable":true,"href":"https:\/\/www.autonvaraosahaku.fi\/index.php?rest_route=%2Fwp%2Fv2%2Fproduct_cat&post=92345"},{"taxonomy":"product_tag","embeddable":true,"href":"https:\/\/www.autonvaraosahaku.fi\/index.php?rest_route=%2Fwp%2Fv2%2Fproduct_tag&post=92345"}],"curies":[{"name":"wp","href":"https:\/\/api.w.org\/{rel}","templated":true}]}}