{"id":92346,"date":"2021-02-21T21:37:45","date_gmt":"2021-02-21T21:37:45","guid":{"rendered":"https:\/\/www.autonvaraosahaku.fi\/?product=corteco-423153p-oljypohjan-tiiviste"},"modified":"2021-02-21T21:37:51","modified_gmt":"2021-02-21T21:37:51","slug":"corteco-423153p-oljypohjan-tiiviste","status":"publish","type":"product","link":"https:\/\/www.autonvaraosahaku.fi\/?product=corteco-423153p-oljypohjan-tiiviste","title":{"rendered":"CORTECO 423153P \u00d6ljypohjan tiiviste"},"content":{"rendered":"<p>TECDOC-moottorinumero: 619; ROVER: 100 \/ METRO XP; CITRO\u00cbN: BERLINGO MF,XSARA PICASSO N68,C2 JM_,C3 I FC_,SAXO S0, S1,BERLINGO Kasten M_,C3 II,XSARA N1,C3 Pluriel HB_,XSARA Break N2,XSARA Coupe N0,AX ZA-_,NEMO Kasten AA_,ZX N2,BX XB-_,NEMO Kombi,ZX Break N2,BX Break XB-_,C15 VD-_,C15 Kombi; PEUGEOT: 206 Schr\u00e4gheck 2A\/C,207 WA_, WC_,307 3A\/C,206 SW 2E\/K,106 II 1,206+ T3E,306 Schr\u00e4gheck 7A, 7C, N3, N5,1007 KM_,PARTNER Combispace 5F,106 I 1A, 1C,205 II 20A\/C,PARTNER Kasten 5,306 Break 7E, N3, N5,306 7B, N3, N5,205 I Cabriolet 741B, 20D,206 Stufenheck,BIPPER AA_,309 II 3C, 3A,BIPPER Tepee,405 I 15B,405 II 4B,309 I 10C, 10A,405 II Break 4E,405 I Break 15E,205 Kasten; Tiiviste, \u00d6ljypohja<\/p>\n","protected":false},"excerpt":{"rendered":"<p>CORTECO \u00d6ljypohjan Tiiviste 423153P Tiiviste, \u00d6ljypohja ROVER,CITRO\u00cbN,PEUGEOT,100 \/ METRO XP,BERLINGO MF,XSARA PICASSO N68,C2 JM_,C3 I FC_,SAXO S0, S1<\/p>\n","protected":false},"featured_media":0,"template":"","meta":{"site-sidebar-layout":"default","site-content-layout":"default","ast-global-header-display":"","ast-main-header-display":"","ast-hfb-above-header-display":"","ast-hfb-below-header-display":"","ast-hfb-mobile-header-display":"","site-post-title":"","ast-breadcrumbs-content":"","ast-featured-img":"","footer-sml-layout":"","theme-transparent-header-meta":"","adv-header-id-meta":"","stick-header-meta":"","header-above-stick-meta":"","header-main-stick-meta":"","header-below-stick-meta":""},"pwb-brand":[53],"product_cat":[180],"product_tag":[],"class_list":{"0":"post-92346","1":"product","2":"type-product","3":"status-publish","5":"pwb-brand-corteco","6":"product_cat-oljypohjan-tiiviste","7":"desktop-align-left","8":"tablet-align-left","9":"mobile-align-left","11":"first","12":"instock","13":"product-type-external"},"brands":[{"id":53,"name":"CORTECO","slug":"corteco"}],"_links":{"self":[{"href":"https:\/\/www.autonvaraosahaku.fi\/index.php?rest_route=\/wp\/v2\/product\/92346","targetHints":{"allow":["GET"]}}],"collection":[{"href":"https:\/\/www.autonvaraosahaku.fi\/index.php?rest_route=\/wp\/v2\/product"}],"about":[{"href":"https:\/\/www.autonvaraosahaku.fi\/index.php?rest_route=\/wp\/v2\/types\/product"}],"wp:attachment":[{"href":"https:\/\/www.autonvaraosahaku.fi\/index.php?rest_route=%2Fwp%2Fv2%2Fmedia&parent=92346"}],"wp:term":[{"taxonomy":"pwb-brand","embeddable":true,"href":"https:\/\/www.autonvaraosahaku.fi\/index.php?rest_route=%2Fwp%2Fv2%2Fpwb-brand&post=92346"},{"taxonomy":"product_cat","embeddable":true,"href":"https:\/\/www.autonvaraosahaku.fi\/index.php?rest_route=%2Fwp%2Fv2%2Fproduct_cat&post=92346"},{"taxonomy":"product_tag","embeddable":true,"href":"https:\/\/www.autonvaraosahaku.fi\/index.php?rest_route=%2Fwp%2Fv2%2Fproduct_tag&post=92346"}],"curies":[{"name":"wp","href":"https:\/\/api.w.org\/{rel}","templated":true}]}}