{"id":92353,"date":"2021-02-21T21:37:53","date_gmt":"2021-02-21T21:37:53","guid":{"rendered":"https:\/\/www.autonvaraosahaku.fi\/?product=a-b-s-15946-jarrulevyt"},"modified":"2021-02-21T21:37:54","modified_gmt":"2021-02-21T21:37:54","slug":"a-b-s-15946-jarrulevyt","status":"publish","type":"product","link":"https:\/\/www.autonvaraosahaku.fi\/?product=a-b-s-15946-jarrulevyt","title":{"rendered":"A.B.S. 15946 Jarrulevyt"},"content":{"rendered":"<p>Ulkol\u00e4pimitta [mm]: 235; Jarrulevyn paksuus (mm): 18; V\u00e4himm\u00e4ispaksuus (mm): 16; Korkeus (mm): 45; Vanne, aukkoja: 4; Jarrulevytyyppi: Tuuletettu; keskitt\u00e4misl\u00e4pimitta [mm]: 55; Reik\u00e4ympyr\u00e4-\u00d8 [mm]: 100; Paino [kg]: 3,69; Asennuspuoli: Vorderachse; MAZDA: MX-5 I NA,323 P V BA,323 C IV BG,FAMILIA IV BF,FAMILIA V BA,FAMILIA V BG8,FAMILIA IV BG; NA013325, NA013325A, NA013325X, NA013325XA, NA013325XC, NA013325XD, NAO13325XA, SA013325X; Jarrulevy<\/p>\n","protected":false},"excerpt":{"rendered":"<p>A.B.S. Jarrulevyt 15946 Jarrulevy MAZDA,MX-5 I NA,323 P V BA,323 C IV BG,FAMILIA IV BF,FAMILIA V BA,FAMILIA V BG8,FAMILIA IV BG<\/p>\n","protected":false},"featured_media":0,"template":"","meta":{"site-sidebar-layout":"default","site-content-layout":"default","ast-global-header-display":"","ast-main-header-display":"","ast-hfb-above-header-display":"","ast-hfb-below-header-display":"","ast-hfb-mobile-header-display":"","site-post-title":"","ast-breadcrumbs-content":"","ast-featured-img":"","footer-sml-layout":"","theme-transparent-header-meta":"","adv-header-id-meta":"","stick-header-meta":"","header-above-stick-meta":"","header-main-stick-meta":"","header-below-stick-meta":""},"pwb-brand":[326],"product_cat":[66],"product_tag":[],"class_list":{"0":"post-92353","1":"product","2":"type-product","3":"status-publish","5":"pwb-brand-a-b-s","6":"product_cat-jarrulevyt","7":"desktop-align-left","8":"tablet-align-left","9":"mobile-align-left","11":"first","12":"instock","13":"product-type-external"},"brands":[{"id":326,"name":"A.B.S.","slug":"a-b-s"}],"_links":{"self":[{"href":"https:\/\/www.autonvaraosahaku.fi\/index.php?rest_route=\/wp\/v2\/product\/92353","targetHints":{"allow":["GET"]}}],"collection":[{"href":"https:\/\/www.autonvaraosahaku.fi\/index.php?rest_route=\/wp\/v2\/product"}],"about":[{"href":"https:\/\/www.autonvaraosahaku.fi\/index.php?rest_route=\/wp\/v2\/types\/product"}],"wp:attachment":[{"href":"https:\/\/www.autonvaraosahaku.fi\/index.php?rest_route=%2Fwp%2Fv2%2Fmedia&parent=92353"}],"wp:term":[{"taxonomy":"pwb-brand","embeddable":true,"href":"https:\/\/www.autonvaraosahaku.fi\/index.php?rest_route=%2Fwp%2Fv2%2Fpwb-brand&post=92353"},{"taxonomy":"product_cat","embeddable":true,"href":"https:\/\/www.autonvaraosahaku.fi\/index.php?rest_route=%2Fwp%2Fv2%2Fproduct_cat&post=92353"},{"taxonomy":"product_tag","embeddable":true,"href":"https:\/\/www.autonvaraosahaku.fi\/index.php?rest_route=%2Fwp%2Fv2%2Fproduct_tag&post=92353"}],"curies":[{"name":"wp","href":"https:\/\/api.w.org\/{rel}","templated":true}]}}