{"id":92355,"date":"2021-02-21T21:37:53","date_gmt":"2021-02-21T21:37:53","guid":{"rendered":"https:\/\/www.autonvaraosahaku.fi\/?product=pascal-g1f025pc-vetonivel"},"modified":"2021-02-21T21:37:55","modified_gmt":"2021-02-21T21:37:55","slug":"pascal-g1f025pc-vetonivel","status":"publish","type":"product","link":"https:\/\/www.autonvaraosahaku.fi\/?product=pascal-g1f025pc-vetonivel","title":{"rendered":"PASCAL G1F025PC Vetonivel"},"content":{"rendered":"<p>Ulkohammastus, py\u00f6r\u00e4npuoli: 20; Sis\u00e4hammastus, py\u00f6r\u00e4npuoli: 20; Tiivisteen l\u00e4pimitta [mm]: 43,1; Ulkol\u00e4pimitta [mm]: 81; Asennuspuoli: Py\u00f6r\u00e4n puoli; Vaihteistomalli: Schaltgetriebe; FIAT: PANDA 141A_,UNO 146A\/E,X 1\/9 128 AS,127,FIORINO Kasten 146,128 Coupe,128,PANDA Van 141_,FIORINO Pick up 146,FIORINO 147,127 Panorama,128 Familiare,FIORINO 127,147; SEAT: MARBELLA 28,TERRA Kasten 024A,127 127A,MARBELLA Kasten 028A,TERRA 24,128,PANDA 141A,FURA 025A; LANCIA: Y10 156,A 112; AUTOBIANCHI: A 112,Y10; ZASTAVA: 101 1100,YUGO,YUGO FLORIDA; INNOCENTI: MINI; Nivelsarja, Vetoakseli<\/p>\n","protected":false},"excerpt":{"rendered":"<p>PASCAL Vetonivel G1F025PC Nivelsarja, Vetoakseli FIAT,SEAT,LANCIA,PANDA 141A_,UNO 146A\/E,X 1\/9 128 AS,127,FIORINO Kasten 146,128 Coupe,128<\/p>\n","protected":false},"featured_media":0,"template":"","meta":{"site-sidebar-layout":"default","site-content-layout":"default","ast-global-header-display":"","ast-main-header-display":"","ast-hfb-above-header-display":"","ast-hfb-below-header-display":"","ast-hfb-mobile-header-display":"","site-post-title":"","ast-breadcrumbs-content":"","ast-featured-img":"","footer-sml-layout":"","theme-transparent-header-meta":"","adv-header-id-meta":"","stick-header-meta":"","header-above-stick-meta":"","header-main-stick-meta":"","header-below-stick-meta":""},"pwb-brand":[358],"product_cat":[175],"product_tag":[],"class_list":{"0":"post-92355","1":"product","2":"type-product","3":"status-publish","5":"pwb-brand-pascal","6":"product_cat-vetonivel","7":"desktop-align-left","8":"tablet-align-left","9":"mobile-align-left","11":"first","12":"instock","13":"product-type-external"},"brands":[{"id":358,"name":"PASCAL","slug":"pascal"}],"_links":{"self":[{"href":"https:\/\/www.autonvaraosahaku.fi\/index.php?rest_route=\/wp\/v2\/product\/92355","targetHints":{"allow":["GET"]}}],"collection":[{"href":"https:\/\/www.autonvaraosahaku.fi\/index.php?rest_route=\/wp\/v2\/product"}],"about":[{"href":"https:\/\/www.autonvaraosahaku.fi\/index.php?rest_route=\/wp\/v2\/types\/product"}],"wp:attachment":[{"href":"https:\/\/www.autonvaraosahaku.fi\/index.php?rest_route=%2Fwp%2Fv2%2Fmedia&parent=92355"}],"wp:term":[{"taxonomy":"pwb-brand","embeddable":true,"href":"https:\/\/www.autonvaraosahaku.fi\/index.php?rest_route=%2Fwp%2Fv2%2Fpwb-brand&post=92355"},{"taxonomy":"product_cat","embeddable":true,"href":"https:\/\/www.autonvaraosahaku.fi\/index.php?rest_route=%2Fwp%2Fv2%2Fproduct_cat&post=92355"},{"taxonomy":"product_tag","embeddable":true,"href":"https:\/\/www.autonvaraosahaku.fi\/index.php?rest_route=%2Fwp%2Fv2%2Fproduct_tag&post=92355"}],"curies":[{"name":"wp","href":"https:\/\/api.w.org\/{rel}","templated":true}]}}