{"id":92384,"date":"2021-02-21T21:38:01","date_gmt":"2021-02-21T21:38:01","guid":{"rendered":"https:\/\/www.autonvaraosahaku.fi\/?product=ridex-9f0050-polttoainesuodatin"},"modified":"2021-02-21T21:38:06","modified_gmt":"2021-02-21T21:38:06","slug":"ridex-9f0050-polttoainesuodatin","status":"publish","type":"product","link":"https:\/\/www.autonvaraosahaku.fi\/?product=ridex-9f0050-polttoainesuodatin","title":{"rendered":"RIDEX 9F0050 Polttoainesuodatin"},"content":{"rendered":"<p>Ulkol\u00e4pimitta [mm]: 75; Kierre sis\u00e4\u00e4ntulo: M 14&#215;1,5; Kierre ulostulo: M 12&#215;1,25; Korkeus (mm): 115; Suodatintyyppi: Ruuvattava suodatin; Paino [kg]: 0,26; Valmistusvuoteen: 12\/1995; HONDA: CR-V III RE,CIVIC VII Hatchback EU, EP, EV,CR-V II RD_,CIVIC VI Hatchback EJ, EK,CIVIC VI Fastback MA, MB,CRX III EH, EG,LOGO GA3,CIVIC VI Aerodeck MB, MC,CR-V I RD,HR-V GH,PRELUDE V BB,ACCORD V CE, CF,CIVIC VI Stufenheck EJ, EK,CIVIC VI Coupe EJ, EM1,SHUTTLE RA,INTEGRA Coupe DC2, DC4,ACCORD V Aerodeck CE,LEGEND III KA9,ACCORD V Coupe CD,ODYSSEY RB_,ACCORD IV Coupe CB, CC,INTEGRA DC5,CIVIC II Shuttle EE; TOYOTA: STARLET EP91,STARLET _P8_,PASEO Coupe EL54,PASEO Cabriolet EL54; ROVER: 600 RH,400 RT,400 Hatchback RT,400 Tourer XW; 16010S01A30, 16010S01A31, 16010S01A32, 16010ST5931, 16010ST5932, 16010ST5933, 16010ST5E01, 16010ST5E02, 2330019246, 2330019265, 2330019385, 2330019415, 2330019475<\/p>\n","protected":false},"excerpt":{"rendered":"<p>RIDEX Polttoainesuodatin 9F0050  HONDA,TOYOTA,ROVER,CR-V III RE,CIVIC VII Hatchback EU, EP, EV,CR-V II RD_,CIVIC VI Hatchback EJ, EK<\/p>\n","protected":false},"featured_media":0,"template":"","meta":{"site-sidebar-layout":"default","site-content-layout":"default","ast-global-header-display":"","ast-main-header-display":"","ast-hfb-above-header-display":"","ast-hfb-below-header-display":"","ast-hfb-mobile-header-display":"","site-post-title":"","ast-breadcrumbs-content":"","ast-featured-img":"","footer-sml-layout":"","theme-transparent-header-meta":"","adv-header-id-meta":"","stick-header-meta":"","header-above-stick-meta":"","header-main-stick-meta":"","header-below-stick-meta":""},"pwb-brand":[157],"product_cat":[29],"product_tag":[],"class_list":{"0":"post-92384","1":"product","2":"type-product","3":"status-publish","5":"pwb-brand-ridex","6":"product_cat-polttoainesuodatin","7":"desktop-align-left","8":"tablet-align-left","9":"mobile-align-left","11":"first","12":"instock","13":"product-type-external"},"brands":[{"id":157,"name":"RIDEX","slug":"ridex"}],"_links":{"self":[{"href":"https:\/\/www.autonvaraosahaku.fi\/index.php?rest_route=\/wp\/v2\/product\/92384","targetHints":{"allow":["GET"]}}],"collection":[{"href":"https:\/\/www.autonvaraosahaku.fi\/index.php?rest_route=\/wp\/v2\/product"}],"about":[{"href":"https:\/\/www.autonvaraosahaku.fi\/index.php?rest_route=\/wp\/v2\/types\/product"}],"wp:attachment":[{"href":"https:\/\/www.autonvaraosahaku.fi\/index.php?rest_route=%2Fwp%2Fv2%2Fmedia&parent=92384"}],"wp:term":[{"taxonomy":"pwb-brand","embeddable":true,"href":"https:\/\/www.autonvaraosahaku.fi\/index.php?rest_route=%2Fwp%2Fv2%2Fpwb-brand&post=92384"},{"taxonomy":"product_cat","embeddable":true,"href":"https:\/\/www.autonvaraosahaku.fi\/index.php?rest_route=%2Fwp%2Fv2%2Fproduct_cat&post=92384"},{"taxonomy":"product_tag","embeddable":true,"href":"https:\/\/www.autonvaraosahaku.fi\/index.php?rest_route=%2Fwp%2Fv2%2Fproduct_tag&post=92384"}],"curies":[{"name":"wp","href":"https:\/\/api.w.org\/{rel}","templated":true}]}}