{"id":92413,"date":"2021-02-21T21:38:17","date_gmt":"2021-02-21T21:38:17","guid":{"rendered":"https:\/\/www.autonvaraosahaku.fi\/?product=meyle-014-047-0033-polttoainesuodatin"},"modified":"2021-02-21T21:38:19","modified_gmt":"2021-02-21T21:38:19","slug":"meyle-014-047-0033-polttoainesuodatin","status":"publish","type":"product","link":"https:\/\/www.autonvaraosahaku.fi\/?product=meyle-014-047-0033-polttoainesuodatin","title":{"rendered":"MEYLE 014 047 0033 Polttoainesuodatin"},"content":{"rendered":"<p>Liitinkierre: M12x1,5; L\u00e4pimitta [mm]: 82; Suodatintyyppi: Ruuvattava suodatin; Kierremitta: M14X1,5; Materiaali: Ter\u00e4s; Korkeus (mm): 144,5; lis\u00e4tieto: ORIGINAL Quality; Valmistusvuoteen: 08\/1986; MERCEDES-BENZ: C-CLASS W202,190 W201,Stufenheck W124,SL R107,Stufenheck W123,S-CLASS W126,KOMBI Kombi S124,E-CLASS W124,COUPE C124,G-CLASS W460,E-CLASS Kombi S124,COUPE C123,S-CLASS W116,S-CLASS Coupe C126,KOMBI Kombi S123,E-CLASS Cabriolet A124,SL Coupe C107,E-CLASS Coupe C124; 0014770301, 0014771301, 0014771401, 0014775001, 0014775901, 0014778401, 0014778701, 0014778901, 0024770301, 0024770401, 0024770601, 0024770701, 0024770801, 0024771801, 0024771901, 0024772001, 0024774501, 4220900252<\/p>\n","protected":false},"excerpt":{"rendered":"<p>MEYLE Polttoainesuodatin 014 047 0033  MERCEDES-BENZ,C-CLASS W202,190 W201,Stufenheck W124,SL R107,Stufenheck W123,S-CLASS W126,KOMBI Kombi S124<\/p>\n","protected":false},"featured_media":0,"template":"","meta":{"site-sidebar-layout":"default","site-content-layout":"default","ast-global-header-display":"","ast-main-header-display":"","ast-hfb-above-header-display":"","ast-hfb-below-header-display":"","ast-hfb-mobile-header-display":"","site-post-title":"","ast-breadcrumbs-content":"","ast-featured-img":"","footer-sml-layout":"","theme-transparent-header-meta":"","adv-header-id-meta":"","stick-header-meta":"","header-above-stick-meta":"","header-main-stick-meta":"","header-below-stick-meta":""},"pwb-brand":[84],"product_cat":[29],"product_tag":[],"class_list":{"0":"post-92413","1":"product","2":"type-product","3":"status-publish","5":"pwb-brand-meyle","6":"product_cat-polttoainesuodatin","7":"desktop-align-left","8":"tablet-align-left","9":"mobile-align-left","11":"first","12":"instock","13":"product-type-external"},"brands":[{"id":84,"name":"MEYLE","slug":"meyle"}],"_links":{"self":[{"href":"https:\/\/www.autonvaraosahaku.fi\/index.php?rest_route=\/wp\/v2\/product\/92413","targetHints":{"allow":["GET"]}}],"collection":[{"href":"https:\/\/www.autonvaraosahaku.fi\/index.php?rest_route=\/wp\/v2\/product"}],"about":[{"href":"https:\/\/www.autonvaraosahaku.fi\/index.php?rest_route=\/wp\/v2\/types\/product"}],"wp:attachment":[{"href":"https:\/\/www.autonvaraosahaku.fi\/index.php?rest_route=%2Fwp%2Fv2%2Fmedia&parent=92413"}],"wp:term":[{"taxonomy":"pwb-brand","embeddable":true,"href":"https:\/\/www.autonvaraosahaku.fi\/index.php?rest_route=%2Fwp%2Fv2%2Fpwb-brand&post=92413"},{"taxonomy":"product_cat","embeddable":true,"href":"https:\/\/www.autonvaraosahaku.fi\/index.php?rest_route=%2Fwp%2Fv2%2Fproduct_cat&post=92413"},{"taxonomy":"product_tag","embeddable":true,"href":"https:\/\/www.autonvaraosahaku.fi\/index.php?rest_route=%2Fwp%2Fv2%2Fproduct_tag&post=92413"}],"curies":[{"name":"wp","href":"https:\/\/api.w.org\/{rel}","templated":true}]}}