{"id":92418,"date":"2021-02-21T21:38:17","date_gmt":"2021-02-21T21:38:17","guid":{"rendered":"https:\/\/www.autonvaraosahaku.fi\/?product=meyle-014-830-0006-polttoainepumpun-rele"},"modified":"2021-02-21T21:38:21","modified_gmt":"2021-02-21T21:38:21","slug":"meyle-014-830-0006-polttoainepumpun-rele","status":"publish","type":"product","link":"https:\/\/www.autonvaraosahaku.fi\/?product=meyle-014-830-0006-polttoainepumpun-rele","title":{"rendered":"MEYLE 014 830 0006 Polttoainepumpun rele"},"content":{"rendered":"<p>K\u00e4ytt\u00f6j\u00e4nnite [V]: 12; Nimellisteho (W): 360; Nimellisvirta [A]: 30; Yhdistelm\u00e4kytkintoiminto: Sulkija; L\u00e4mp\u00f6alue alkaen [\u00b0C]: -40; L\u00e4mp\u00f6tila-alue korkeintaan [\u00b0C]: 125; Pituus (mm): 23; Leveys (mm): 15; Korkeus (mm): 25; V\u00e4ri: Musta; Napojen m\u00e4\u00e4r\u00e4: 4; lis\u00e4tieto: ORIGINAL Quality; MERCEDES-BENZ: C-CLASS W203,E-CLASS W211,C-CLASS W204,A-CLASS W168,C-CLASS T-Model S203,C-CLASS W202,E-CLASS T-Model S211,E-CLASS W210,M-CLASS W164,C-CLASS Coupe CL203,M-CLASS W163,E-CLASS Kombi S210,SLK R171,CLK C208,SL R129,CLK C209,C-CLASS Kombi S202,S-CLASS W220,S-CLASS W221,CLS C219,SL R230,R-CLASS W251, V251,G-CLASS W463,CLK Cabriolet A208,CLK Cabriolet A209,GL-CLASS X164,S-CLASS Coupe C215,S-CLASS Coupe C216,G-CLASS Cabrio W463; SMART: FORTWO Coupe 451,FORTWO Cabrio 451; 0025421119, 0025428319, 0025428319; Rele, Polttoainepumppu<\/p>\n","protected":false},"excerpt":{"rendered":"<p>MEYLE Polttoainepumpun Rele 014 830 0006 Rele, Polttoainepumppu MERCEDES-BENZ,SMART,C-CLASS W203,E-CLASS W211,C-CLASS W204,A-CLASS W168<\/p>\n","protected":false},"featured_media":0,"template":"","meta":{"site-sidebar-layout":"default","site-content-layout":"default","ast-global-header-display":"","ast-main-header-display":"","ast-hfb-above-header-display":"","ast-hfb-below-header-display":"","ast-hfb-mobile-header-display":"","site-post-title":"","ast-breadcrumbs-content":"","ast-featured-img":"","footer-sml-layout":"","theme-transparent-header-meta":"","adv-header-id-meta":"","stick-header-meta":"","header-above-stick-meta":"","header-main-stick-meta":"","header-below-stick-meta":""},"pwb-brand":[84],"product_cat":[132],"product_tag":[],"class_list":{"0":"post-92418","1":"product","2":"type-product","3":"status-publish","5":"pwb-brand-meyle","6":"product_cat-polttoainepumpun-rele","7":"desktop-align-left","8":"tablet-align-left","9":"mobile-align-left","11":"first","12":"instock","13":"product-type-external"},"brands":[{"id":84,"name":"MEYLE","slug":"meyle"}],"_links":{"self":[{"href":"https:\/\/www.autonvaraosahaku.fi\/index.php?rest_route=\/wp\/v2\/product\/92418","targetHints":{"allow":["GET"]}}],"collection":[{"href":"https:\/\/www.autonvaraosahaku.fi\/index.php?rest_route=\/wp\/v2\/product"}],"about":[{"href":"https:\/\/www.autonvaraosahaku.fi\/index.php?rest_route=\/wp\/v2\/types\/product"}],"wp:attachment":[{"href":"https:\/\/www.autonvaraosahaku.fi\/index.php?rest_route=%2Fwp%2Fv2%2Fmedia&parent=92418"}],"wp:term":[{"taxonomy":"pwb-brand","embeddable":true,"href":"https:\/\/www.autonvaraosahaku.fi\/index.php?rest_route=%2Fwp%2Fv2%2Fpwb-brand&post=92418"},{"taxonomy":"product_cat","embeddable":true,"href":"https:\/\/www.autonvaraosahaku.fi\/index.php?rest_route=%2Fwp%2Fv2%2Fproduct_cat&post=92418"},{"taxonomy":"product_tag","embeddable":true,"href":"https:\/\/www.autonvaraosahaku.fi\/index.php?rest_route=%2Fwp%2Fv2%2Fproduct_tag&post=92418"}],"curies":[{"name":"wp","href":"https:\/\/api.w.org\/{rel}","templated":true}]}}